{"id":2065,"date":"2025-06-27T20:16:53","date_gmt":"2025-06-27T20:16:53","guid":{"rendered":"https:\/\/orthopedics.test-southcoast-health-multi.southcoast-health.org\/?page_id=2065"},"modified":"2025-12-02T16:36:29","modified_gmt":"2025-12-02T16:36:29","slug":"total-joint-replacement","status":"publish","type":"page","link":"https:\/\/orthopedics.southcoast.org\/es\/all-areas-of-care\/total-joint-replacement\/","title":{"rendered":"Sustituci\u00f3n total de articulaciones"},"content":{"rendered":"<div  class=\"blockSettings    hero-main-block show-breadcrumbs\" style=\"\"><div class=\"background\"><\/div>\n<div class=\"container\">\n\n    <div class=\"breadcrumbsWrapper desktop-breadcrumbs\"><nav id=\"breadcrumbs\" aria-label=\"Migas de pan\"><ol><li><a href=\"https:\/\/orthopedics.southcoast.org\/es\/\"><i class=\"fa-regular fa-house\"><\/i><span class=\"visually-hidden\">Inicio<\/span><\/a><\/li><\/ol><\/nav><\/div><div class=\"breadcrumbsWrapper mobile-breadcrumbs\"><p id=\"mobile-breadcrumbs\"><span><span><a href=\"https:\/\/orthopedics.southcoast.org\/es\"><i class=\"far fa-home\"><\/i><\/a><\/span> <i class=\"fa-solid fa-chevron-right separator\"><\/i> <span><a href=\"https:\/\/orthopedics.southcoast.org\/es\/all-areas-of-care\/\">Todos los \u00e1mbitos asistenciales<\/a><\/span><\/span><\/p><\/div>    <div class=\"grid\">\n        <div class=\"col-bleed-y\">\n            <div class=\"inner-wrap\">\n                <div class=\"content-col\">\n                                            <h1>Sustituci\u00f3n total de articulaciones\u00a0<\/h1>\n                                        <div class=\"copy-wrap\">\n                                                    <p>En Southcoast Health, entendemos c\u00f3mo el dolor articular puede interferir con las actividades cotidianas que le gustan. Tanto si acaba de empezar a notar los s\u00edntomas como si lleva a\u00f1os padeciendo artritis de cadera o rodilla, nuestro equipo de expertos est\u00e1 aqu\u00ed para ayudarle. Utilizamos las \u00faltimas t\u00e9cnicas quir\u00fargicas y no quir\u00fargicas para restaurar la movilidad de las articulaciones, comenzando con planes de atenci\u00f3n personalizados adaptados a sus necesidades \u00fanicas.<\/p>\n                                            <\/div>\n                                            <div class=\"cta-wrap\">\n                                                            <a aria-label=\"link to Apoyo a la pr\u00f3tesis articular\" class=\"mainCTA shadow dark1\" href=\"https:\/\/orthopedics.southcoast.org\/es\/homepage\/programs\/total-and-partial-joint-replacement\/\" title=\"Apoyo a la sustituci\u00f3n articular abierta\" >Apoyo a las pr\u00f3tesis articulares<\/a>                                                                                        <a aria-label=\"enlace para concertar una cita\" class=\"mainCTA shadow dark1\" href=\"https:\/\/www.southcoast.org\/find-a-provider\/?query=Orthopedics\" target=\"_blank\" title=\"Abre Reservar una cita en una nueva pesta\u00f1a o ventana\" rel=\"noopener noreferrer\">Concierte una cita<span class=\"fa-regular fa-up-right-from-square\"><\/span><\/a>                                                    <\/div>\n                                    <\/div>\n                <div class=\"media-col\">\n                                            <img\n                            class=\"main-img\"\n                            src=\"https:\/\/orthopedics.southcoast.org\/wp-content\/uploads\/sites\/4\/2025\/06\/orthopedics_total_joint_replacement_hero.webp\"\n                                                        srcset=\"https:\/\/orthopedics.southcoast.org\/wp-content\/uploads\/sites\/4\/2025\/06\/orthopedics_total_joint_replacement_hero.webp 672w, https:\/\/orthopedics.southcoast.org\/wp-content\/uploads\/sites\/4\/2025\/06\/orthopedics_total_joint_replacement_hero-300x222.webp 300w\"\n                            sizes=\"(max-width: 768px) 100vw, (max-width: 1200px) 50vw, 800px\"\n                                                        alt=\"\"\n                            loading=\"eager\"\n                            decoding=\"async\"\n                            fetchpriority=\"high\">\n                                                            <img decoding=\"async\" class=\"corner-art\" src=\"https:\/\/orthopedics.southcoast.org\/wp-content\/themes\/southcoast_multisite\/images\/corner-art.svg\">\n                <\/div>\n            <\/div>\n        <\/div>\n    <\/div>\n<\/div>\n\n<script>\n    document.querySelectorAll('.play-button').forEach(button => {\n        button.addEventListener('click', function() {\n            const modal = this.nextElementSibling;\n            modal.style.display = 'block';\n            document.body.style.overflow = 'hidden';\n        });\n    });\n\n    document.querySelectorAll('.close-modal, .modal-overlay').forEach(element => {\n        element.addEventListener('click', function() {\n            const modal = this.closest('.video-modal');\n            modal.style.display = 'none';\n            document.body.style.overflow = '';\n        });\n    });\n<\/script>\n<\/div>\n\n\n\n\n<div  class=\"blockSettings  paddingTopMD paddingBottomMD bannerFluid light\" style=\"background-color:#f6f7f7;\"><div class=\"container\">\n    <div class=\"grid\">\n        <div class=\"col-sm-12\">\n            <div class=\"inner\">\n                                    <img decoding=\"async\" class=\"pulse\" src=\"https:\/\/orthopedics.southcoast.org\/wp-content\/themes\/southcoast_multisite\/images\/pulse.svg\" alt=\"\">\n                                <div class=\"copy\">\n                        <div class=\"mainCopyWrap\">\n            <h3>Si el dolor cr\u00f3nico de cadera o rodilla le impide hacer las cosas que le gustan, descubra c\u00f3mo nuestro enfoque multimodal en equipo ha ayudado a miles de personas a recuperar un estilo de vida activo y sin dolor.  <\/h3>\n        <\/div>\n                    <\/div>\n                <div class=\"media\">\n                    \n                        <img decoding=\"async\" class=\"doctor\" src=\"https:\/\/orthopedics.southcoast.org\/wp-content\/uploads\/sites\/4\/2025\/08\/Vanessa-Valcorba-Orthopedics-1.png\" alt=\"\">\n                        <img decoding=\"async\" class=\"graphical\" src=\"https:\/\/orthopedics.southcoast.org\/wp-content\/themes\/southcoast_multisite\/images\/corner-art.svg\" alt=\"\">\n\n\n                                    <\/div>\n            <\/div>\n        <\/div>\n    <\/div>\n<\/div>\n<\/div>\n\n\n<div  class=\"blockSettings  paddingTopNone paddingBottomMD multiple-media-object-block light\" style=\"background-color:#f6f7f7;\"><div class=\"container\">\n    <div class=\"grid\">\n        <div class=\"col-sm-12\">\n            <div class=\"inner left disc\">\n                <div class=\"copy\">\n                        <div class=\"mainCopyWrap\">\n            <h2>Soluciones avanzadas para un alivio duradero de las articulaciones<\/h2>\n    <div class=\"paragraphWrap\"><p>A medida que envejecemos, la artritis y el desgaste pueden da\u00f1ar el cart\u00edlago de caderas y rodillas, provocando dolor, rigidez y movilidad limitada. Empezamos el tratamiento con m\u00e9todos conservadores como fisioterapia, antiinflamatorios y modificaciones del estilo de vida. Pero cuando las articulaciones est\u00e1n demasiado da\u00f1adas para los cuidados no quir\u00fargicos, la cirug\u00eda de sustituci\u00f3n articular puede ser la opci\u00f3n m\u00e1s eficaz para el alivio a largo plazo.Nuestros cirujanos colegiados realizan una amplia gama de intervenciones de sustituci\u00f3n articular utilizando tecnolog\u00eda avanzada (como el sistema robotizado Mako) para realizar cirug\u00edas m\u00e1s precisas y m\u00ednimamente invasivas.<\/p>\n<p><strong>Southcoast Health se enorgullece de ofrecer:<\/strong><\/p>\n<ul>\n<li>Pr\u00f3tesis de cadera rob\u00f3tica Mako<\/li>\n<li>Reemplazo de rodilla asistido por robot Mako<\/li>\n<li>Sustituci\u00f3n parcial de rodilla<\/li>\n<li>Pr\u00f3tesis total de cadera<\/li>\n<li>Sustituci\u00f3n total de rodilla<\/li>\n<\/ul>\n<\/div>    <\/div>\n    \n                <\/div>\n                <div class=\"images\">\n                                            <img decoding=\"async\" class=\"first\" src=\"https:\/\/orthopedics.southcoast.org\/wp-content\/uploads\/sites\/4\/2025\/08\/Mako-Robotic-Surgery-Orthopedics-27-scaled.jpg\" alt=\"\">\n                                                                <img decoding=\"async\" class=\"second\" src=\"https:\/\/orthopedics.southcoast.org\/wp-content\/uploads\/sites\/4\/2025\/06\/total_joint_replacement_media_2.webp\" alt=\"\">\n                                                                <img decoding=\"async\" class=\"third\" src=\"https:\/\/orthopedics.southcoast.org\/wp-content\/uploads\/sites\/4\/2025\/06\/total_joint_replacement_media_3.webp\" alt=\"\">\n                                    <\/div>\n\n            <\/div>\n        <\/div>\n    <\/div>\n<\/div>\n<\/div>\n\n\n<div  class=\"blockSettings  paddingTopMD paddingBottomMD multiple-media-object-block light\" style=\"background-color:#f6f7f7;\"><div class=\"container\">\n    <div class=\"grid\">\n        <div class=\"col-sm-12\">\n            <div class=\"inner right disc\">\n                <div class=\"copy\">\n                        <div class=\"mainCopyWrap\">\n            <h2>Navegaci\u00f3n asistencial<\/h2>\n    <div class=\"paragraphWrap\"><p>El Programa de pr\u00f3tesis articular de Southcoast Health cuenta con enfermeras asesoras que trabajar\u00e1n estrechamente con su cirujano y otros miembros de su equipo sanitario para ayudarle a \"navegar\" por cada paso de su cirug\u00eda de pr\u00f3tesis articular. Los asesores le ayudar\u00e1n a estar preparado y a saber qu\u00e9 esperar.<\/p>\n<p>Una vez tomada la decisi\u00f3n de operarse, recibir\u00e1 una llamada de nuestros asesores:<\/p>\n<ul>\n<li>Le har\u00e1 preguntas para saber m\u00e1s sobre usted<\/li>\n<li>Revisar la informaci\u00f3n sanitaria b\u00e1sica<\/li>\n<li>Responder a sus preguntas y resolver sus dudas<\/li>\n<\/ul>\n<p>Tambi\u00e9n recibir\u00e1 llamadas adicionales de las enfermeras asesoras cuando se acerque la operaci\u00f3n para informarle mejor y asegurarse de que usted y su familia est\u00e1n preparados. Las enfermeras asesoras le llamar\u00e1n despu\u00e9s de la intervenci\u00f3n para informarle, apoyarle y resolver cualquier duda.<\/p>\n<p>La cirug\u00eda puede ser una experiencia abrumadora, y nuestro objetivo es ayudarle a sentirse a gusto y coordinar la atenci\u00f3n de principio a fin.<\/p>\n<\/div>    <\/div>\n    \n                <\/div>\n                <div class=\"images onlyImage\">\n                                            <img decoding=\"async\" class=\"first\" src=\"https:\/\/orthopedics.southcoast.org\/wp-content\/uploads\/sites\/4\/2025\/08\/Orthopedic-Team-2025-11-scaled.png\" alt=\"\">\n                                                                            <\/div>\n\n            <\/div>\n        <\/div>\n    <\/div>\n<\/div>\n<\/div>\n\n\n<div  class=\"blockSettings  paddingTopNone paddingBottomMD cardsQuickFluid light\" style=\"background-color:#f6f7f7;\"><div class=\"container\">\n        <div class=\"grid\">\n        <div class=\"col-sm-12 maincopy\">\n                <div class=\"introWithCta centerAlign\">\n            <div class=\"mainCopyWrap\">\n            <h2>Recursos para pacientes<\/h2>\n    <div class=\"paragraphWrap\"><p>A continuaci\u00f3n encontrar\u00e1 importantes recursos sobre pr\u00f3tesis articulares.<\/p>\n<\/div>    <\/div>\n        <\/div>\n            <\/div>\n\n\n\n    <\/div>\n                <div class=\"blockSeparator\"><\/div>\n        <div class=\"grid\" role=\"list\">\n                                        <div class=\"col-sm-6 col-lg-auto\" role=\"listitem\">\n                        <a href=\"https:\/\/orthopedics.southcoast.org\/es\/prehab-total-knee-exercises\/\" target=\"_self\" class=\"quick-link\" style=\"\">\n                                                            <i class=\"fa-classic fa-light fa-folder\"><\/i>\n                                                        <span lang=\"en\">Ejercicios de rehabilitaci\u00f3n total de rodilla<\/span>\n                            <i class=\"fa-solid fa-arrow-up-right\"><\/i>\n                        <\/a>\n                    <\/div>\n                                \n                                                <div class=\"col-sm-6 col-lg-auto\" role=\"listitem\">\n                        <a href=\"https:\/\/orthopedics.southcoast.org\/es\/prehab-total-hip-exercises\/\" target=\"_self\" class=\"quick-link\" style=\"\">\n                                                            <i class=\"fa-classic fa-light fa-folder\"><\/i>\n                                                        <span lang=\"en\">Ejercicios de rehabilitaci\u00f3n total de cadera<\/span>\n                            <i class=\"fa-solid fa-arrow-up-right\"><\/i>\n                        <\/a>\n                    <\/div>\n                                \n                                                <div class=\"col-sm-6 col-lg-auto\" role=\"listitem\">\n                        <a href=\"http:\/\/orthopedics.southcoast.org\/wp-content\/uploads\/sites\/4\/2025\/08\/SUR-ORT-TJRHandbook-ENG-2025-G.pdf\" target=\"_blank\" class=\"quick-link\" style=\"\">\n                                                            <i class=\"fa-classic fa-light fa-book-open\"><\/i>\n                                                        <span lang=\"en\">Manual de pr\u00f3tesis articular total<\/span>\n                            <i class=\"fa-solid fa-arrow-up-right\"><\/i>\n                        <\/a>\n                    <\/div>\n                                \n                                                <div class=\"col-sm-6 col-lg-auto\" role=\"listitem\">\n                        <a href=\"https:\/\/orthopedics.southcoast.org\/es\/southcoast-health-orthopedics-class\/\" target=\"_blank\" class=\"quick-link\" style=\"\">\n                                                            <i class=\"fa-classic fa-light fa-video\"><\/i>\n                                                        <span lang=\"en\">Clase de articulaci\u00f3n total<\/span>\n                            <i class=\"fa-solid fa-arrow-up-right\"><\/i>\n                        <\/a>\n                    <\/div>\n                                \n                                        <\/div>\n<\/div>\n<\/div>\n\n\n<div id=\"\" class=\"bannerFluidTwo paddingTopNone paddingBottomNone\">\n    \n        <div class=\"grid\">\n            <div class=\"col-sm-12 col-bleed\">\n                <div class=\"banner-content-wrap  darkTheme\" style=\"background-image:url(https:\/\/orthopedics.southcoast.org\/wp-content\/uploads\/sites\/4\/2025\/06\/total_joint_replacement_callout_image-1.webp);background-size:cover;background-position:center center; \">\n                    \n                    \n                    <div class=\"banner-content container\">\n                            <div class=\"mainCopyWrap\">\n            <h2>Comience su viaje hacia una vida sin dolor<\/h2>\n    <div class=\"paragraphWrap\"><p>\u00bfEst\u00e1 preparado para recuperar la movilidad y disfrutar de la vida sin dolor articular? Southcoast Health est\u00e1 aqu\u00ed para ayudarle en cada paso del camino.<\/p><\/div>    <\/div>\n                                <div class=\"ctaWrap\">\n                    <a aria-label=\"enlace para encontrar una ubicaci\u00f3n\" class=\"mainCTA shadow dark1\" href=\"https:\/\/www.southcoast.org\/locations\/?service=Orthopedics\" target=\"_blank\" title=\"Abre Buscar una ubicaci\u00f3n en una nueva pesta\u00f1a o ventana\" rel=\"noopener noreferrer\">Buscar un lugar<span class=\"fa-regular fa-up-right-from-square\"><\/span><\/a>                    <a aria-label=\"enlace para concertar una cita\" class=\"mainCTA shadow dark1\" href=\"https:\/\/www.southcoast.org\/find-a-provider\/?query=Orthopedics\" target=\"_blank\" title=\"Abre Reservar una cita en una nueva pesta\u00f1a o ventana\" rel=\"noopener noreferrer\">Concierte una cita<span class=\"fa-regular fa-up-right-from-square\"><\/span><\/a>            <\/div>\n    \n                    <\/div>\n                <\/div>\n            <\/div>\n        <\/div>\n\n        <\/div>","protected":false},"excerpt":{"rendered":"","protected":false},"author":10,"featured_media":0,"parent":2271,"menu_order":0,"comment_status":"closed","ping_status":"closed","template":"","meta":{"_acf_changed":false,"footnotes":""},"class_list":["post-2065","page","type-page","status-publish","hentry"],"acf":[],"yoast_head":"<!-- This site is optimized with the Yoast SEO plugin v26.0 - https:\/\/yoast.com\/wordpress\/plugins\/seo\/ -->\n<title>Total Joint Replacement - Orthopedics<\/title>\n<meta name=\"description\" content=\"Southcoast Health offers advanced hip and knee replacement surgery, non-surgical arthritis treatment, and personalized orthopedic care across MA and RI.\" \/>\n<meta name=\"robots\" content=\"index, follow, max-snippet:-1, max-image-preview:large, max-video-preview:-1\" \/>\n<link rel=\"canonical\" href=\"https:\/\/orthopedics.southcoast.org\/es\/all-areas-of-care\/total-joint-replacement\/\" \/>\n<meta property=\"og:locale\" content=\"es_MX\" \/>\n<meta property=\"og:type\" content=\"article\" \/>\n<meta property=\"og:title\" content=\"Total Joint Replacement - Orthopedics\" \/>\n<meta property=\"og:description\" content=\"Southcoast Health offers advanced hip and knee replacement surgery, non-surgical arthritis treatment, and personalized orthopedic care across MA and RI.\" \/>\n<meta property=\"og:url\" content=\"https:\/\/orthopedics.southcoast.org\/es\/all-areas-of-care\/total-joint-replacement\/\" \/>\n<meta property=\"og:site_name\" content=\"Orthopedics\" \/>\n<meta property=\"article:modified_time\" content=\"2025-12-02T16:36:29+00:00\" \/>\n<meta name=\"twitter:card\" content=\"summary_large_image\" \/>\n<script type=\"application\/ld+json\" class=\"yoast-schema-graph\">{\"@context\":\"https:\/\/schema.org\",\"@graph\":[{\"@type\":\"WebPage\",\"@id\":\"https:\/\/orthopedics.southcoast.org\/all-areas-of-care\/total-joint-replacement\/\",\"url\":\"https:\/\/orthopedics.southcoast.org\/all-areas-of-care\/total-joint-replacement\/\",\"name\":\"Total Joint Replacement - Orthopedics\",\"isPartOf\":{\"@id\":\"https:\/\/orthopedics.southcoast.org\/#website\"},\"datePublished\":\"2025-06-27T20:16:53+00:00\",\"dateModified\":\"2025-12-02T16:36:29+00:00\",\"description\":\"Southcoast Health offers advanced hip and knee replacement surgery, non-surgical arthritis treatment, and personalized orthopedic care across MA and RI.\",\"breadcrumb\":{\"@id\":\"https:\/\/orthopedics.southcoast.org\/all-areas-of-care\/total-joint-replacement\/#breadcrumb\"},\"inLanguage\":\"es-MX\",\"potentialAction\":[{\"@type\":\"ReadAction\",\"target\":[\"https:\/\/orthopedics.southcoast.org\/all-areas-of-care\/total-joint-replacement\/\"]}]},{\"@type\":\"BreadcrumbList\",\"@id\":\"https:\/\/orthopedics.southcoast.org\/all-areas-of-care\/total-joint-replacement\/#breadcrumb\",\"itemListElement\":[{\"@type\":\"ListItem\",\"position\":1,\"name\":\"\",\"item\":\"https:\/\/orthopedics.southcoast.org\/\"},{\"@type\":\"ListItem\",\"position\":2,\"name\":\"All Areas of Care\",\"item\":\"https:\/\/orthopedics.southcoast.org\/all-areas-of-care\/\"},{\"@type\":\"ListItem\",\"position\":3,\"name\":\"Total Joint Replacement\"}]},{\"@type\":\"WebSite\",\"@id\":\"https:\/\/orthopedics.southcoast.org\/#website\",\"url\":\"https:\/\/orthopedics.southcoast.org\/\",\"name\":\"Orthopedics\",\"description\":\"\",\"potentialAction\":[{\"@type\":\"SearchAction\",\"target\":{\"@type\":\"EntryPoint\",\"urlTemplate\":\"https:\/\/orthopedics.southcoast.org\/?s={search_term_string}\"},\"query-input\":{\"@type\":\"PropertyValueSpecification\",\"valueRequired\":true,\"valueName\":\"search_term_string\"}}],\"inLanguage\":\"es-MX\"}]}<\/script>\n<!-- \/ Yoast SEO plugin. -->","yoast_head_json":{"title":"Total Joint Replacement - Orthopedics","description":"Southcoast Health offers advanced hip and knee replacement surgery, non-surgical arthritis treatment, and personalized orthopedic care across MA and RI.","robots":{"index":"index","follow":"follow","max-snippet":"max-snippet:-1","max-image-preview":"max-image-preview:large","max-video-preview":"max-video-preview:-1"},"canonical":"https:\/\/orthopedics.southcoast.org\/es\/all-areas-of-care\/total-joint-replacement\/","og_locale":"es_MX","og_type":"article","og_title":"Total Joint Replacement - Orthopedics","og_description":"Southcoast Health offers advanced hip and knee replacement surgery, non-surgical arthritis treatment, and personalized orthopedic care across MA and RI.","og_url":"https:\/\/orthopedics.southcoast.org\/es\/all-areas-of-care\/total-joint-replacement\/","og_site_name":"Orthopedics","article_modified_time":"2025-12-02T16:36:29+00:00","twitter_card":"summary_large_image","schema":{"@context":"https:\/\/schema.org","@graph":[{"@type":"WebPage","@id":"https:\/\/orthopedics.southcoast.org\/all-areas-of-care\/total-joint-replacement\/","url":"https:\/\/orthopedics.southcoast.org\/all-areas-of-care\/total-joint-replacement\/","name":"Total Joint Replacement - Orthopedics","isPartOf":{"@id":"https:\/\/orthopedics.southcoast.org\/#website"},"datePublished":"2025-06-27T20:16:53+00:00","dateModified":"2025-12-02T16:36:29+00:00","description":"Southcoast Health offers advanced hip and knee replacement surgery, non-surgical arthritis treatment, and personalized orthopedic care across MA and RI.","breadcrumb":{"@id":"https:\/\/orthopedics.southcoast.org\/all-areas-of-care\/total-joint-replacement\/#breadcrumb"},"inLanguage":"es-MX","potentialAction":[{"@type":"ReadAction","target":["https:\/\/orthopedics.southcoast.org\/all-areas-of-care\/total-joint-replacement\/"]}]},{"@type":"BreadcrumbList","@id":"https:\/\/orthopedics.southcoast.org\/all-areas-of-care\/total-joint-replacement\/#breadcrumb","itemListElement":[{"@type":"ListItem","position":1,"name":"","item":"https:\/\/orthopedics.southcoast.org\/"},{"@type":"ListItem","position":2,"name":"All Areas of Care","item":"https:\/\/orthopedics.southcoast.org\/all-areas-of-care\/"},{"@type":"ListItem","position":3,"name":"Total Joint Replacement"}]},{"@type":"WebSite","@id":"https:\/\/orthopedics.southcoast.org\/#website","url":"https:\/\/orthopedics.southcoast.org\/","name":"Ortopedia","description":"","potentialAction":[{"@type":"SearchAction","target":{"@type":"EntryPoint","urlTemplate":"https:\/\/orthopedics.southcoast.org\/?s={search_term_string}"},"query-input":{"@type":"PropertyValueSpecification","valueRequired":true,"valueName":"search_term_string"}}],"inLanguage":"es-MX"}]}},"_links":{"self":[{"href":"https:\/\/orthopedics.southcoast.org\/es\/wp-json\/wp\/v2\/pages\/2065","targetHints":{"allow":["GET"]}}],"collection":[{"href":"https:\/\/orthopedics.southcoast.org\/es\/wp-json\/wp\/v2\/pages"}],"about":[{"href":"https:\/\/orthopedics.southcoast.org\/es\/wp-json\/wp\/v2\/types\/page"}],"author":[{"embeddable":true,"href":"https:\/\/orthopedics.southcoast.org\/es\/wp-json\/wp\/v2\/users\/10"}],"replies":[{"embeddable":true,"href":"https:\/\/orthopedics.southcoast.org\/es\/wp-json\/wp\/v2\/comments?post=2065"}],"version-history":[{"count":64,"href":"https:\/\/orthopedics.southcoast.org\/es\/wp-json\/wp\/v2\/pages\/2065\/revisions"}],"predecessor-version":[{"id":3307,"href":"https:\/\/orthopedics.southcoast.org\/es\/wp-json\/wp\/v2\/pages\/2065\/revisions\/3307"}],"up":[{"embeddable":true,"href":"https:\/\/orthopedics.southcoast.org\/es\/wp-json\/wp\/v2\/pages\/2271"}],"wp:attachment":[{"href":"https:\/\/orthopedics.southcoast.org\/es\/wp-json\/wp\/v2\/media?parent=2065"}],"curies":[{"name":"wp","href":"https:\/\/api.w.org\/{rel}","templated":true}]}}