{"id":2106,"date":"2025-06-27T20:51:06","date_gmt":"2025-06-27T20:51:06","guid":{"rendered":"https:\/\/orthopedics.test-southcoast-health-multi.southcoast-health.org\/?page_id=2106"},"modified":"2025-10-02T04:40:55","modified_gmt":"2025-10-02T04:40:55","slug":"shoulders","status":"publish","type":"page","link":"https:\/\/orthopedics.southcoast.org\/es\/all-areas-of-care\/shoulders\/","title":{"rendered":"Hombros"},"content":{"rendered":"<div  class=\"blockSettings    hero-main-block show-breadcrumbs\" style=\"\"><div class=\"background\"><\/div>\n<div class=\"container\">\n\n    <div class=\"breadcrumbsWrapper desktop-breadcrumbs\"><nav id=\"breadcrumbs\" aria-label=\"Migas de pan\"><ol><li><a href=\"https:\/\/orthopedics.southcoast.org\/es\/\"><i class=\"fa-regular fa-house\"><\/i><span class=\"visually-hidden\">Inicio<\/span><\/a><\/li><\/ol><\/nav><\/div><div class=\"breadcrumbsWrapper mobile-breadcrumbs\"><p id=\"mobile-breadcrumbs\"><span><span><a href=\"https:\/\/orthopedics.southcoast.org\/es\"><i class=\"far fa-home\"><\/i><\/a><\/span> <i class=\"fa-solid fa-chevron-right separator\"><\/i> <span><a href=\"https:\/\/orthopedics.southcoast.org\/es\/all-areas-of-care\/\">Todos los \u00e1mbitos asistenciales<\/a><\/span><\/span><\/p><\/div>    <div class=\"grid\">\n        <div class=\"col-bleed-y\">\n            <div class=\"inner-wrap\">\n                <div class=\"content-col\">\n                                            <h1>Cuidado del hombro<\/h1>\n                                        <div class=\"copy-wrap\">\n                                                    <p>El dolor de hombro, la rigidez o la movilidad reducida pueden limitar su forma de vivir, moverse y trabajar. En Southcoast Health, le ofrecemos la atenci\u00f3n ortop\u00e9dica avanzada y personalizada que necesita para cambiar esa situaci\u00f3n.<\/p>\n                                            <\/div>\n                                            <div class=\"cta-wrap\">\n                                                            <a aria-label=\"enlace para concertar una cita\" class=\"mainCTA shadow dark1\" href=\"https:\/\/www.southcoast.org\/find-a-provider\/?query=Orthopedics\" target=\"_blank\" title=\"Abre Reservar una cita en una nueva pesta\u00f1a o ventana\" rel=\"noopener noreferrer\">Concierte una cita<span class=\"fa-regular fa-up-right-from-square\"><\/span><\/a>                                                                                <\/div>\n                                    <\/div>\n                <div class=\"media-col\">\n                                            <img\n                            class=\"main-img\"\n                            src=\"https:\/\/orthopedics.southcoast.org\/wp-content\/uploads\/sites\/4\/2025\/06\/orthopedics_shoulders_hero_-scaled.webp\"\n                                                        srcset=\"https:\/\/orthopedics.southcoast.org\/wp-content\/uploads\/sites\/4\/2025\/06\/orthopedics_shoulders_hero_-scaled.webp 2560w, https:\/\/orthopedics.southcoast.org\/wp-content\/uploads\/sites\/4\/2025\/06\/orthopedics_shoulders_hero_-300x200.webp 300w, https:\/\/orthopedics.southcoast.org\/wp-content\/uploads\/sites\/4\/2025\/06\/orthopedics_shoulders_hero_-1024x683.webp 1024w, https:\/\/orthopedics.southcoast.org\/wp-content\/uploads\/sites\/4\/2025\/06\/orthopedics_shoulders_hero_-768x512.webp 768w\"\n                            sizes=\"(max-width: 768px) 100vw, (max-width: 1200px) 50vw, 800px\"\n                                                        alt=\"\"\n                            loading=\"eager\"\n                            decoding=\"async\"\n                            fetchpriority=\"high\">\n                                                            <img decoding=\"async\" class=\"corner-art\" src=\"https:\/\/orthopedics.southcoast.org\/wp-content\/themes\/southcoast_multisite\/images\/corner-art.svg\">\n                <\/div>\n            <\/div>\n        <\/div>\n    <\/div>\n<\/div>\n\n<script>\n    document.querySelectorAll('.play-button').forEach(button => {\n        button.addEventListener('click', function() {\n            const modal = this.nextElementSibling;\n            modal.style.display = 'block';\n            document.body.style.overflow = 'hidden';\n        });\n    });\n\n    document.querySelectorAll('.close-modal, .modal-overlay').forEach(element => {\n        element.addEventListener('click', function() {\n            const modal = this.closest('.video-modal');\n            modal.style.display = 'none';\n            document.body.style.overflow = '';\n        });\n    });\n<\/script>\n<\/div>\n\n\n<div  class=\"blockSettings  paddingTopMD paddingBottomMD multiple-media-object-block light\" style=\"background-color:#fff;\"><div class=\"container\">\n    <div class=\"grid\">\n        <div class=\"col-sm-12\">\n            <div class=\"inner left disc\">\n                <div class=\"copy\">\n                        <div class=\"mainCopyWrap\">\n            <h2>Servicios integrales de hombro en Southcoast Health\u00a0<\/h2>\n    <div class=\"paragraphWrap\"><p>Nuestros especialistas en hombro tratan una amplia gama de afecciones que afectan a la articulaci\u00f3n del hombro y a los m\u00fasculos, tendones y ligamentos circundantes.<\/p>\n<p>Entre las afecciones comunes que tratamos se incluyen:<\/p>\n<ul>\n<li>Artritis de hombro o degeneraci\u00f3n articular<\/li>\n<li>Bursitis<\/li>\n<li>Dolor o rigidez cr\u00f3nicos del hombro<\/li>\n<li>Fracturas de hombro o clav\u00edcula<\/li>\n<li>Hombro congelado (capsulitis adhesiva)<\/li>\n<li>Roturas del labrum y lesiones tendinosas<\/li>\n<li>S\u00edndrome de pinzamiento de hombro<\/li>\n<li>Inestabilidad o luxaci\u00f3n del hombro<\/li>\n<li>Tendinitis<\/li>\n<li>Rotura del manguito rotador<\/li>\n<\/ul>\n<\/div>    <\/div>\n    \n                <\/div>\n                <div class=\"images onlyImage\">\n                                            <img decoding=\"async\" class=\"first\" src=\"https:\/\/orthopedics.southcoast.org\/wp-content\/uploads\/sites\/4\/2025\/08\/Pickleball-scaled.jpg\" alt=\"\">\n                                                                            <\/div>\n\n            <\/div>\n        <\/div>\n    <\/div>\n<\/div>\n<\/div>\n\n\n<div  class=\"blockSettings  paddingTopLG paddingBottomLG faqFluid light\" style=\"background-color:#f6f7f7;\"><div class=\"container\">\n    <div class=\"grid\">\n                    <div class=\"col-sm-6 order1 mediaObject\">\n                <div class=\"introLeft\">\n                        <div class=\"mainCopyWrap\">\n            <h2>Tratamientos avanzados para el dolor de hombro\u00a0<\/h2>\n    <div class=\"paragraphWrap\"><p>Ofrecemos una gama completa de tratamientos - quir\u00fargicos y no quir\u00fargicos - dise\u00f1ados para reducir el dolor, mejorar la amplitud de movimiento y apoyar la salud del hombro a largo plazo. Nuestro equipo de cirujanos ortop\u00e9dicos experimentados le ayudar\u00e1 a determinar la mejor opci\u00f3n de tratamiento para sus necesidades y objetivos espec\u00edficos.\u00a0<\/p><\/div>    <\/div>\n        <div class=\"ctaWrap\">\n                    <a aria-label=\"enlace para obtener m\u00e1s informaci\u00f3n sobre la sustituci\u00f3n articular\" class=\"mainCTA shadow light1\" href=\"https:\/\/orthopedics.southcoast.org\/es\/homepage\/programs\/total-and-partial-joint-replacement\/\" title=\"Abrir M\u00e1s informaci\u00f3n sobre la sustituci\u00f3n articular\" >M\u00e1s informaci\u00f3n sobre la sustituci\u00f3n articular<\/a>            <\/div>\n                    <\/div>\n                            <\/div>\n        \n                <div class=\"col-sm-6 order2 accordionWrapper\">\n                        <div class=\"accordionContent\">\n                                                                                        <div class=\"beefup openFaq openSingle\">\n                                <span class=\"beefup__icon fa-solid fa-chevron-down\"><\/span>\n                                <button\n                                    type=\"button\"\n                                    id=\"beefup-1-header\"\n                                    class=\"beefup__head openTitle\"\n                                    title=\"Mostrar faq Cirug\u00eda de hombro\"\n                                    role=\"heading\"\n                                    aria-level=\"3\"\n                                    aria-expanded=\"false\"\n                                    aria-controls=\"beefup-1-panel\">\n                                    Cirug\u00eda de hombro                                <\/button>\n                                <div\n                                    id=\"beefup-1-panel\"\n                                    class=\"beefup__body maincopy\"\n                                    role=\"region\"\n                                    aria-labelledby=\"beefup-1-header\"\n                                    hidden\n style=\"display: none;\">\n                                    <p>Si los tratamientos no quir\u00fargicos, como la fisioterapia o los medicamentos, no son suficientes, los procedimientos quir\u00fargicos, como la artroplastia, la reparaci\u00f3n del manguito rotador o la artroscopia, pueden ayudar a reparar los da\u00f1os causados por el envejecimiento, las enfermedades, el uso excesivo o las lesiones. En pacientes con artritis avanzada o degeneraci\u00f3n articular, la artroplastia total de hombro puede reducir significativamente el dolor y mejorar el movimiento.<\/p>\n                                <\/div>\n\n                                <script>\n                                    jQuery(document).ready(function($) {\n                                        $('.openFaq').beefup({\n                                            onOpen: function($el) {\n                                                var $btn = $el.find('.openTitle[aria-controls]');\n                                                var $panel = $('#' + $btn.attr('aria-controls'));\n                                                $btn.attr('aria-expanded', 'true')\n                                                    .attr('title', function(_, t) {\n                                                        return t.replace(\/^Show\/i, 'Hide');\n                                                    });\n                                                if ($panel.length) $panel.prop('hidden', false);\n                                            },\n                                            onClose: function($el) {\n                                                var $btn = $el.find('.openTitle[aria-controls]');\n                                                var $panel = $('#' + $btn.attr('aria-controls'));\n                                                $btn.attr('aria-expanded', 'false')\n                                                    .attr('title', function(_, t) {\n                                                        return t.replace(\/^Hide\/i, 'Show');\n                                                    });\n                                                if ($panel.length) $panel.prop('hidden', true);\n                                            }\n                                        });\n\n                                        $('.openFaq').each(function() {\n                                            var $el = $(this);\n                                            var $btn = $el.find('.openTitle[aria-controls]');\n                                            var $panel = $('#' + $btn.attr('aria-controls'));\n                                            var isOpen = $el.hasClass('is-open') || ($panel.is(':visible') && !$panel.prop('hidden'));\n                                            $btn.attr('aria-expanded', isOpen ? 'true' : 'false');\n                                            $btn.attr('title', (isOpen ? 'Hide ' : 'Show ') + $.trim($btn.text()) + ' faq');\n                                            $panel.prop('hidden', !isOpen);\n                                        });\n                                    });\n                                <\/script>\n                            <\/div>\n                                                    <div class=\"beefup openFaq openSingle\">\n                                <span class=\"beefup__icon fa-solid fa-chevron-down\"><\/span>\n                                <button\n                                    type=\"button\"\n                                    id=\"beefup-2-header\"\n                                    class=\"beefup__head openTitle\"\n                                    title=\"Mostrar preguntas frecuentes sobre la cirug\u00eda del manguito de los rotadores\"\n                                    role=\"heading\"\n                                    aria-level=\"3\"\n                                    aria-expanded=\"false\"\n                                    aria-controls=\"beefup-2-panel\">\n                                    Cirug\u00eda del manguito rotador                                <\/button>\n                                <div\n                                    id=\"beefup-2-panel\"\n                                    class=\"beefup__body maincopy\"\n                                    role=\"region\"\n                                    aria-labelledby=\"beefup-2-header\"\n                                    hidden\n style=\"display: none;\">\n                                    <p>Los desgarros del manguito rotador son una de las causas m\u00e1s frecuentes de dolor de hombro. Ofrecemos reparaci\u00f3n artrosc\u00f3pica del manguito rotador, un enfoque m\u00ednimamente invasivo que utiliza peque\u00f1as incisiones y operaciones guiadas por c\u00e1mara para reducir el dolor y acelerar la recuperaci\u00f3n.<\/p>\n                                <\/div>\n\n                                <script>\n                                    jQuery(document).ready(function($) {\n                                        $('.openFaq').beefup({\n                                            onOpen: function($el) {\n                                                var $btn = $el.find('.openTitle[aria-controls]');\n                                                var $panel = $('#' + $btn.attr('aria-controls'));\n                                                $btn.attr('aria-expanded', 'true')\n                                                    .attr('title', function(_, t) {\n                                                        return t.replace(\/^Show\/i, 'Hide');\n                                                    });\n                                                if ($panel.length) $panel.prop('hidden', false);\n                                            },\n                                            onClose: function($el) {\n                                                var $btn = $el.find('.openTitle[aria-controls]');\n                                                var $panel = $('#' + $btn.attr('aria-controls'));\n                                                $btn.attr('aria-expanded', 'false')\n                                                    .attr('title', function(_, t) {\n                                                        return t.replace(\/^Hide\/i, 'Show');\n                                                    });\n                                                if ($panel.length) $panel.prop('hidden', true);\n                                            }\n                                        });\n\n                                        $('.openFaq').each(function() {\n                                            var $el = $(this);\n                                            var $btn = $el.find('.openTitle[aria-controls]');\n                                            var $panel = $('#' + $btn.attr('aria-controls'));\n                                            var isOpen = $el.hasClass('is-open') || ($panel.is(':visible') && !$panel.prop('hidden'));\n                                            $btn.attr('aria-expanded', isOpen ? 'true' : 'false');\n                                            $btn.attr('title', (isOpen ? 'Hide ' : 'Show ') + $.trim($btn.text()) + ' faq');\n                                            $panel.prop('hidden', !isOpen);\n                                        });\n                                    });\n                                <\/script>\n                            <\/div>\n                                                                        <\/div>\n        <\/div>\n    <\/div>\n<\/div>\n<\/div>","protected":false},"excerpt":{"rendered":"","protected":false},"author":10,"featured_media":0,"parent":2271,"menu_order":0,"comment_status":"closed","ping_status":"closed","template":"","meta":{"_acf_changed":false,"footnotes":""},"class_list":["post-2106","page","type-page","status-publish","hentry"],"acf":[],"yoast_head":"<!-- This site is optimized with the Yoast SEO plugin v26.0 - https:\/\/yoast.com\/wordpress\/plugins\/seo\/ -->\n<title>Shoulders - Orthopedics<\/title>\n<meta name=\"description\" content=\"Southcoast Health\u2019s comprehensive shoulder services offer advanced support for a variety of shoulder joint and surrounding muscles, tendons, &amp; ligaments.\" \/>\n<meta name=\"robots\" content=\"index, follow, max-snippet:-1, max-image-preview:large, max-video-preview:-1\" \/>\n<link rel=\"canonical\" href=\"https:\/\/orthopedics.southcoast.org\/es\/all-areas-of-care\/shoulders\/\" \/>\n<meta property=\"og:locale\" content=\"es_MX\" \/>\n<meta property=\"og:type\" content=\"article\" \/>\n<meta property=\"og:title\" content=\"Shoulders - Orthopedics\" \/>\n<meta property=\"og:description\" content=\"Southcoast Health\u2019s comprehensive shoulder services offer advanced support for a variety of shoulder joint and surrounding muscles, tendons, &amp; ligaments.\" \/>\n<meta property=\"og:url\" content=\"https:\/\/orthopedics.southcoast.org\/es\/all-areas-of-care\/shoulders\/\" \/>\n<meta property=\"og:site_name\" content=\"Orthopedics\" \/>\n<meta property=\"article:modified_time\" content=\"2025-10-02T04:40:55+00:00\" \/>\n<meta name=\"twitter:card\" content=\"summary_large_image\" \/>\n<script type=\"application\/ld+json\" class=\"yoast-schema-graph\">{\"@context\":\"https:\/\/schema.org\",\"@graph\":[{\"@type\":\"WebPage\",\"@id\":\"https:\/\/orthopedics.southcoast.org\/all-areas-of-care\/shoulders\/\",\"url\":\"https:\/\/orthopedics.southcoast.org\/all-areas-of-care\/shoulders\/\",\"name\":\"Shoulders - Orthopedics\",\"isPartOf\":{\"@id\":\"https:\/\/orthopedics.southcoast.org\/#website\"},\"datePublished\":\"2025-06-27T20:51:06+00:00\",\"dateModified\":\"2025-10-02T04:40:55+00:00\",\"description\":\"Southcoast Health\u2019s comprehensive shoulder services offer advanced support for a variety of shoulder joint and surrounding muscles, tendons, & ligaments.\",\"breadcrumb\":{\"@id\":\"https:\/\/orthopedics.southcoast.org\/all-areas-of-care\/shoulders\/#breadcrumb\"},\"inLanguage\":\"es-MX\",\"potentialAction\":[{\"@type\":\"ReadAction\",\"target\":[\"https:\/\/orthopedics.southcoast.org\/all-areas-of-care\/shoulders\/\"]}]},{\"@type\":\"BreadcrumbList\",\"@id\":\"https:\/\/orthopedics.southcoast.org\/all-areas-of-care\/shoulders\/#breadcrumb\",\"itemListElement\":[{\"@type\":\"ListItem\",\"position\":1,\"name\":\"\",\"item\":\"https:\/\/orthopedics.southcoast.org\/\"},{\"@type\":\"ListItem\",\"position\":2,\"name\":\"All Areas of Care\",\"item\":\"https:\/\/orthopedics.southcoast.org\/all-areas-of-care\/\"},{\"@type\":\"ListItem\",\"position\":3,\"name\":\"Shoulders\"}]},{\"@type\":\"WebSite\",\"@id\":\"https:\/\/orthopedics.southcoast.org\/#website\",\"url\":\"https:\/\/orthopedics.southcoast.org\/\",\"name\":\"Orthopedics\",\"description\":\"\",\"potentialAction\":[{\"@type\":\"SearchAction\",\"target\":{\"@type\":\"EntryPoint\",\"urlTemplate\":\"https:\/\/orthopedics.southcoast.org\/?s={search_term_string}\"},\"query-input\":{\"@type\":\"PropertyValueSpecification\",\"valueRequired\":true,\"valueName\":\"search_term_string\"}}],\"inLanguage\":\"es-MX\"}]}<\/script>\n<!-- \/ Yoast SEO plugin. -->","yoast_head_json":{"title":"Shoulders - Orthopedics","description":"Southcoast Health\u2019s comprehensive shoulder services offer advanced support for a variety of shoulder joint and surrounding muscles, tendons, & ligaments.","robots":{"index":"index","follow":"follow","max-snippet":"max-snippet:-1","max-image-preview":"max-image-preview:large","max-video-preview":"max-video-preview:-1"},"canonical":"https:\/\/orthopedics.southcoast.org\/es\/all-areas-of-care\/shoulders\/","og_locale":"es_MX","og_type":"article","og_title":"Shoulders - Orthopedics","og_description":"Southcoast Health\u2019s comprehensive shoulder services offer advanced support for a variety of shoulder joint and surrounding muscles, tendons, & ligaments.","og_url":"https:\/\/orthopedics.southcoast.org\/es\/all-areas-of-care\/shoulders\/","og_site_name":"Orthopedics","article_modified_time":"2025-10-02T04:40:55+00:00","twitter_card":"summary_large_image","schema":{"@context":"https:\/\/schema.org","@graph":[{"@type":"WebPage","@id":"https:\/\/orthopedics.southcoast.org\/all-areas-of-care\/shoulders\/","url":"https:\/\/orthopedics.southcoast.org\/all-areas-of-care\/shoulders\/","name":"Shoulders - Orthopedics","isPartOf":{"@id":"https:\/\/orthopedics.southcoast.org\/#website"},"datePublished":"2025-06-27T20:51:06+00:00","dateModified":"2025-10-02T04:40:55+00:00","description":"Southcoast Health\u2019s comprehensive shoulder services offer advanced support for a variety of shoulder joint and surrounding muscles, tendons, & ligaments.","breadcrumb":{"@id":"https:\/\/orthopedics.southcoast.org\/all-areas-of-care\/shoulders\/#breadcrumb"},"inLanguage":"es-MX","potentialAction":[{"@type":"ReadAction","target":["https:\/\/orthopedics.southcoast.org\/all-areas-of-care\/shoulders\/"]}]},{"@type":"BreadcrumbList","@id":"https:\/\/orthopedics.southcoast.org\/all-areas-of-care\/shoulders\/#breadcrumb","itemListElement":[{"@type":"ListItem","position":1,"name":"","item":"https:\/\/orthopedics.southcoast.org\/"},{"@type":"ListItem","position":2,"name":"All Areas of Care","item":"https:\/\/orthopedics.southcoast.org\/all-areas-of-care\/"},{"@type":"ListItem","position":3,"name":"Shoulders"}]},{"@type":"WebSite","@id":"https:\/\/orthopedics.southcoast.org\/#website","url":"https:\/\/orthopedics.southcoast.org\/","name":"Ortopedia","description":"","potentialAction":[{"@type":"SearchAction","target":{"@type":"EntryPoint","urlTemplate":"https:\/\/orthopedics.southcoast.org\/?s={search_term_string}"},"query-input":{"@type":"PropertyValueSpecification","valueRequired":true,"valueName":"search_term_string"}}],"inLanguage":"es-MX"}]}},"_links":{"self":[{"href":"https:\/\/orthopedics.southcoast.org\/es\/wp-json\/wp\/v2\/pages\/2106","targetHints":{"allow":["GET"]}}],"collection":[{"href":"https:\/\/orthopedics.southcoast.org\/es\/wp-json\/wp\/v2\/pages"}],"about":[{"href":"https:\/\/orthopedics.southcoast.org\/es\/wp-json\/wp\/v2\/types\/page"}],"author":[{"embeddable":true,"href":"https:\/\/orthopedics.southcoast.org\/es\/wp-json\/wp\/v2\/users\/10"}],"replies":[{"embeddable":true,"href":"https:\/\/orthopedics.southcoast.org\/es\/wp-json\/wp\/v2\/comments?post=2106"}],"version-history":[{"count":29,"href":"https:\/\/orthopedics.southcoast.org\/es\/wp-json\/wp\/v2\/pages\/2106\/revisions"}],"predecessor-version":[{"id":3272,"href":"https:\/\/orthopedics.southcoast.org\/es\/wp-json\/wp\/v2\/pages\/2106\/revisions\/3272"}],"up":[{"embeddable":true,"href":"https:\/\/orthopedics.southcoast.org\/es\/wp-json\/wp\/v2\/pages\/2271"}],"wp:attachment":[{"href":"https:\/\/orthopedics.southcoast.org\/es\/wp-json\/wp\/v2\/media?parent=2106"}],"curies":[{"name":"wp","href":"https:\/\/api.w.org\/{rel}","templated":true}]}}