{"id":2130,"date":"2025-06-27T22:25:36","date_gmt":"2025-06-27T22:25:36","guid":{"rendered":"https:\/\/orthopedics.test-southcoast-health-multi.southcoast-health.org\/?page_id=2130"},"modified":"2025-10-02T04:41:29","modified_gmt":"2025-10-02T04:41:29","slug":"sports-medicine","status":"publish","type":"page","link":"https:\/\/orthopedics.southcoast.org\/es\/all-areas-of-care\/sports-medicine\/","title":{"rendered":"Medicina deportiva"},"content":{"rendered":"<div  class=\"blockSettings    hero-main-block show-breadcrumbs\" style=\"\"><div class=\"background\"><\/div>\n<div class=\"container\">\n\n    <div class=\"breadcrumbsWrapper desktop-breadcrumbs\"><nav id=\"breadcrumbs\" aria-label=\"Migas de pan\"><ol><li><a href=\"https:\/\/orthopedics.southcoast.org\/es\/\"><i class=\"fa-regular fa-house\"><\/i><span class=\"visually-hidden\">Inicio<\/span><\/a><\/li><\/ol><\/nav><\/div><div class=\"breadcrumbsWrapper mobile-breadcrumbs\"><p id=\"mobile-breadcrumbs\"><span><span><a href=\"https:\/\/orthopedics.southcoast.org\/es\"><i class=\"far fa-home\"><\/i><\/a><\/span> <i class=\"fa-solid fa-chevron-right separator\"><\/i> <span><a href=\"https:\/\/orthopedics.southcoast.org\/es\/all-areas-of-care\/\">Todos los \u00e1mbitos asistenciales<\/a><\/span><\/span><\/p><\/div>    <div class=\"grid\">\n        <div class=\"col-bleed-y\">\n            <div class=\"inner-wrap\">\n                <div class=\"content-col\">\n                                            <h1>Medicina deportiva<\/h1>\n                                        <div class=\"copy-wrap\">\n                                                    <p>Desde atletas profesionales hasta guerreros de fin de semana, nuestros expertos en medicina deportiva est\u00e1n aqu\u00ed para ayudar. Tratamos a atletas de todos los niveles con t\u00e9cnicas avanzadas y planes de tratamiento personalizados, para que puedas volver a hacer lo que m\u00e1s te gusta.<\/p>\n                                            <\/div>\n                                            <div class=\"cta-wrap\">\n                                                            <a aria-label=\"enlace para concertar una cita\" class=\"mainCTA shadow dark1\" href=\"https:\/\/www.southcoast.org\/find-a-provider\/?query=sports%20medicine\" target=\"_blank\" title=\"Abre Reservar una cita en una nueva pesta\u00f1a o ventana\" rel=\"noopener noreferrer\">Concierte una cita<span class=\"fa-regular fa-up-right-from-square\"><\/span><\/a>                                                                                <\/div>\n                                    <\/div>\n                <div class=\"media-col\">\n                                            <img\n                            class=\"main-img\"\n                            src=\"https:\/\/orthopedics.southcoast.org\/wp-content\/uploads\/sites\/4\/2025\/08\/Mass-Maritime-Baseball-01-scaled.jpg\"\n                                                        srcset=\"https:\/\/orthopedics.southcoast.org\/wp-content\/uploads\/sites\/4\/2025\/08\/Mass-Maritime-Baseball-01-scaled.jpg 2560w, https:\/\/orthopedics.southcoast.org\/wp-content\/uploads\/sites\/4\/2025\/08\/Mass-Maritime-Baseball-01-300x200.jpg 300w, https:\/\/orthopedics.southcoast.org\/wp-content\/uploads\/sites\/4\/2025\/08\/Mass-Maritime-Baseball-01-1024x683.jpg 1024w, https:\/\/orthopedics.southcoast.org\/wp-content\/uploads\/sites\/4\/2025\/08\/Mass-Maritime-Baseball-01-768x512.jpg 768w, https:\/\/orthopedics.southcoast.org\/wp-content\/uploads\/sites\/4\/2025\/08\/Mass-Maritime-Baseball-01-1536x1024.jpg 1536w, https:\/\/orthopedics.southcoast.org\/wp-content\/uploads\/sites\/4\/2025\/08\/Mass-Maritime-Baseball-01-2048x1365.jpg 2048w\"\n                            sizes=\"(max-width: 768px) 100vw, (max-width: 1200px) 50vw, 800px\"\n                                                        alt=\"\"\n                            loading=\"eager\"\n                            decoding=\"async\"\n                            fetchpriority=\"high\">\n                                                            <img decoding=\"async\" class=\"corner-art\" src=\"https:\/\/orthopedics.southcoast.org\/wp-content\/themes\/southcoast_multisite\/images\/corner-art.svg\">\n                <\/div>\n            <\/div>\n        <\/div>\n    <\/div>\n<\/div>\n\n<script>\n    document.querySelectorAll('.play-button').forEach(button => {\n        button.addEventListener('click', function() {\n            const modal = this.nextElementSibling;\n            modal.style.display = 'block';\n            document.body.style.overflow = 'hidden';\n        });\n    });\n\n    document.querySelectorAll('.close-modal, .modal-overlay').forEach(element => {\n        element.addEventListener('click', function() {\n            const modal = this.closest('.video-modal');\n            modal.style.display = 'none';\n            document.body.style.overflow = '';\n        });\n    });\n<\/script>\n<\/div>\n\n\n<div  class=\"blockSettings  paddingTopMD paddingBottomMD multiple-media-object-block light\" style=\"background-color:#fff;\"><div class=\"container\">\n    <div class=\"grid\">\n        <div class=\"col-sm-12\">\n            <div class=\"inner left disc\">\n                <div class=\"copy\">\n                        <div class=\"mainCopyWrap\">\n            <h2>Mejore su fuerza con la medicina deportiva en Southcoast Health <\/h2>\n    <div class=\"paragraphWrap\"><p>Sabemos que cada deportista -y cada lesi\u00f3n- es diferente. Por eso ofrecemos una atenci\u00f3n integral y personalizada para ayudarle a curarse m\u00e1s r\u00e1pido y a volver m\u00e1s fuerte. Desde la prevenci\u00f3n de lesiones hasta procedimientos de vanguardia, nuestros especialistas en medicina deportiva est\u00e1n con usted en cada etapa de su recuperaci\u00f3n.<\/p>\n<p><strong>Ofrecemos tratamientos avanzados y m\u00ednimamente invasivos como:<\/strong><\/p>\n<ul>\n<li><strong>Terapia con plasma rico en plaquetas (PRP):<\/strong> T\u00e9cnica medicinal utilizada para lesiones de tejidos blandos.<\/li>\n<li><strong>TenJet:<\/strong> Un tratamiento m\u00ednimamente invasivo para el dolor tendinoso cr\u00f3nico.<\/li>\n<li><strong>Reparaci\u00f3n del LCA:<\/strong> Reconstruye ligamentos da\u00f1ados mediante peque\u00f1as incisiones e injertos de tejido.<\/li>\n<li><strong>Artroscopia:<\/strong> Procedimiento quir\u00fargico m\u00ednimamente invasivo que utiliza una c\u00e1mara de fibra \u00f3ptica para diagnosticar y tratar problemas articulares.<\/li>\n<li><strong>Reparaci\u00f3n del tend\u00f3n de Aquiles:<\/strong> Opciones quir\u00fargicas y no quir\u00fargicas para las lesiones tendinosas.<\/li>\n<\/ul>\n<\/div>    <\/div>\n    \n                <\/div>\n                <div class=\"images\">\n                                            <img decoding=\"async\" class=\"first\" src=\"https:\/\/orthopedics.southcoast.org\/wp-content\/uploads\/sites\/4\/2025\/08\/Makenna-Eaton-Sports-Medicine-ACL-scaled.jpg\" alt=\"\">\n                                                                <img decoding=\"async\" class=\"second\" src=\"https:\/\/orthopedics.southcoast.org\/wp-content\/uploads\/sites\/4\/2025\/07\/Mike-Cantone-Ortho-Patient-3-1-1-scaled.png\" alt=\"\">\n                                                                <img decoding=\"async\" class=\"third\" src=\"https:\/\/orthopedics.southcoast.org\/wp-content\/uploads\/sites\/4\/2025\/07\/Mass-Maritime-Students-Stretching-in-Front-of-the-Boat-scaled.jpg\" alt=\"\">\n                                    <\/div>\n\n            <\/div>\n        <\/div>\n    <\/div>\n<\/div>\n<\/div>\n\n\n<div  class=\"blockSettings  paddingTopNone paddingBottomNone media-object-block light\" style=\"background-color:#E9F7F4;\"><div class=\"container\">\n\t<div class=\"grid\">\n\t\t<div class=\"col-sm-12\">\n\t\t\t<div class=\"inner image-right list-style-disc inner-bg\" style=\"background-color: #E9F7F4;\">\n\t\t\t\t<div class=\"copy\">\n\t\t\t\t\t    <div class=\"mainCopyWrap\">\n            <h2>Formaci\u00f3n atl\u00e9tica en los institutos locales <\/h2>\n    <div class=\"paragraphWrap\"><p>Southcoast Health proporciona entrenadores deportivos certificados a 11 institutos de nuestra regi\u00f3n, ayudando a los estudiantes-atletas a mantenerse seguros, sanos y preparados para competir. Nuestros entrenadores est\u00e1n en las l\u00edneas de banda y en las salas de entrenamiento para tratar lesiones como conmociones cerebrales, agotamiento por calor, lesiones por uso excesivo y esguinces, a la vez que se centran en la prevenci\u00f3n y la educaci\u00f3n.<\/p>\n<p>En estrecha colaboraci\u00f3n con m\u00e9dicos y terapeutas, nuestros entrenadores de atletismo garantizan un c\u00edrculo completo de atenci\u00f3n a los j\u00f3venes atletas.<\/p>\n<\/div>    <\/div>\n    \t\t\t\t<\/div>\n\t\t\t\t\t\t\t\t<div class=\"images\">\n\t\t\t\t\t\t<img decoding=\"async\" class=\"single\" src=\"https:\/\/orthopedics.southcoast.org\/wp-content\/uploads\/sites\/4\/2025\/06\/orthopedics_shoulders_athletic.webp\" alt=\"\">\n\t\t\t\t\t\t\t\t\t\t<\/div>\n\t\t\t\t\n\t\t\t<\/div>\n\t\t<\/div>\n\t<\/div>\n<\/div>\n<\/div>\n\n\n<div id=\"\" class=\"bannerFluidTwo paddingTopLG paddingBottomNone\">\n    \n        <div class=\"grid\">\n            <div class=\"col-sm-12 col-bleed\">\n                <div class=\"banner-content-wrap  darkTheme\" style=\"background-image:url(https:\/\/orthopedics.southcoast.org\/wp-content\/uploads\/sites\/4\/2025\/06\/total_joint_replacement_callout_image-1.webp);background-size:cover;background-position:center center; \">\n                    \n                    \n                    <div class=\"banner-content container\">\n                            <div class=\"mainCopyWrap\">\n            <h2>Empiece hoy mismo<\/h2>\n    <div class=\"paragraphWrap\"><p>No dejes que una lesi\u00f3n te frene. Da el primer paso hacia la curaci\u00f3n y el alto rendimiento con Southcoast Health Sports Medicine. <\/p><\/div>    <\/div>\n                                <div class=\"ctaWrap\">\n                    <a aria-label=\"enlace para encontrar una ubicaci\u00f3n\" class=\"mainCTA shadow dark1\" href=\"https:\/\/www.southcoast.org\/locations\/?service=Orthopedics\" target=\"_blank\" title=\"Abre Buscar una ubicaci\u00f3n en una nueva pesta\u00f1a o ventana\" rel=\"noopener noreferrer\">Buscar un lugar<span class=\"fa-regular fa-up-right-from-square\"><\/span><\/a>                    <a aria-label=\"enlace para concertar una cita\" class=\"mainCTA shadow dark1\" href=\"https:\/\/www.southcoast.org\/find-a-provider\/?query=sports%20medicine\" target=\"_blank\" title=\"Abre Reservar una cita en una nueva pesta\u00f1a o ventana\" rel=\"noopener noreferrer\">Concierte una cita<span class=\"fa-regular fa-up-right-from-square\"><\/span><\/a>            <\/div>\n    \n                    <\/div>\n                <\/div>\n            <\/div>\n        <\/div>\n\n        <\/div>","protected":false},"excerpt":{"rendered":"","protected":false},"author":10,"featured_media":0,"parent":2271,"menu_order":0,"comment_status":"closed","ping_status":"closed","template":"","meta":{"_acf_changed":false,"footnotes":""},"class_list":["post-2130","page","type-page","status-publish","hentry"],"acf":[],"yoast_head":"<!-- This site is optimized with the Yoast SEO plugin v26.0 - https:\/\/yoast.com\/wordpress\/plugins\/seo\/ -->\n<title>Sports Medicine - Orthopedics<\/title>\n<meta name=\"description\" content=\"Get specialized care for sports injuries at Southcoast Health. Our sports medicine team helps athletes of all levels recover safely and perform at their best.\" \/>\n<meta name=\"robots\" content=\"index, follow, max-snippet:-1, max-image-preview:large, max-video-preview:-1\" \/>\n<link rel=\"canonical\" href=\"https:\/\/orthopedics.southcoast.org\/es\/all-areas-of-care\/sports-medicine\/\" \/>\n<meta property=\"og:locale\" content=\"es_MX\" \/>\n<meta property=\"og:type\" content=\"article\" \/>\n<meta property=\"og:title\" content=\"Sports Medicine - Orthopedics\" \/>\n<meta property=\"og:description\" content=\"Get specialized care for sports injuries at Southcoast Health. Our sports medicine team helps athletes of all levels recover safely and perform at their best.\" \/>\n<meta property=\"og:url\" content=\"https:\/\/orthopedics.southcoast.org\/es\/all-areas-of-care\/sports-medicine\/\" \/>\n<meta property=\"og:site_name\" content=\"Orthopedics\" \/>\n<meta property=\"article:modified_time\" content=\"2025-10-02T04:41:29+00:00\" \/>\n<meta name=\"twitter:card\" content=\"summary_large_image\" \/>\n<script type=\"application\/ld+json\" class=\"yoast-schema-graph\">{\"@context\":\"https:\/\/schema.org\",\"@graph\":[{\"@type\":\"WebPage\",\"@id\":\"https:\/\/orthopedics.southcoast.org\/all-areas-of-care\/sports-medicine\/\",\"url\":\"https:\/\/orthopedics.southcoast.org\/all-areas-of-care\/sports-medicine\/\",\"name\":\"Sports Medicine - Orthopedics\",\"isPartOf\":{\"@id\":\"https:\/\/orthopedics.southcoast.org\/#website\"},\"datePublished\":\"2025-06-27T22:25:36+00:00\",\"dateModified\":\"2025-10-02T04:41:29+00:00\",\"description\":\"Get specialized care for sports injuries at Southcoast Health. Our sports medicine team helps athletes of all levels recover safely and perform at their best.\",\"breadcrumb\":{\"@id\":\"https:\/\/orthopedics.southcoast.org\/all-areas-of-care\/sports-medicine\/#breadcrumb\"},\"inLanguage\":\"es-MX\",\"potentialAction\":[{\"@type\":\"ReadAction\",\"target\":[\"https:\/\/orthopedics.southcoast.org\/all-areas-of-care\/sports-medicine\/\"]}]},{\"@type\":\"BreadcrumbList\",\"@id\":\"https:\/\/orthopedics.southcoast.org\/all-areas-of-care\/sports-medicine\/#breadcrumb\",\"itemListElement\":[{\"@type\":\"ListItem\",\"position\":1,\"name\":\"\",\"item\":\"https:\/\/orthopedics.southcoast.org\/\"},{\"@type\":\"ListItem\",\"position\":2,\"name\":\"All Areas of Care\",\"item\":\"https:\/\/orthopedics.southcoast.org\/all-areas-of-care\/\"},{\"@type\":\"ListItem\",\"position\":3,\"name\":\"Sports Medicine\"}]},{\"@type\":\"WebSite\",\"@id\":\"https:\/\/orthopedics.southcoast.org\/#website\",\"url\":\"https:\/\/orthopedics.southcoast.org\/\",\"name\":\"Orthopedics\",\"description\":\"\",\"potentialAction\":[{\"@type\":\"SearchAction\",\"target\":{\"@type\":\"EntryPoint\",\"urlTemplate\":\"https:\/\/orthopedics.southcoast.org\/?s={search_term_string}\"},\"query-input\":{\"@type\":\"PropertyValueSpecification\",\"valueRequired\":true,\"valueName\":\"search_term_string\"}}],\"inLanguage\":\"es-MX\"}]}<\/script>\n<!-- \/ Yoast SEO plugin. -->","yoast_head_json":{"title":"Medicina Deportiva - Ortopedia","description":"Obtenga atenci\u00f3n especializada para lesiones deportivas en Southcoast Health. Nuestro equipo de medicina deportiva ayuda a atletas de todos los niveles a recuperarse de forma segura y a rendir al m\u00e1ximo.","robots":{"index":"index","follow":"follow","max-snippet":"max-snippet:-1","max-image-preview":"max-image-preview:large","max-video-preview":"max-video-preview:-1"},"canonical":"https:\/\/orthopedics.southcoast.org\/es\/all-areas-of-care\/sports-medicine\/","og_locale":"es_MX","og_type":"article","og_title":"Sports Medicine - Orthopedics","og_description":"Get specialized care for sports injuries at Southcoast Health. Our sports medicine team helps athletes of all levels recover safely and perform at their best.","og_url":"https:\/\/orthopedics.southcoast.org\/es\/all-areas-of-care\/sports-medicine\/","og_site_name":"Orthopedics","article_modified_time":"2025-10-02T04:41:29+00:00","twitter_card":"summary_large_image","schema":{"@context":"https:\/\/schema.org","@graph":[{"@type":"WebPage","@id":"https:\/\/orthopedics.southcoast.org\/all-areas-of-care\/sports-medicine\/","url":"https:\/\/orthopedics.southcoast.org\/all-areas-of-care\/sports-medicine\/","name":"Medicina Deportiva - Ortopedia","isPartOf":{"@id":"https:\/\/orthopedics.southcoast.org\/#website"},"datePublished":"2025-06-27T22:25:36+00:00","dateModified":"2025-10-02T04:41:29+00:00","description":"Obtenga atenci\u00f3n especializada para lesiones deportivas en Southcoast Health. Nuestro equipo de medicina deportiva ayuda a atletas de todos los niveles a recuperarse de forma segura y a rendir al m\u00e1ximo.","breadcrumb":{"@id":"https:\/\/orthopedics.southcoast.org\/all-areas-of-care\/sports-medicine\/#breadcrumb"},"inLanguage":"es-MX","potentialAction":[{"@type":"ReadAction","target":["https:\/\/orthopedics.southcoast.org\/all-areas-of-care\/sports-medicine\/"]}]},{"@type":"BreadcrumbList","@id":"https:\/\/orthopedics.southcoast.org\/all-areas-of-care\/sports-medicine\/#breadcrumb","itemListElement":[{"@type":"ListItem","position":1,"name":"","item":"https:\/\/orthopedics.southcoast.org\/"},{"@type":"ListItem","position":2,"name":"All Areas of Care","item":"https:\/\/orthopedics.southcoast.org\/all-areas-of-care\/"},{"@type":"ListItem","position":3,"name":"Sports Medicine"}]},{"@type":"WebSite","@id":"https:\/\/orthopedics.southcoast.org\/#website","url":"https:\/\/orthopedics.southcoast.org\/","name":"Ortopedia","description":"","potentialAction":[{"@type":"SearchAction","target":{"@type":"EntryPoint","urlTemplate":"https:\/\/orthopedics.southcoast.org\/?s={search_term_string}"},"query-input":{"@type":"PropertyValueSpecification","valueRequired":true,"valueName":"search_term_string"}}],"inLanguage":"es-MX"}]}},"_links":{"self":[{"href":"https:\/\/orthopedics.southcoast.org\/es\/wp-json\/wp\/v2\/pages\/2130","targetHints":{"allow":["GET"]}}],"collection":[{"href":"https:\/\/orthopedics.southcoast.org\/es\/wp-json\/wp\/v2\/pages"}],"about":[{"href":"https:\/\/orthopedics.southcoast.org\/es\/wp-json\/wp\/v2\/types\/page"}],"author":[{"embeddable":true,"href":"https:\/\/orthopedics.southcoast.org\/es\/wp-json\/wp\/v2\/users\/10"}],"replies":[{"embeddable":true,"href":"https:\/\/orthopedics.southcoast.org\/es\/wp-json\/wp\/v2\/comments?post=2130"}],"version-history":[{"count":28,"href":"https:\/\/orthopedics.southcoast.org\/es\/wp-json\/wp\/v2\/pages\/2130\/revisions"}],"predecessor-version":[{"id":3273,"href":"https:\/\/orthopedics.southcoast.org\/es\/wp-json\/wp\/v2\/pages\/2130\/revisions\/3273"}],"up":[{"embeddable":true,"href":"https:\/\/orthopedics.southcoast.org\/es\/wp-json\/wp\/v2\/pages\/2271"}],"wp:attachment":[{"href":"https:\/\/orthopedics.southcoast.org\/es\/wp-json\/wp\/v2\/media?parent=2130"}],"curies":[{"name":"wp","href":"https:\/\/api.w.org\/{rel}","templated":true}]}}