{"id":2149,"date":"2025-06-27T22:56:29","date_gmt":"2025-06-27T22:56:29","guid":{"rendered":"https:\/\/orthopedics.test-southcoast-health-multi.southcoast-health.org\/?page_id=2149"},"modified":"2025-08-18T21:15:43","modified_gmt":"2025-08-18T21:15:43","slug":"hand-surgery","status":"publish","type":"page","link":"https:\/\/orthopedics.southcoast.org\/es\/all-areas-of-care\/hand-surgery\/","title":{"rendered":"Cirug\u00eda de la mano"},"content":{"rendered":"<div  class=\"blockSettings    hero-main-block show-breadcrumbs\" style=\"\"><div class=\"background\"><\/div>\n<div class=\"container\">\n\n    <div class=\"breadcrumbsWrapper desktop-breadcrumbs\"><nav id=\"breadcrumbs\" aria-label=\"Migas de pan\"><ol><li><a href=\"https:\/\/orthopedics.southcoast.org\/es\/\"><i class=\"fa-regular fa-house\"><\/i><span class=\"visually-hidden\">Inicio<\/span><\/a><\/li><\/ol><\/nav><\/div><div class=\"breadcrumbsWrapper mobile-breadcrumbs\"><p id=\"mobile-breadcrumbs\"><span><span><a href=\"https:\/\/orthopedics.southcoast.org\/es\"><i class=\"far fa-home\"><\/i><\/a><\/span> <i class=\"fa-solid fa-chevron-right separator\"><\/i> <span><a href=\"https:\/\/orthopedics.southcoast.org\/es\/all-areas-of-care\/\">Todos los \u00e1mbitos asistenciales<\/a><\/span><\/span><\/p><\/div>    <div class=\"grid\">\n        <div class=\"col-bleed-y\">\n            <div class=\"inner-wrap\">\n                <div class=\"content-col\">\n                                            <h1>Cirug\u00eda de la mano\u00a0<\/h1>\n                                        <div class=\"copy-wrap\">\n                                                    <p><span class=\"TextRun SCXW35518034 BCX0\" lang=\"EN-US\" xml:lang=\"EN-US\" data-contrast=\"auto\"><span class=\"NormalTextRun SCXW35518034 BCX0\">Tus manos te ayudan a trabajar, a relacionarte y a cuidarte. Cuando el dolor, las lesiones<\/span><span class=\"NormalTextRun SCXW35518034 BCX0\"> o la artritis se interpongan en su camino, los especialistas en manos de Southcoast Orthopedics est\u00e1n aqu\u00ed para ayudarle a recuperar su comodidad, <\/span><span class=\"NormalTextRun SCXW35518034 BCX0\">funci\u00f3n<\/span><span class=\"NormalTextRun SCXW35518034 BCX0\"> y fuerza.<\/span><\/span><span class=\"EOP SCXW35518034 BCX0\" data-ccp-props=\"{}\">\u00a0<\/span><\/p>\n                                            <\/div>\n                                            <div class=\"cta-wrap\">\n                                                            <a aria-label=\"enlace para concertar una cita\" class=\"mainCTA shadow dark1\" href=\"https:\/\/www.southcoast.org\/find-a-provider\/?query=Orthopedics\" title=\"Abrir Reservar una cita\" >Concierte una cita<\/a>                                                                                <\/div>\n                                    <\/div>\n                <div class=\"media-col\">\n                                            <img\n                            class=\"main-img\"\n                            src=\"https:\/\/orthopedics.southcoast.org\/wp-content\/uploads\/sites\/4\/2025\/07\/Hand-and-Wrist-Pain-Orthopedics-2.jpg\"\n                                                        srcset=\"https:\/\/orthopedics.southcoast.org\/wp-content\/uploads\/sites\/4\/2025\/07\/Hand-and-Wrist-Pain-Orthopedics-2.jpg 2121w, https:\/\/orthopedics.southcoast.org\/wp-content\/uploads\/sites\/4\/2025\/07\/Hand-and-Wrist-Pain-Orthopedics-2-300x200.jpg 300w, https:\/\/orthopedics.southcoast.org\/wp-content\/uploads\/sites\/4\/2025\/07\/Hand-and-Wrist-Pain-Orthopedics-2-1024x683.jpg 1024w, https:\/\/orthopedics.southcoast.org\/wp-content\/uploads\/sites\/4\/2025\/07\/Hand-and-Wrist-Pain-Orthopedics-2-768x512.jpg 768w, https:\/\/orthopedics.southcoast.org\/wp-content\/uploads\/sites\/4\/2025\/07\/Hand-and-Wrist-Pain-Orthopedics-2-1536x1024.jpg 1536w, https:\/\/orthopedics.southcoast.org\/wp-content\/uploads\/sites\/4\/2025\/07\/Hand-and-Wrist-Pain-Orthopedics-2-2048x1365.jpg 2048w\"\n                            sizes=\"(max-width: 768px) 100vw, (max-width: 1200px) 50vw, 800px\"\n                                                        alt=\"\"\n                            loading=\"eager\"\n                            decoding=\"async\"\n                            fetchpriority=\"high\">\n                                                            <img decoding=\"async\" class=\"corner-art\" src=\"https:\/\/orthopedics.southcoast.org\/wp-content\/themes\/southcoast_multisite\/images\/corner-art.svg\">\n                <\/div>\n            <\/div>\n        <\/div>\n    <\/div>\n<\/div>\n\n<script>\n    document.querySelectorAll('.play-button').forEach(button => {\n        button.addEventListener('click', function() {\n            const modal = this.nextElementSibling;\n            modal.style.display = 'block';\n            document.body.style.overflow = 'hidden';\n        });\n    });\n\n    document.querySelectorAll('.close-modal, .modal-overlay').forEach(element => {\n        element.addEventListener('click', function() {\n            const modal = this.closest('.video-modal');\n            modal.style.display = 'none';\n            document.body.style.overflow = '';\n        });\n    });\n<\/script>\n<\/div>\n\n\n<div  class=\"blockSettings  paddingTopMD paddingBottomMD media-object-block light\" style=\"background-color:#fff;\"><div class=\"container\">\n\t<div class=\"grid\">\n\t\t<div class=\"col-sm-12\">\n\t\t\t<div class=\"inner image-left list-style-disc inner-white-bg\" style=\"background-color: #fff;\">\n\t\t\t\t<div class=\"copy\">\n\t\t\t\t\t    <div class=\"mainCopyWrap\">\n            <h2>Qu\u00e9 trata la cirug\u00eda de la mano <\/h2>\n    <div class=\"paragraphWrap\"><p>Nuestros especialistas en mano y cirujanos ortop\u00e9dicos diagnostican y tratan una amplia gama de afecciones que afectan a la mano, la mu\u00f1eca y el antebrazo. Esto incluye:<\/p>\n<ul>\n<li>Artritis<\/li>\n<li>Deformidad de Boutonni\u00e8re<\/li>\n<li>S\u00edndrome del t\u00fanel carpiano y cubital<\/li>\n<li>Tendinosis de De Quervain<\/li>\n<li>Fracturas y fracturas \u00f3seas<\/li>\n<li>Quistes ganglionares<\/li>\n<li>Lesiones y compresiones nerviosas<\/li>\n<li>Lesiones del ligamento escafolunar<\/li>\n<li>Lesiones tendinosas y dedo en gatillo<\/li>\n<li>S\u00edndrome del t\u00fanel cubital<\/li>\n<\/ul>\n<p>Trabajamos con usted para determinar el plan de tratamiento m\u00e1s eficaz, quir\u00fargico o no quir\u00fargico, en funci\u00f3n de su estado y sus objetivos.<\/p>\n<\/div>    <\/div>\n    \t\t\t\t<\/div>\n\t\t\t\t\t\t\t\t<div class=\"images\">\n\t\t\t\t\t\t<img decoding=\"async\" class=\"single\" src=\"https:\/\/orthopedics.southcoast.org\/wp-content\/uploads\/sites\/4\/2025\/07\/Doctor-and-Patient-Hand-Pain.jpg\" alt=\"\">\n\t\t\t\t\t\t\t\t\t\t<\/div>\n\t\t\t\t\n\t\t\t<\/div>\n\t\t<\/div>\n\t<\/div>\n<\/div>\n<\/div>\n\n\n<div  class=\"blockSettings  paddingTopNone paddingBottomNone media-object-block light\" style=\"\"><div class=\"container\">\n\t<div class=\"grid\">\n\t\t<div class=\"col-sm-12\">\n\t\t\t<div class=\"inner image-right list-style-disc inner-bg\" style=\"background-color: #f6f7f7;\">\n\t\t\t\t<div class=\"copy\">\n\t\t\t\t\t    <div class=\"mainCopyWrap\">\n            <h2>Atenci\u00f3n personalizada y proveedores de primera clase<\/h2>\n    <div class=\"paragraphWrap\"><p>Nuestro equipo de cirug\u00eda de la mano incluye especialistas de talla mundial y traumat\u00f3logos experimentados que se centran en la atenci\u00f3n personalizada. Utilizamos las \u00faltimas t\u00e9cnicas quir\u00fargicas y ofrecemos una gama completa de tratamientos, desde la evaluaci\u00f3n hasta la rehabilitaci\u00f3n, todo cerca de casa. Cuando necesite alivio del dolor, apoyo a la movilidad o cirug\u00eda compleja, estamos aqu\u00ed para ayudarle a seguir adelante.<\/p>\n<\/div>    <\/div>\n    \t\t\t\t<\/div>\n\t\t\t\t\t\t\t\t<div class=\"images\">\n\t\t\t\t\t\t<img decoding=\"async\" class=\"single\" src=\"https:\/\/orthopedics.southcoast.org\/wp-content\/uploads\/sites\/4\/2025\/07\/Hand-and-Wrist-Pain-Orthopedics-1.jpg\" alt=\"\">\n\t\t\t\t\t\t\t\t\t\t<\/div>\n\t\t\t\t\n\t\t\t<\/div>\n\t\t<\/div>\n\t<\/div>\n<\/div>\n<\/div>\n\n\n<div id=\"\" class=\"bannerFluidTwo paddingTopLG paddingBottomNone\">\n    \n        <div class=\"grid\">\n            <div class=\"col-sm-12 col-bleed\">\n                <div class=\"banner-content-wrap  darkTheme\" style=\"background-image:url(https:\/\/orthopedics.southcoast.org\/wp-content\/uploads\/sites\/4\/2025\/06\/total_joint_replacement_callout_image-1.webp);background-size:cover;background-position:center center; \">\n                    \n                    \n                    <div class=\"banner-content container\">\n                            <div class=\"mainCopyWrap\">\n            <h2>Empiece hoy mismo<\/h2>\n    <div class=\"paragraphWrap\"><p>Comience su viaje hacia el alivio del dolor, el restablecimiento de las funciones y una confianza renovada en sus actividades diarias. En Southcoast Health Orthopedics, estamos aqu\u00ed para apoyar su curaci\u00f3n con experiencia de confianza y atenci\u00f3n compasiva. <\/p><\/div>    <\/div>\n                                <div class=\"ctaWrap\">\n                    <a aria-label=\"enlace para encontrar una ubicaci\u00f3n\" class=\"mainCTA shadow dark1\" href=\"https:\/\/www.southcoast.org\/locations\/?service=Orthopedics\" title=\"Abrir Buscar una ubicaci\u00f3n\" >Buscar un lugar<\/a>                    <a aria-label=\"enlace para concertar una cita\" class=\"mainCTA shadow dark1\" href=\"https:\/\/www.southcoast.org\/find-a-provider\/?query=Orthopedics\" title=\"Abrir Reservar una cita\" >Concierte una cita<\/a>            <\/div>\n    \n                    <\/div>\n                <\/div>\n            <\/div>\n        <\/div>\n\n        <\/div>","protected":false},"excerpt":{"rendered":"","protected":false},"author":10,"featured_media":0,"parent":2271,"menu_order":0,"comment_status":"closed","ping_status":"closed","template":"","meta":{"_acf_changed":false,"footnotes":""},"class_list":["post-2149","page","type-page","status-publish","hentry"],"acf":[],"yoast_head":"<!-- This site is optimized with the Yoast SEO plugin v26.0 - https:\/\/yoast.com\/wordpress\/plugins\/seo\/ -->\n<title>Hand Surgery - Orthopedics<\/title>\n<meta name=\"description\" content=\"Southcoast Health offers expert hand and wrist care, from arthritis and injuries to carpal tunnel surgery and minimally invasive procedures.\" \/>\n<meta name=\"robots\" content=\"index, follow, max-snippet:-1, max-image-preview:large, max-video-preview:-1\" \/>\n<link rel=\"canonical\" href=\"https:\/\/orthopedics.southcoast.org\/es\/all-areas-of-care\/hand-surgery\/\" \/>\n<meta property=\"og:locale\" content=\"es_MX\" \/>\n<meta property=\"og:type\" content=\"article\" \/>\n<meta property=\"og:title\" content=\"Hand Surgery - Orthopedics\" \/>\n<meta property=\"og:description\" content=\"Southcoast Health offers expert hand and wrist care, from arthritis and injuries to carpal tunnel surgery and minimally invasive procedures.\" \/>\n<meta property=\"og:url\" content=\"https:\/\/orthopedics.southcoast.org\/es\/all-areas-of-care\/hand-surgery\/\" \/>\n<meta property=\"og:site_name\" content=\"Orthopedics\" \/>\n<meta property=\"article:modified_time\" content=\"2025-08-18T21:15:43+00:00\" \/>\n<meta name=\"twitter:card\" content=\"summary_large_image\" \/>\n<script type=\"application\/ld+json\" class=\"yoast-schema-graph\">{\"@context\":\"https:\/\/schema.org\",\"@graph\":[{\"@type\":\"WebPage\",\"@id\":\"https:\/\/orthopedics.southcoast.org\/all-areas-of-care\/hand-surgery\/\",\"url\":\"https:\/\/orthopedics.southcoast.org\/all-areas-of-care\/hand-surgery\/\",\"name\":\"Hand Surgery - Orthopedics\",\"isPartOf\":{\"@id\":\"https:\/\/orthopedics.southcoast.org\/#website\"},\"datePublished\":\"2025-06-27T22:56:29+00:00\",\"dateModified\":\"2025-08-18T21:15:43+00:00\",\"description\":\"Southcoast Health offers expert hand and wrist care, from arthritis and injuries to carpal tunnel surgery and minimally invasive procedures.\",\"breadcrumb\":{\"@id\":\"https:\/\/orthopedics.southcoast.org\/all-areas-of-care\/hand-surgery\/#breadcrumb\"},\"inLanguage\":\"es-MX\",\"potentialAction\":[{\"@type\":\"ReadAction\",\"target\":[\"https:\/\/orthopedics.southcoast.org\/all-areas-of-care\/hand-surgery\/\"]}]},{\"@type\":\"BreadcrumbList\",\"@id\":\"https:\/\/orthopedics.southcoast.org\/all-areas-of-care\/hand-surgery\/#breadcrumb\",\"itemListElement\":[{\"@type\":\"ListItem\",\"position\":1,\"name\":\"\",\"item\":\"https:\/\/orthopedics.southcoast.org\/\"},{\"@type\":\"ListItem\",\"position\":2,\"name\":\"All Areas of Care\",\"item\":\"https:\/\/orthopedics.southcoast.org\/all-areas-of-care\/\"},{\"@type\":\"ListItem\",\"position\":3,\"name\":\"Hand Surgery\"}]},{\"@type\":\"WebSite\",\"@id\":\"https:\/\/orthopedics.southcoast.org\/#website\",\"url\":\"https:\/\/orthopedics.southcoast.org\/\",\"name\":\"Orthopedics\",\"description\":\"\",\"potentialAction\":[{\"@type\":\"SearchAction\",\"target\":{\"@type\":\"EntryPoint\",\"urlTemplate\":\"https:\/\/orthopedics.southcoast.org\/?s={search_term_string}\"},\"query-input\":{\"@type\":\"PropertyValueSpecification\",\"valueRequired\":true,\"valueName\":\"search_term_string\"}}],\"inLanguage\":\"es-MX\"}]}<\/script>\n<!-- \/ Yoast SEO plugin. -->","yoast_head_json":{"title":"Hand Surgery - Orthopedics","description":"Southcoast Health offers expert hand and wrist care, from arthritis and injuries to carpal tunnel surgery and minimally invasive procedures.","robots":{"index":"index","follow":"follow","max-snippet":"max-snippet:-1","max-image-preview":"max-image-preview:large","max-video-preview":"max-video-preview:-1"},"canonical":"https:\/\/orthopedics.southcoast.org\/es\/all-areas-of-care\/hand-surgery\/","og_locale":"es_MX","og_type":"article","og_title":"Hand Surgery - Orthopedics","og_description":"Southcoast Health offers expert hand and wrist care, from arthritis and injuries to carpal tunnel surgery and minimally invasive procedures.","og_url":"https:\/\/orthopedics.southcoast.org\/es\/all-areas-of-care\/hand-surgery\/","og_site_name":"Orthopedics","article_modified_time":"2025-08-18T21:15:43+00:00","twitter_card":"summary_large_image","schema":{"@context":"https:\/\/schema.org","@graph":[{"@type":"WebPage","@id":"https:\/\/orthopedics.southcoast.org\/all-areas-of-care\/hand-surgery\/","url":"https:\/\/orthopedics.southcoast.org\/all-areas-of-care\/hand-surgery\/","name":"Hand Surgery - Orthopedics","isPartOf":{"@id":"https:\/\/orthopedics.southcoast.org\/#website"},"datePublished":"2025-06-27T22:56:29+00:00","dateModified":"2025-08-18T21:15:43+00:00","description":"Southcoast Health offers expert hand and wrist care, from arthritis and injuries to carpal tunnel surgery and minimally invasive procedures.","breadcrumb":{"@id":"https:\/\/orthopedics.southcoast.org\/all-areas-of-care\/hand-surgery\/#breadcrumb"},"inLanguage":"es-MX","potentialAction":[{"@type":"ReadAction","target":["https:\/\/orthopedics.southcoast.org\/all-areas-of-care\/hand-surgery\/"]}]},{"@type":"BreadcrumbList","@id":"https:\/\/orthopedics.southcoast.org\/all-areas-of-care\/hand-surgery\/#breadcrumb","itemListElement":[{"@type":"ListItem","position":1,"name":"","item":"https:\/\/orthopedics.southcoast.org\/"},{"@type":"ListItem","position":2,"name":"All Areas of Care","item":"https:\/\/orthopedics.southcoast.org\/all-areas-of-care\/"},{"@type":"ListItem","position":3,"name":"Hand Surgery"}]},{"@type":"WebSite","@id":"https:\/\/orthopedics.southcoast.org\/#website","url":"https:\/\/orthopedics.southcoast.org\/","name":"Ortopedia","description":"","potentialAction":[{"@type":"SearchAction","target":{"@type":"EntryPoint","urlTemplate":"https:\/\/orthopedics.southcoast.org\/?s={search_term_string}"},"query-input":{"@type":"PropertyValueSpecification","valueRequired":true,"valueName":"search_term_string"}}],"inLanguage":"es-MX"}]}},"_links":{"self":[{"href":"https:\/\/orthopedics.southcoast.org\/es\/wp-json\/wp\/v2\/pages\/2149","targetHints":{"allow":["GET"]}}],"collection":[{"href":"https:\/\/orthopedics.southcoast.org\/es\/wp-json\/wp\/v2\/pages"}],"about":[{"href":"https:\/\/orthopedics.southcoast.org\/es\/wp-json\/wp\/v2\/types\/page"}],"author":[{"embeddable":true,"href":"https:\/\/orthopedics.southcoast.org\/es\/wp-json\/wp\/v2\/users\/10"}],"replies":[{"embeddable":true,"href":"https:\/\/orthopedics.southcoast.org\/es\/wp-json\/wp\/v2\/comments?post=2149"}],"version-history":[{"count":34,"href":"https:\/\/orthopedics.southcoast.org\/es\/wp-json\/wp\/v2\/pages\/2149\/revisions"}],"predecessor-version":[{"id":3197,"href":"https:\/\/orthopedics.southcoast.org\/es\/wp-json\/wp\/v2\/pages\/2149\/revisions\/3197"}],"up":[{"embeddable":true,"href":"https:\/\/orthopedics.southcoast.org\/es\/wp-json\/wp\/v2\/pages\/2271"}],"wp:attachment":[{"href":"https:\/\/orthopedics.southcoast.org\/es\/wp-json\/wp\/v2\/media?parent=2149"}],"curies":[{"name":"wp","href":"https:\/\/api.w.org\/{rel}","templated":true}]}}