{"id":2334,"date":"2025-07-02T15:52:43","date_gmt":"2025-07-02T15:52:43","guid":{"rendered":"https:\/\/orthopedics.test-southcoast-health-multi.southcoast-health.org\/?page_id=2334"},"modified":"2025-10-22T14:04:57","modified_gmt":"2025-10-22T14:04:57","slug":"programs","status":"publish","type":"page","link":"https:\/\/orthopedics.southcoast.org\/es\/homepage\/programs\/","title":{"rendered":"Programas de ortopedia"},"content":{"rendered":"<div class=\"hero-secondary-block\">\n    <div class=\"background\" style=\"background-color: transparent\"><\/div>\n    <div class=\"container\">\n        <div class=\"grid\">\n            <div class=\"col-bleed-y\">\n                <div class=\"grid intro-text\">\n                    <img decoding=\"async\" class=\"corner-art\" src=\"https:\/\/orthopedics.southcoast.org\/wp-content\/themes\/southcoast_multisite\/images\/herobasic-corner-art.png\" alt=\"corner art\">\n                    <div class=\"col-md-9\">\n                                                    <div class=\"breadcrumbsWrapper desktop-breadcrumbs\"><nav id=\"breadcrumbs\" aria-label=\"Migas de pan\"><ol><li><a href=\"https:\/\/orthopedics.southcoast.org\/es\/\"><i class=\"fa-regular fa-house\"><\/i><span class=\"visually-hidden\">Inicio<\/span><\/a><\/li><\/ol><\/nav><\/div><div class=\"breadcrumbsWrapper mobile-breadcrumbs\"><p id=\"mobile-breadcrumbs\"><span><span><a href=\"https:\/\/orthopedics.southcoast.org\/es\"><i class=\"far fa-home\"><\/i><\/a><\/span> <i class=\"fa-solid fa-chevron-right separator\"><\/i> <span><a href=\"https:\/\/orthopedics.southcoast.org\/es\/\">P\u00e1gina de inicio<\/a><\/span><\/span><\/p><\/div>                                                                                                    <h1>Programas de ortopedia<\/h1>\n                                                                    <\/div>\n                    \n                <\/div>\n                <div class=\"image\">\n                                            <img decoding=\"async\" class=\"hero-img\" src=\"https:\/\/orthopedics.southcoast.org\/wp-content\/uploads\/sites\/4\/2025\/06\/understanding_media_object.webp\" alt=\"\">\n                                    <\/div>\n                            <\/div>\n        <\/div>\n    <\/div>\n<\/div>\n\n\n<div  class=\"blockSettings  paddingTopNone paddingBottomNone cardIconsFluid cardIconsImageFluid light\" style=\"\">\t<div class=\"container\">\n\t\t\t\t\t<div class=\"grid\">\n\t\t\t\t<div class=\"col-sm-12\">\n\t\t\t\t\t<div class=\"introCenter\">\n\t\t\t\t\t\t<div class=\"maincopy intro\">\n\t\t\t\t\t\t\t<h2><\/h2>\n\t\t\t\t\t\t\t\t\t\t\t\t\t<\/div>\n\t\t\t\t\t\t\t\t\t\t\t\t\t\t\t\t\t\t\t\t\t\t\t\t\t\t                                                                                                        \t\t\t\t\t<\/div>\n\t\t\t\t<\/div>\n\t\t\t<\/div>\n\t\t\n\t\t\t\t\t<!--Manual Cards-->\n\t\t\t<div class=\"grid\">\n\t\t\t\t\t\t\t\t\t\t\t<div class=\"col-sm-6 col-md-auto col-grid\">\n\t\t\t\t\t\t\t\t<div class=\"cardBasic  Center Vertical\">\n\t\t\t\t\t\t\t\t\t\t\t\t\t\t\t\t\t\t\t<span class=\"icon fa-classic fa-light fa-person-running\"><\/span>\n\t\t\t\t\t\t\t\t\t\t\t\t\t\t\t\t\t\t\n\t\t\t\t\t\t\t\t\t<div class=\"cardBasicBody\">\n\t\t\t\t\t\t\t\t\t\t<div class=\"cardBasicBodyTitle\" role=\"title\">Sustituci\u00f3n total y parcial de articulaciones<\/div>\n\t\t\t\t\t\t\t\t\t\t\t\t\t\t\t\t\t\t\t\t\t\t\t\t\t\t\t\t\t\t\t<div class=\"cardLinks\">\n\t\t\t\t\t\t\t\t\t\t\t\t\t\t\t\t\t\t\t\t\t\t\t<a aria-label=\"enlace para obtener m\u00e1s informaci\u00f3n sobre la sustituci\u00f3n total y parcial de articulaciones\" title=\"enlace a M\u00e1s informaci\u00f3n\" href=\"https:\/\/orthopedics.live-southcoast-health-multi.southcoast-health.org\/total-and-partial-joint-replacement\/\" target=\"_self\" class=\"mainCTA light3\">\n\t\t\t\t\t\t\t\t\t\t\t\t\t<span class=\"icon-cta fa-regular fa-arrow-up-right\" aria-hidden=\"true\"><\/span>\n\t\t\t\t\t\t\t\t\t\t\t\t\tM\u00e1s informaci\u00f3n\t\t\t\t\t\t\t\t\t\t\t\t<\/a>\n\t\t\t\t\t\t\t\t\t\t\t\t\t\t\t\t\t\t\t\t\t\t\t\n\t\t\t\t\t\t\t\t\t\t\t\t\t\t\t\t\t\t\t\t\t\t<\/div>\n\t\t\t\t\t\t\t\t\t\t\t\t\t\t\t\t\t\t\t<\/div>\n\t\t\t\t\t\t\t\t<\/div>\n\t\t\t\t\t\t\t<\/div>\n\t\t\t\t\t\t\t\t\t\t\t\t<div class=\"col-sm-6 col-md-auto col-grid\">\n\t\t\t\t\t\t\t\t<div class=\"cardBasic  Center Vertical\">\n\t\t\t\t\t\t\t\t\t\t\t\t\t\t\t\t\t\t\t<span class=\"icon fa-classic fa-light fa-bone\"><\/span>\n\t\t\t\t\t\t\t\t\t\t\t\t\t\t\t\t\t\t\n\t\t\t\t\t\t\t\t\t<div class=\"cardBasicBody\">\n\t\t\t\t\t\t\t\t\t\t<div class=\"cardBasicBodyTitle\" role=\"title\">Tratamiento y prevenci\u00f3n de la osteoporosis<\/div>\n\t\t\t\t\t\t\t\t\t\t\t\t\t\t\t\t\t\t\t\t\t\t\t\t\t\t\t\t\t\t\t<div class=\"cardLinks\">\n\t\t\t\t\t\t\t\t\t\t\t\t\t\t\t\t\t\t\t\t\t\t\t<a aria-label=\"enlace para saber m\u00e1s sobre el tratamiento y la prevenci\u00f3n de la osteoporosis\" title=\"enlace a M\u00e1s informaci\u00f3n\" href=\"https:\/\/orthopedics.live-southcoast-health-multi.southcoast-health.org\/osteoporosis-treatment-and-prevention\/\" target=\"_self\" class=\"mainCTA light3\">\n\t\t\t\t\t\t\t\t\t\t\t\t\t<span class=\"icon-cta fa-regular fa-arrow-up-right\" aria-hidden=\"true\"><\/span>\n\t\t\t\t\t\t\t\t\t\t\t\t\tM\u00e1s informaci\u00f3n\t\t\t\t\t\t\t\t\t\t\t\t<\/a>\n\t\t\t\t\t\t\t\t\t\t\t\t\t\t\t\t\t\t\t\t\t\t\t\n\t\t\t\t\t\t\t\t\t\t\t\t\t\t\t\t\t\t\t\t\t\t<\/div>\n\t\t\t\t\t\t\t\t\t\t\t\t\t\t\t\t\t\t\t<\/div>\n\t\t\t\t\t\t\t\t<\/div>\n\t\t\t\t\t\t\t<\/div>\n\t\t\t\t\t\t\t\t<\/div>\n\t\t\t<\/div>\n<\/div>\n\n\n<div  class=\"blockSettings  paddingTopNone paddingBottomMD media-object-block light\" style=\"\"><div class=\"container\">\n\t<div class=\"grid\">\n\t\t<div class=\"col-sm-12\">\n\t\t\t<div class=\"inner image-left list-style-disc inner-bg\" style=\"background-color: #f6f7f7;\">\n\t\t\t\t<div class=\"copy\">\n\t\t\t\t\t    <div class=\"mainCopyWrap\">\n            <h2>Encuentre un centro Southcoast Health cerca de usted<\/h2>\n    <div class=\"paragraphWrap\"><p>Southcoast Health, que cuenta con pr\u00e1cticos centros en el sureste de Massachusetts, Rhode Island y las zonas circundantes, facilita el acceso a la atenci\u00f3n que se merece, cerca de casa.<\/p>\n<p>Empiece hoy mismo su viaje hacia una mejor salud.<\/p>\n<\/div>    <\/div>\n        <div class=\"ctaWrap\">\n                    <a aria-label=\"enlace para concertar una cita\" class=\"mainCTA shadow light1\" href=\"https:\/\/www.southcoast.org\/find-a-provider\/?query=Orthopedics\" title=\"Abrir Reservar una cita\" >Concierte una cita<\/a>            <\/div>\n    \t\t\t\t<\/div>\n\t\t\t\t\t\t\t\t<div class=\"images\">\n\t\t\t\t\t\t<img decoding=\"async\" class=\"single\" src=\"https:\/\/orthopedics.southcoast.org\/wp-content\/uploads\/sites\/4\/2025\/06\/mako_photo_1.webp\" alt=\"\">\n\t\t\t\t\t\t\t\t\t\t\t\t\t    <div class=\"cornerArtWrapper cornerArt-small\">\n        <img decoding=\"async\" class=\"cornerArt\" src=\"https:\/\/orthopedics.southcoast.org\/wp-content\/themes\/southcoast_multisite\/images\/corner-art.svg\" alt=\"\">\n    <\/div>\n\t\t\t\t\t\t\t\t\t\t<\/div>\n\t\t\t\t\n\t\t\t<\/div>\n\t\t<\/div>\n\t<\/div>\n<\/div>\n<\/div>","protected":false},"excerpt":{"rendered":"","protected":false},"author":6,"featured_media":0,"parent":2,"menu_order":0,"comment_status":"closed","ping_status":"closed","template":"","meta":{"_acf_changed":false,"footnotes":""},"class_list":["post-2334","page","type-page","status-publish","hentry"],"acf":[],"yoast_head":"<!-- This site is optimized with the Yoast SEO plugin v26.0 - https:\/\/yoast.com\/wordpress\/plugins\/seo\/ -->\n<title>Orthopedics Programs - Orthopedics<\/title>\n<meta name=\"robots\" content=\"index, follow, max-snippet:-1, max-image-preview:large, max-video-preview:-1\" \/>\n<link rel=\"canonical\" href=\"https:\/\/orthopedics.southcoast.org\/es\/homepage\/programs\/\" \/>\n<meta property=\"og:locale\" content=\"es_MX\" \/>\n<meta property=\"og:type\" content=\"article\" \/>\n<meta property=\"og:title\" content=\"Orthopedics Programs - Orthopedics\" \/>\n<meta property=\"og:url\" content=\"https:\/\/orthopedics.southcoast.org\/es\/homepage\/programs\/\" \/>\n<meta property=\"og:site_name\" content=\"Orthopedics\" \/>\n<meta property=\"article:modified_time\" content=\"2025-10-22T14:04:57+00:00\" \/>\n<meta name=\"twitter:card\" content=\"summary_large_image\" \/>\n<script type=\"application\/ld+json\" class=\"yoast-schema-graph\">{\"@context\":\"https:\/\/schema.org\",\"@graph\":[{\"@type\":\"WebPage\",\"@id\":\"https:\/\/orthopedics.southcoast.org\/homepage\/programs\/\",\"url\":\"https:\/\/orthopedics.southcoast.org\/homepage\/programs\/\",\"name\":\"Orthopedics Programs - Orthopedics\",\"isPartOf\":{\"@id\":\"https:\/\/orthopedics.southcoast.org\/#website\"},\"datePublished\":\"2025-07-02T15:52:43+00:00\",\"dateModified\":\"2025-10-22T14:04:57+00:00\",\"breadcrumb\":{\"@id\":\"https:\/\/orthopedics.southcoast.org\/homepage\/programs\/#breadcrumb\"},\"inLanguage\":\"es-MX\",\"potentialAction\":[{\"@type\":\"ReadAction\",\"target\":[\"https:\/\/orthopedics.southcoast.org\/homepage\/programs\/\"]}]},{\"@type\":\"BreadcrumbList\",\"@id\":\"https:\/\/orthopedics.southcoast.org\/homepage\/programs\/#breadcrumb\",\"itemListElement\":[{\"@type\":\"ListItem\",\"position\":1,\"name\":\"\",\"item\":\"https:\/\/orthopedics.southcoast.org\/\"},{\"@type\":\"ListItem\",\"position\":2,\"name\":\"Homepage\",\"item\":\"https:\/\/orthopedics.southcoast.org\/\"},{\"@type\":\"ListItem\",\"position\":3,\"name\":\"Orthopedics Programs\"}]},{\"@type\":\"WebSite\",\"@id\":\"https:\/\/orthopedics.southcoast.org\/#website\",\"url\":\"https:\/\/orthopedics.southcoast.org\/\",\"name\":\"Orthopedics\",\"description\":\"\",\"potentialAction\":[{\"@type\":\"SearchAction\",\"target\":{\"@type\":\"EntryPoint\",\"urlTemplate\":\"https:\/\/orthopedics.southcoast.org\/?s={search_term_string}\"},\"query-input\":{\"@type\":\"PropertyValueSpecification\",\"valueRequired\":true,\"valueName\":\"search_term_string\"}}],\"inLanguage\":\"es-MX\"}]}<\/script>\n<!-- \/ Yoast SEO plugin. -->","yoast_head_json":{"title":"Orthopedics Programs - Orthopedics","robots":{"index":"index","follow":"follow","max-snippet":"max-snippet:-1","max-image-preview":"max-image-preview:large","max-video-preview":"max-video-preview:-1"},"canonical":"https:\/\/orthopedics.southcoast.org\/es\/homepage\/programs\/","og_locale":"es_MX","og_type":"article","og_title":"Orthopedics Programs - Orthopedics","og_url":"https:\/\/orthopedics.southcoast.org\/es\/homepage\/programs\/","og_site_name":"Orthopedics","article_modified_time":"2025-10-22T14:04:57+00:00","twitter_card":"summary_large_image","schema":{"@context":"https:\/\/schema.org","@graph":[{"@type":"WebPage","@id":"https:\/\/orthopedics.southcoast.org\/homepage\/programs\/","url":"https:\/\/orthopedics.southcoast.org\/homepage\/programs\/","name":"Orthopedics Programs - Orthopedics","isPartOf":{"@id":"https:\/\/orthopedics.southcoast.org\/#website"},"datePublished":"2025-07-02T15:52:43+00:00","dateModified":"2025-10-22T14:04:57+00:00","breadcrumb":{"@id":"https:\/\/orthopedics.southcoast.org\/homepage\/programs\/#breadcrumb"},"inLanguage":"es-MX","potentialAction":[{"@type":"ReadAction","target":["https:\/\/orthopedics.southcoast.org\/homepage\/programs\/"]}]},{"@type":"BreadcrumbList","@id":"https:\/\/orthopedics.southcoast.org\/homepage\/programs\/#breadcrumb","itemListElement":[{"@type":"ListItem","position":1,"name":"","item":"https:\/\/orthopedics.southcoast.org\/"},{"@type":"ListItem","position":2,"name":"Homepage","item":"https:\/\/orthopedics.southcoast.org\/"},{"@type":"ListItem","position":3,"name":"Orthopedics Programs"}]},{"@type":"WebSite","@id":"https:\/\/orthopedics.southcoast.org\/#website","url":"https:\/\/orthopedics.southcoast.org\/","name":"Ortopedia","description":"","potentialAction":[{"@type":"SearchAction","target":{"@type":"EntryPoint","urlTemplate":"https:\/\/orthopedics.southcoast.org\/?s={search_term_string}"},"query-input":{"@type":"PropertyValueSpecification","valueRequired":true,"valueName":"search_term_string"}}],"inLanguage":"es-MX"}]}},"_links":{"self":[{"href":"https:\/\/orthopedics.southcoast.org\/es\/wp-json\/wp\/v2\/pages\/2334","targetHints":{"allow":["GET"]}}],"collection":[{"href":"https:\/\/orthopedics.southcoast.org\/es\/wp-json\/wp\/v2\/pages"}],"about":[{"href":"https:\/\/orthopedics.southcoast.org\/es\/wp-json\/wp\/v2\/types\/page"}],"author":[{"embeddable":true,"href":"https:\/\/orthopedics.southcoast.org\/es\/wp-json\/wp\/v2\/users\/6"}],"replies":[{"embeddable":true,"href":"https:\/\/orthopedics.southcoast.org\/es\/wp-json\/wp\/v2\/comments?post=2334"}],"version-history":[{"count":10,"href":"https:\/\/orthopedics.southcoast.org\/es\/wp-json\/wp\/v2\/pages\/2334\/revisions"}],"predecessor-version":[{"id":3297,"href":"https:\/\/orthopedics.southcoast.org\/es\/wp-json\/wp\/v2\/pages\/2334\/revisions\/3297"}],"up":[{"embeddable":true,"href":"https:\/\/orthopedics.southcoast.org\/es\/wp-json\/wp\/v2\/pages\/2"}],"wp:attachment":[{"href":"https:\/\/orthopedics.southcoast.org\/es\/wp-json\/wp\/v2\/media?parent=2334"}],"curies":[{"name":"wp","href":"https:\/\/api.w.org\/{rel}","templated":true}]}}