{"id":2347,"date":"2025-07-02T16:11:30","date_gmt":"2025-07-02T16:11:30","guid":{"rendered":"https:\/\/orthopedics.test-southcoast-health-multi.southcoast-health.org\/?page_id=2347"},"modified":"2025-10-02T04:37:43","modified_gmt":"2025-10-02T04:37:43","slug":"osteoporosis-treatment-and-prevention","status":"publish","type":"page","link":"https:\/\/orthopedics.southcoast.org\/es\/homepage\/programs\/osteoporosis-treatment-and-prevention\/","title":{"rendered":"Cl\u00ednica de enlace para fracturas"},"content":{"rendered":"<div  class=\"blockSettings    hero-main-block show-breadcrumbs\" style=\"\"><div class=\"background\"><\/div>\n<div class=\"container\">\n\n    <div class=\"breadcrumbsWrapper desktop-breadcrumbs\"><nav id=\"breadcrumbs\" aria-label=\"Migas de pan\"><ol><li><a href=\"https:\/\/orthopedics.southcoast.org\/es\/\"><i class=\"fa-regular fa-house\"><\/i><span class=\"visually-hidden\">Inicio<\/span><\/a><\/li><\/ol><\/nav><\/div><div class=\"breadcrumbsWrapper mobile-breadcrumbs\"><p id=\"mobile-breadcrumbs\"><span><span><a href=\"https:\/\/orthopedics.southcoast.org\/es\"><i class=\"far fa-home\"><\/i><\/a><\/span> <i class=\"fa-solid fa-chevron-right separator\"><\/i> <span><a href=\"https:\/\/orthopedics.southcoast.org\/es\/\">P\u00e1gina de inicio<\/a><\/span><\/span><\/p><\/div>    <div class=\"grid\">\n        <div class=\"col-bleed-y\">\n            <div class=\"inner-wrap\">\n                <div class=\"content-col\">\n                                            <h1>Cl\u00ednica de enlace para fracturas<\/h1>\n                                        <div class=\"copy-wrap\">\n                                                    <p><span class=\"TextRun SCXW61527002 BCX8\" lang=\"EN-US\" xml:lang=\"EN-US\" data-contrast=\"auto\"><span class=\"NormalTextRun SCXW61527002 BCX8\">\u00bfTiene problemas de baja densidad \u00f3sea? Nuestra cl\u00ednica de enlace para fracturas ofrece planes de tratamiento de la osteoporosis personalizados con diagn\u00f3sticos avanzados.<\/span><\/span><\/p>\n                                            <\/div>\n                                            <div class=\"cta-wrap\">\n                                                            <a aria-label=\"enlace para concertar una cita\" class=\"mainCTA shadow dark1\" href=\"https:\/\/www.southcoast.org\/find-a-provider\/?query=Orthopedics\" target=\"_blank\" title=\"Abre Reservar una cita en una nueva pesta\u00f1a o ventana\" rel=\"noopener noreferrer\">Concierte una cita<span class=\"fa-regular fa-up-right-from-square\"><\/span><\/a>                                                                                <\/div>\n                                    <\/div>\n                <div class=\"media-col\">\n                                            <img\n                            class=\"main-img\"\n                            src=\"https:\/\/orthopedics.southcoast.org\/wp-content\/uploads\/sites\/4\/2025\/07\/Hand-Injury-Osteoporosis-Stock.jpg\"\n                                                        srcset=\"https:\/\/orthopedics.southcoast.org\/wp-content\/uploads\/sites\/4\/2025\/07\/Hand-Injury-Osteoporosis-Stock.jpg 2159w, https:\/\/orthopedics.southcoast.org\/wp-content\/uploads\/sites\/4\/2025\/07\/Hand-Injury-Osteoporosis-Stock-300x193.jpg 300w, https:\/\/orthopedics.southcoast.org\/wp-content\/uploads\/sites\/4\/2025\/07\/Hand-Injury-Osteoporosis-Stock-1024x659.jpg 1024w, https:\/\/orthopedics.southcoast.org\/wp-content\/uploads\/sites\/4\/2025\/07\/Hand-Injury-Osteoporosis-Stock-768x494.jpg 768w, https:\/\/orthopedics.southcoast.org\/wp-content\/uploads\/sites\/4\/2025\/07\/Hand-Injury-Osteoporosis-Stock-1536x988.jpg 1536w, https:\/\/orthopedics.southcoast.org\/wp-content\/uploads\/sites\/4\/2025\/07\/Hand-Injury-Osteoporosis-Stock-2048x1318.jpg 2048w\"\n                            sizes=\"(max-width: 768px) 100vw, (max-width: 1200px) 50vw, 800px\"\n                                                        alt=\"\"\n                            loading=\"eager\"\n                            decoding=\"async\"\n                            fetchpriority=\"high\">\n                                                            <img decoding=\"async\" class=\"corner-art\" src=\"https:\/\/orthopedics.southcoast.org\/wp-content\/themes\/southcoast_multisite\/images\/corner-art.svg\">\n                <\/div>\n            <\/div>\n        <\/div>\n    <\/div>\n<\/div>\n\n<script>\n    document.querySelectorAll('.play-button').forEach(button => {\n        button.addEventListener('click', function() {\n            const modal = this.nextElementSibling;\n            modal.style.display = 'block';\n            document.body.style.overflow = 'hidden';\n        });\n    });\n\n    document.querySelectorAll('.close-modal, .modal-overlay').forEach(element => {\n        element.addEventListener('click', function() {\n            const modal = this.closest('.video-modal');\n            modal.style.display = 'none';\n            document.body.style.overflow = '';\n        });\n    });\n<\/script>\n<\/div>\n\n\n<div  class=\"blockSettings  paddingTopSM paddingBottomMD multiple-media-object-block light\" style=\"background-color:#e1f5fa;\"><div class=\"container\">\n    <div class=\"grid\">\n        <div class=\"col-sm-12\">\n            <div class=\"inner right disc\">\n                <div class=\"copy\">\n                        <div class=\"mainCopyWrap\">\n            <h2>Su aliado en la prevenci\u00f3n de la osteoporosis y las fracturas<\/h2>\n    <div class=\"paragraphWrap\"><p><span class=\"TextRun SCXW265200680 BCX0\" lang=\"EN-US\" xml:lang=\"EN-US\" data-contrast=\"auto\"><span class=\"NormalTextRun SCXW265200680 BCX0\">La Cl\u00ednica de Enlace para Fracturas es un programa dedicado a evaluar la salud \u00f3sea para prevenir fracturas secundarias. En <\/span><span class=\"NormalTextRun SCXW265200680 BCX0\">identifica<\/span><span class=\"NormalTextRun SCXW265200680 BCX0\"> pacientes con osteoporosis u osteopenia y aquellos con riesgo de futuras fracturas, garantizando <\/span><span class=\"NormalTextRun SCXW265200680 BCX0\">derivaci\u00f3n adecuada<\/span><span class=\"NormalTextRun SCXW265200680 BCX0\"> para su posterior evaluaci\u00f3n y tratamiento con el fin de mejorar la resistencia \u00f3sea y reducir el riesgo de fractura. Una fractura por fragilidad se define como una fractura resultante de una ca\u00edda a nivel del suelo o que se produce sin un traumatismo significativo.<\/span><\/span><span class=\"EOP SCXW265200680 BCX0\" data-ccp-props=\"{}\">\u00a0<\/span><\/p>\n<\/div>    <\/div>\n    \n                <\/div>\n                <div class=\"images\">\n                                            <img decoding=\"async\" class=\"first\" src=\"https:\/\/orthopedics.southcoast.org\/wp-content\/uploads\/sites\/4\/2025\/07\/X-Ray-Stock.jpg\" alt=\"\">\n                                                                <img decoding=\"async\" class=\"second\" src=\"https:\/\/orthopedics.southcoast.org\/wp-content\/uploads\/sites\/4\/2025\/07\/Osteoporosis-Joint-Back-Pain-Stock.jpg\" alt=\"\">\n                                                                <img decoding=\"async\" class=\"third\" src=\"https:\/\/orthopedics.southcoast.org\/wp-content\/uploads\/sites\/4\/2025\/06\/osteoporosis_hero.webp\" alt=\"\">\n                                    <\/div>\n\n            <\/div>\n        <\/div>\n    <\/div>\n<\/div>\n<\/div>\n\n\n<div  class=\"blockSettings  paddingTopSM paddingBottomSM media-object-block light\" style=\"background-color:#fff;\"><div class=\"container\">\n\t<div class=\"grid\">\n\t\t<div class=\"col-sm-12\">\n\t\t\t<div class=\"inner image-left list-style-disc inner-white-bg\" style=\"background-color: #fff;\">\n\t\t\t\t<div class=\"copy\">\n\t\t\t\t\t    <div class=\"mainCopyWrap\">\n            <h2>\u00bfQui\u00e9n puede beneficiarse de la cl\u00ednica de enlace para fracturas?<\/h2>\n    <div class=\"paragraphWrap\"><ul>\n<li><span class=\"TextRun SCXW101932919 BCX8\" lang=\"EN-US\" xml:lang=\"EN-US\" data-contrast=\"auto\"><span class=\"NormalTextRun SCXW101932919 BCX8\">Mujeres posmenop\u00e1usicas con antecedentes de fractura por fragilidad<\/span><\/span><span class=\"EOP SCXW101932919 BCX8\" data-ccp-props=\"{&quot;134233117&quot;:false,&quot;134233118&quot;:false,&quot;335557856&quot;:16777215,&quot;335559738&quot;:0,&quot;335559739&quot;:0}\">\u00a0<\/span><\/li>\n<li><span class=\"TextRun SCXW123079531 BCX8\" lang=\"EN-US\" xml:lang=\"EN-US\" data-contrast=\"auto\"><span class=\"NormalTextRun SCXW123079531 BCX8\">A<\/span> <span class=\"NormalTextRun SCXW123079531 BCX8\">traum\u00e1tico <\/span><span class=\"NormalTextRun SCXW123079531 BCX8\">inicio<\/span><span class=\"NormalTextRun SCXW123079531 BCX8\"> fractura<\/span><\/span><\/li>\n<li><span class=\"TextRun SCXW85213237 BCX8\" lang=\"EN-US\" xml:lang=\"EN-US\" data-contrast=\"auto\"><span class=\"NormalTextRun SCXW85213237 BCX8\">Hombres con antecedentes de fractura por fragilidad, especialmente de 70 a\u00f1os o m\u00e1s<\/span><\/span><\/li>\n<li>Pacientes con esteroides cr\u00f3nicos<\/li>\n<li>Hallazgos intraoperatorios de mala calidad \u00f3sea, espec\u00edficamente si no se han fracturado. Esto puede prevenir fracturas que pueden alterar o afectar a la calidad de vida del paciente y reducir los costes sanitarios.<\/li>\n<li>Cualquier persona que un profesional sanitario considere que el paciente puede estar en riesgo<\/li>\n<\/ul>\n<p><span class=\"TextRun SCXW135766167 BCX0\" lang=\"EN-US\" xml:lang=\"EN-US\" data-contrast=\"auto\"><span class=\"NormalTextRun SCXW135766167 BCX0\">Una vez <\/span><span class=\"NormalTextRun SCXW135766167 BCX0\">remitido<\/span><span class=\"NormalTextRun SCXW135766167 BCX0\">una evaluaci\u00f3n completa y exhaustiva de <\/span><span class=\"NormalTextRun SCXW135766167 BCX0\">su<\/span><span class=\"NormalTextRun SCXW135766167 BCX0\"> Se elabora un historial m\u00e9dico y quir\u00fargico. Esta evaluaci\u00f3n incluye un cuestionario, pruebas de laboratorio espec\u00edficas para la salud \u00f3sea y una densitometr\u00eda \u00f3sea.<\/span><span class=\"NormalTextRun SCXW135766167 BCX0\"> que m\u00e1s tarde se evaluar\u00e1<\/span><span class=\"NormalTextRun SCXW135766167 BCX0\">. <\/span><span class=\"NormalTextRun SCXW135766167 BCX0\">Se revisan los medicamentos que afectan a la salud \u00f3sea, <\/span><span class=\"NormalTextRun SCXW135766167 BCX0\">as\u00ed como el estilo de vida<\/span><span class=\"NormalTextRun SCXW135766167 BCX0\"> y el nivel de actividad f\u00edsica.<\/span>\u00a0<\/span><\/p>\n<\/div>    <\/div>\n        <div class=\"ctaWrap\">\n                    <a aria-label=\"enlace Buscar un proveedor\" class=\"mainCTA shadow light1\" href=\"https:\/\/www.southcoast.org\/find-a-provider\/?query=Orthopedics\" target=\"_blank\" title=\"Abre Buscar un proveedor en una nueva pesta\u00f1a o ventana\" rel=\"noopener noreferrer\">Encontrar un proveedor<span class=\"fa-regular fa-up-right-from-square\"><\/span><\/a>            <\/div>\n    \t\t\t\t<\/div>\n\t\t\t\t\t\t\t\t<div class=\"images\">\n\t\t\t\t\t\t<img decoding=\"async\" class=\"single\" src=\"https:\/\/orthopedics.southcoast.org\/wp-content\/uploads\/sites\/4\/2025\/07\/Shoulder-Osteoporosis-Stock.jpg\" alt=\"\">\n\t\t\t\t\t\t\t\t\t\t<\/div>\n\t\t\t\t\n\t\t\t<\/div>\n\t\t<\/div>\n\t<\/div>\n<\/div>\n<\/div>\n\n\n<div  class=\"blockSettings  paddingTopSM paddingBottomMD media-object-block light\" style=\"\"><div class=\"container\">\n\t<div class=\"grid\">\n\t\t<div class=\"col-sm-12\">\n\t\t\t<div class=\"inner image-right list-style-checkmark inner-bg\" style=\"background-color: #E9F7F4;\">\n\t\t\t\t<div class=\"copy\">\n\t\t\t\t\t    <div class=\"mainCopyWrap\">\n            <h2>Qu\u00e9 recibir\u00e1 cuando elija la Cl\u00ednica de enlace para fracturas de Southcoast Health<\/h2>\n    <div class=\"paragraphWrap\"><p><span data-contrast=\"auto\">Un plan integral desarrollado y personalizado para cada paciente. Esto incluye recomendaciones de cambios en el estilo de vida, suplementos adecuados, asesoramiento nutricional, sugerencias de ejercicio y, por \u00faltimo, medicaci\u00f3n si es necesario. <\/span><span data-ccp-props=\"{}\">\u00a0<\/span><\/p>\n<p><span data-contrast=\"auto\">El coordinador de fracturas ayudar\u00e1 a los pacientes a conocer su papel en la salud \u00f3sea, las causas de una mala salud \u00f3sea y c\u00f3mo puede tratarse. Adem\u00e1s, tambi\u00e9n informar\u00e1 a los pacientes sobre la osteoporosis, una enfermedad cr\u00f3nica, y sobre los efectos a largo plazo y otros factores del estilo de vida que pueden afectar a su salud. Nuestro objetivo es prevenir futuras fracturas y aumentar la densidad \u00f3sea y la calidad de los huesos del paciente.\u00a0<\/span><span data-ccp-props=\"{}\">\u00a0<\/span><\/p>\n<\/div>    <\/div>\n    \t\t\t\t<\/div>\n\t\t\t\t\t\t\t\t<div class=\"images\">\n\t\t\t\t\t\t<img decoding=\"async\" class=\"single\" src=\"https:\/\/orthopedics.southcoast.org\/wp-content\/uploads\/sites\/4\/2025\/07\/Osteoporosis-Prevention-scaled.jpg\" alt=\"\">\n\t\t\t\t\t\t\t\t\t\t<\/div>\n\t\t\t\t\n\t\t\t<\/div>\n\t\t<\/div>\n\t<\/div>\n<\/div>\n<\/div>\n\n\n<div id=\"\" class=\"bannerFluidTwo paddingTopNone paddingBottomNone\">\n    \n        <div class=\"grid\">\n            <div class=\"col-sm-12 col-bleed\">\n                <div class=\"banner-content-wrap  darkTheme\" style=\"background-image:url(https:\/\/orthopedics.southcoast.org\/wp-content\/uploads\/sites\/4\/2025\/06\/orthopedics_hand_surgery_media2-e1751501074239.webp);background-size:cover;background-position:center center; \">\n                    \n                                            <div class=\"overlay\" style=\"\"><\/div>\n                    \n                    <div class=\"banner-content container\">\n                            <div class=\"mainCopyWrap\">\n            <h2>Empiece hoy mismo<\/h2>\n    <div class=\"paragraphWrap\"><p>D\u00e9 el primer paso hacia una mejor salud ortop\u00e9dica<\/p><\/div>    <\/div>\n                                <div class=\"ctaWrap\">\n                    <a aria-label=\"enlace para encontrar una ubicaci\u00f3n\" class=\"mainCTA shadow dark1\" href=\"https:\/\/www.southcoast.org\/locations\/?service=Orthopedics\" target=\"_blank\" title=\"Abre Buscar una ubicaci\u00f3n en una nueva pesta\u00f1a o ventana\" rel=\"noopener noreferrer\">Buscar un lugar<span class=\"fa-regular fa-up-right-from-square\"><\/span><\/a>                    <a aria-label=\"enlace para concertar una cita\" class=\"mainCTA shadow dark1\" href=\"https:\/\/www.southcoast.org\/find-a-provider\/?query=Orthopedics\" target=\"_blank\" title=\"Abre Reservar una cita en una nueva pesta\u00f1a o ventana\" rel=\"noopener noreferrer\">Concierte una cita<span class=\"fa-regular fa-up-right-from-square\"><\/span><\/a>            <\/div>\n    \n                    <\/div>\n                <\/div>\n            <\/div>\n        <\/div>\n\n        <\/div>","protected":false},"excerpt":{"rendered":"","protected":false},"author":6,"featured_media":0,"parent":2334,"menu_order":0,"comment_status":"closed","ping_status":"closed","template":"","meta":{"_acf_changed":false,"footnotes":""},"class_list":["post-2347","page","type-page","status-publish","hentry"],"acf":[],"yoast_head":"<!-- This site is optimized with the Yoast SEO plugin v26.0 - https:\/\/yoast.com\/wordpress\/plugins\/seo\/ -->\n<title>Fracture Liaison Clinic - Orthopedics<\/title>\n<meta name=\"robots\" content=\"index, follow, max-snippet:-1, max-image-preview:large, max-video-preview:-1\" \/>\n<link rel=\"canonical\" href=\"https:\/\/orthopedics.southcoast.org\/es\/homepage\/programs\/osteoporosis-treatment-and-prevention\/\" \/>\n<meta property=\"og:locale\" content=\"es_MX\" \/>\n<meta property=\"og:type\" content=\"article\" \/>\n<meta property=\"og:title\" content=\"Fracture Liaison Clinic - Orthopedics\" \/>\n<meta property=\"og:url\" content=\"https:\/\/orthopedics.southcoast.org\/es\/homepage\/programs\/osteoporosis-treatment-and-prevention\/\" \/>\n<meta property=\"og:site_name\" content=\"Orthopedics\" \/>\n<meta property=\"article:modified_time\" content=\"2025-10-02T04:37:43+00:00\" \/>\n<meta name=\"twitter:card\" content=\"summary_large_image\" \/>\n<script type=\"application\/ld+json\" class=\"yoast-schema-graph\">{\"@context\":\"https:\/\/schema.org\",\"@graph\":[{\"@type\":\"WebPage\",\"@id\":\"https:\/\/orthopedics.southcoast.org\/homepage\/programs\/osteoporosis-treatment-and-prevention\/\",\"url\":\"https:\/\/orthopedics.southcoast.org\/homepage\/programs\/osteoporosis-treatment-and-prevention\/\",\"name\":\"Fracture Liaison Clinic - Orthopedics\",\"isPartOf\":{\"@id\":\"https:\/\/orthopedics.southcoast.org\/#website\"},\"datePublished\":\"2025-07-02T16:11:30+00:00\",\"dateModified\":\"2025-10-02T04:37:43+00:00\",\"breadcrumb\":{\"@id\":\"https:\/\/orthopedics.southcoast.org\/homepage\/programs\/osteoporosis-treatment-and-prevention\/#breadcrumb\"},\"inLanguage\":\"es-MX\",\"potentialAction\":[{\"@type\":\"ReadAction\",\"target\":[\"https:\/\/orthopedics.southcoast.org\/homepage\/programs\/osteoporosis-treatment-and-prevention\/\"]}]},{\"@type\":\"BreadcrumbList\",\"@id\":\"https:\/\/orthopedics.southcoast.org\/homepage\/programs\/osteoporosis-treatment-and-prevention\/#breadcrumb\",\"itemListElement\":[{\"@type\":\"ListItem\",\"position\":1,\"name\":\"\",\"item\":\"https:\/\/orthopedics.southcoast.org\/\"},{\"@type\":\"ListItem\",\"position\":2,\"name\":\"Homepage\",\"item\":\"https:\/\/orthopedics.southcoast.org\/\"},{\"@type\":\"ListItem\",\"position\":3,\"name\":\"Orthopedics Programs\",\"item\":\"https:\/\/orthopedics.southcoast.org\/homepage\/programs\/\"},{\"@type\":\"ListItem\",\"position\":4,\"name\":\"Fracture Liaison Clinic\"}]},{\"@type\":\"WebSite\",\"@id\":\"https:\/\/orthopedics.southcoast.org\/#website\",\"url\":\"https:\/\/orthopedics.southcoast.org\/\",\"name\":\"Orthopedics\",\"description\":\"\",\"potentialAction\":[{\"@type\":\"SearchAction\",\"target\":{\"@type\":\"EntryPoint\",\"urlTemplate\":\"https:\/\/orthopedics.southcoast.org\/?s={search_term_string}\"},\"query-input\":{\"@type\":\"PropertyValueSpecification\",\"valueRequired\":true,\"valueName\":\"search_term_string\"}}],\"inLanguage\":\"es-MX\"}]}<\/script>\n<!-- \/ Yoast SEO plugin. -->","yoast_head_json":{"title":"Fracture Liaison Clinic - Orthopedics","robots":{"index":"index","follow":"follow","max-snippet":"max-snippet:-1","max-image-preview":"max-image-preview:large","max-video-preview":"max-video-preview:-1"},"canonical":"https:\/\/orthopedics.southcoast.org\/es\/homepage\/programs\/osteoporosis-treatment-and-prevention\/","og_locale":"es_MX","og_type":"article","og_title":"Fracture Liaison Clinic - Orthopedics","og_url":"https:\/\/orthopedics.southcoast.org\/es\/homepage\/programs\/osteoporosis-treatment-and-prevention\/","og_site_name":"Orthopedics","article_modified_time":"2025-10-02T04:37:43+00:00","twitter_card":"summary_large_image","schema":{"@context":"https:\/\/schema.org","@graph":[{"@type":"WebPage","@id":"https:\/\/orthopedics.southcoast.org\/homepage\/programs\/osteoporosis-treatment-and-prevention\/","url":"https:\/\/orthopedics.southcoast.org\/homepage\/programs\/osteoporosis-treatment-and-prevention\/","name":"Fracture Liaison Clinic - Orthopedics","isPartOf":{"@id":"https:\/\/orthopedics.southcoast.org\/#website"},"datePublished":"2025-07-02T16:11:30+00:00","dateModified":"2025-10-02T04:37:43+00:00","breadcrumb":{"@id":"https:\/\/orthopedics.southcoast.org\/homepage\/programs\/osteoporosis-treatment-and-prevention\/#breadcrumb"},"inLanguage":"es-MX","potentialAction":[{"@type":"ReadAction","target":["https:\/\/orthopedics.southcoast.org\/homepage\/programs\/osteoporosis-treatment-and-prevention\/"]}]},{"@type":"BreadcrumbList","@id":"https:\/\/orthopedics.southcoast.org\/homepage\/programs\/osteoporosis-treatment-and-prevention\/#breadcrumb","itemListElement":[{"@type":"ListItem","position":1,"name":"","item":"https:\/\/orthopedics.southcoast.org\/"},{"@type":"ListItem","position":2,"name":"Homepage","item":"https:\/\/orthopedics.southcoast.org\/"},{"@type":"ListItem","position":3,"name":"Orthopedics Programs","item":"https:\/\/orthopedics.southcoast.org\/homepage\/programs\/"},{"@type":"ListItem","position":4,"name":"Fracture Liaison Clinic"}]},{"@type":"WebSite","@id":"https:\/\/orthopedics.southcoast.org\/#website","url":"https:\/\/orthopedics.southcoast.org\/","name":"Ortopedia","description":"","potentialAction":[{"@type":"SearchAction","target":{"@type":"EntryPoint","urlTemplate":"https:\/\/orthopedics.southcoast.org\/?s={search_term_string}"},"query-input":{"@type":"PropertyValueSpecification","valueRequired":true,"valueName":"search_term_string"}}],"inLanguage":"es-MX"}]}},"_links":{"self":[{"href":"https:\/\/orthopedics.southcoast.org\/es\/wp-json\/wp\/v2\/pages\/2347","targetHints":{"allow":["GET"]}}],"collection":[{"href":"https:\/\/orthopedics.southcoast.org\/es\/wp-json\/wp\/v2\/pages"}],"about":[{"href":"https:\/\/orthopedics.southcoast.org\/es\/wp-json\/wp\/v2\/types\/page"}],"author":[{"embeddable":true,"href":"https:\/\/orthopedics.southcoast.org\/es\/wp-json\/wp\/v2\/users\/6"}],"replies":[{"embeddable":true,"href":"https:\/\/orthopedics.southcoast.org\/es\/wp-json\/wp\/v2\/comments?post=2347"}],"version-history":[{"count":31,"href":"https:\/\/orthopedics.southcoast.org\/es\/wp-json\/wp\/v2\/pages\/2347\/revisions"}],"predecessor-version":[{"id":3268,"href":"https:\/\/orthopedics.southcoast.org\/es\/wp-json\/wp\/v2\/pages\/2347\/revisions\/3268"}],"up":[{"embeddable":true,"href":"https:\/\/orthopedics.southcoast.org\/es\/wp-json\/wp\/v2\/pages\/2334"}],"wp:attachment":[{"href":"https:\/\/orthopedics.southcoast.org\/es\/wp-json\/wp\/v2\/media?parent=2347"}],"curies":[{"name":"wp","href":"https:\/\/api.w.org\/{rel}","templated":true}]}}