{"id":2065,"date":"2025-06-27T20:16:53","date_gmt":"2025-06-27T20:16:53","guid":{"rendered":"https:\/\/orthopedics.test-southcoast-health-multi.southcoast-health.org\/?page_id=2065"},"modified":"2025-12-02T16:36:29","modified_gmt":"2025-12-02T16:36:29","slug":"total-joint-replacement","status":"publish","type":"page","link":"https:\/\/orthopedics.southcoast.org\/pt\/all-areas-of-care\/total-joint-replacement\/","title":{"rendered":"Substitui\u00e7\u00e3o total da articula\u00e7\u00e3o"},"content":{"rendered":"<div  class=\"blockSettings    hero-main-block show-breadcrumbs\" style=\"\"><div class=\"background\"><\/div>\n<div class=\"container\">\n\n    <div class=\"breadcrumbsWrapper desktop-breadcrumbs\"><nav id=\"breadcrumbs\" aria-label=\"P\u00e3o ralado\"><ol><li><a href=\"https:\/\/orthopedics.southcoast.org\/pt\/\"><i class=\"fa-regular fa-house\"><\/i><span class=\"visually-hidden\">In\u00edcio<\/span><\/a><\/li><\/ol><\/nav><\/div><div class=\"breadcrumbsWrapper mobile-breadcrumbs\"><p id=\"mobile-breadcrumbs\"><span><span><a href=\"https:\/\/orthopedics.southcoast.org\/pt\"><i class=\"far fa-home\"><\/i><\/a><\/span> <i class=\"fa-solid fa-chevron-right separator\"><\/i> <span><a href=\"https:\/\/orthopedics.southcoast.org\/pt\/all-areas-of-care\/\">Todas as \u00e1reas de cuidados<\/a><\/span><\/span><\/p><\/div>    <div class=\"grid\">\n        <div class=\"col-bleed-y\">\n            <div class=\"inner-wrap\">\n                <div class=\"content-col\">\n                                            <h1>Substitui\u00e7\u00e3o total da articula\u00e7\u00e3o\u00a0<\/h1>\n                                        <div class=\"copy-wrap\">\n                                                    <p>Na Southcoast Health, compreendemos como as dores nas articula\u00e7\u00f5es podem interferir com as actividades quotidianas de que gosta. Quer esteja apenas a come\u00e7ar a notar os sintomas ou a lidar com a artrite da anca ou do joelho h\u00e1 anos, a nossa equipa de especialistas est\u00e1 aqui para o ajudar. Utilizamos as mais recentes t\u00e9cnicas cir\u00fargicas e n\u00e3o cir\u00fargicas para restaurar a mobilidade das articula\u00e7\u00f5es, come\u00e7ando com planos de cuidados personalizados adaptados \u00e0s suas necessidades espec\u00edficas.<\/p>\n                                            <\/div>\n                                            <div class=\"cta-wrap\">\n                                                            <a aria-label=\"link para Apoio \u00e0 substitui\u00e7\u00e3o de articula\u00e7\u00f5es\" class=\"mainCTA shadow dark1\" href=\"https:\/\/orthopedics.southcoast.org\/pt\/homepage\/programs\/total-and-partial-joint-replacement\/\" title=\"Apoio \u00e0 substitui\u00e7\u00e3o de articula\u00e7\u00f5es abertas\" >Suporte para substitui\u00e7\u00e3o de articula\u00e7\u00f5es<\/a>                                                                                        <a aria-label=\"link para marcar uma consulta\" class=\"mainCTA shadow dark1\" href=\"https:\/\/www.southcoast.org\/find-a-provider\/?query=Orthopedics\" target=\"_blank\" title=\"Abre Marcar uma consulta num novo separador ou janela\" rel=\"noopener noreferrer\">Marcar uma consulta<span class=\"fa-regular fa-up-right-from-square\"><\/span><\/a>                                                    <\/div>\n                                    <\/div>\n                <div class=\"media-col\">\n                                            <img\n                            class=\"main-img\"\n                            src=\"https:\/\/orthopedics.southcoast.org\/wp-content\/uploads\/sites\/4\/2025\/06\/orthopedics_total_joint_replacement_hero.webp\"\n                                                        srcset=\"https:\/\/orthopedics.southcoast.org\/wp-content\/uploads\/sites\/4\/2025\/06\/orthopedics_total_joint_replacement_hero.webp 672w, https:\/\/orthopedics.southcoast.org\/wp-content\/uploads\/sites\/4\/2025\/06\/orthopedics_total_joint_replacement_hero-300x222.webp 300w\"\n                            sizes=\"(max-width: 768px) 100vw, (max-width: 1200px) 50vw, 800px\"\n                                                        alt=\"\"\n                            loading=\"eager\"\n                            decoding=\"async\"\n                            fetchpriority=\"high\">\n                                                            <img decoding=\"async\" class=\"corner-art\" src=\"https:\/\/orthopedics.southcoast.org\/wp-content\/themes\/southcoast_multisite\/images\/corner-art.svg\">\n                <\/div>\n            <\/div>\n        <\/div>\n    <\/div>\n<\/div>\n\n<script>\n    document.querySelectorAll('.play-button').forEach(button => {\n        button.addEventListener('click', function() {\n            const modal = this.nextElementSibling;\n            modal.style.display = 'block';\n            document.body.style.overflow = 'hidden';\n        });\n    });\n\n    document.querySelectorAll('.close-modal, .modal-overlay').forEach(element => {\n        element.addEventListener('click', function() {\n            const modal = this.closest('.video-modal');\n            modal.style.display = 'none';\n            document.body.style.overflow = '';\n        });\n    });\n<\/script>\n<\/div>\n\n\n\n\n<div  class=\"blockSettings  paddingTopMD paddingBottomMD bannerFluid light\" style=\"background-color:#f6f7f7;\"><div class=\"container\">\n    <div class=\"grid\">\n        <div class=\"col-sm-12\">\n            <div class=\"inner\">\n                                    <img decoding=\"async\" class=\"pulse\" src=\"https:\/\/orthopedics.southcoast.org\/wp-content\/themes\/southcoast_multisite\/images\/pulse.svg\" alt=\"\">\n                                <div class=\"copy\">\n                        <div class=\"mainCopyWrap\">\n            <h3>Se a dor cr\u00f3nica na anca ou no joelho o impede de fazer o que gosta, descubra como a nossa abordagem de equipa multimodal ajudou milhares de pessoas a recuperar um estilo de vida ativo e sem dores.  <\/h3>\n        <\/div>\n                    <\/div>\n                <div class=\"media\">\n                    \n                        <img decoding=\"async\" class=\"doctor\" src=\"https:\/\/orthopedics.southcoast.org\/wp-content\/uploads\/sites\/4\/2025\/08\/Vanessa-Valcorba-Orthopedics-1.png\" alt=\"\">\n                        <img decoding=\"async\" class=\"graphical\" src=\"https:\/\/orthopedics.southcoast.org\/wp-content\/themes\/southcoast_multisite\/images\/corner-art.svg\" alt=\"\">\n\n\n                                    <\/div>\n            <\/div>\n        <\/div>\n    <\/div>\n<\/div>\n<\/div>\n\n\n<div  class=\"blockSettings  paddingTopNone paddingBottomMD multiple-media-object-block light\" style=\"background-color:#f6f7f7;\"><div class=\"container\">\n    <div class=\"grid\">\n        <div class=\"col-sm-12\">\n            <div class=\"inner left disc\">\n                <div class=\"copy\">\n                        <div class=\"mainCopyWrap\">\n            <h2>Solu\u00e7\u00f5es avan\u00e7adas para um al\u00edvio duradouro das articula\u00e7\u00f5es<\/h2>\n    <div class=\"paragraphWrap\"><p>\u00c0 medida que envelhecemos, a artrite e o desgaste podem danificar a cartilagem das nossas ancas e joelhos, provocando dor, rigidez e mobilidade limitada. Iniciamos o tratamento com abordagens conservadoras como a fisioterapia, medicamentos anti-inflamat\u00f3rios e modifica\u00e7\u00f5es do estilo de vida. Mas quando as articula\u00e7\u00f5es est\u00e3o demasiado danificadas para os cuidados n\u00e3o cir\u00fargicos, a cirurgia de substitui\u00e7\u00e3o da articula\u00e7\u00e3o pode ser a op\u00e7\u00e3o mais eficaz para um al\u00edvio a longo prazo.Os nossos cirurgi\u00f5es certificados efectuam uma gama completa de procedimentos de substitui\u00e7\u00e3o de articula\u00e7\u00f5es utilizando tecnologia avan\u00e7ada (como o sistema Mako assistido por rob\u00f3tica) para cirurgias mais precisas e minimamente invasivas.<\/p>\n<p><strong>A Southcoast Health orgulha-se de oferecer:<\/strong><\/p>\n<ul>\n<li>Substitui\u00e7\u00e3o da anca assistida por rob\u00f4 Mako<\/li>\n<li>Substitui\u00e7\u00e3o de joelho assistida por rob\u00f4 Mako<\/li>\n<li>Substitui\u00e7\u00e3o parcial do joelho<\/li>\n<li>Substitui\u00e7\u00e3o total da anca<\/li>\n<li>Substitui\u00e7\u00e3o total do joelho<\/li>\n<\/ul>\n<\/div>    <\/div>\n    \n                <\/div>\n                <div class=\"images\">\n                                            <img decoding=\"async\" class=\"first\" src=\"https:\/\/orthopedics.southcoast.org\/wp-content\/uploads\/sites\/4\/2025\/08\/Mako-Robotic-Surgery-Orthopedics-27-scaled.jpg\" alt=\"\">\n                                                                <img decoding=\"async\" class=\"second\" src=\"https:\/\/orthopedics.southcoast.org\/wp-content\/uploads\/sites\/4\/2025\/06\/total_joint_replacement_media_2.webp\" alt=\"\">\n                                                                <img decoding=\"async\" class=\"third\" src=\"https:\/\/orthopedics.southcoast.org\/wp-content\/uploads\/sites\/4\/2025\/06\/total_joint_replacement_media_3.webp\" alt=\"\">\n                                    <\/div>\n\n            <\/div>\n        <\/div>\n    <\/div>\n<\/div>\n<\/div>\n\n\n<div  class=\"blockSettings  paddingTopMD paddingBottomMD multiple-media-object-block light\" style=\"background-color:#f6f7f7;\"><div class=\"container\">\n    <div class=\"grid\">\n        <div class=\"col-sm-12\">\n            <div class=\"inner right disc\">\n                <div class=\"copy\">\n                        <div class=\"mainCopyWrap\">\n            <h2>Navega\u00e7\u00e3o de cuidados<\/h2>\n    <div class=\"paragraphWrap\"><p>O Southcoast Health Joint Replacement Program (Programa de Substitui\u00e7\u00e3o de Articula\u00e7\u00f5es da Southcoast Health) disp\u00f5e de enfermeiros navegadores que trabalhar\u00e3o em estreita colabora\u00e7\u00e3o com o seu cirurgi\u00e3o e outros membros da sua equipa de cuidados de sa\u00fade para o ajudar a \"navegar\" em cada passo da sua cirurgia de substitui\u00e7\u00e3o de articula\u00e7\u00f5es. Os enfermeiros navegadores ajudar\u00e3o a garantir que est\u00e1 preparado e que sabe o que esperar.<\/p>\n<p>Assim que a decis\u00e3o de cirurgia for tomada, receber\u00e1 uma chamada dos nossos navegadores para:<\/p>\n<ul>\n<li>Fazer perguntas de sele\u00e7\u00e3o e saber mais sobre si<\/li>\n<li>Rever as informa\u00e7\u00f5es b\u00e1sicas de sa\u00fade<\/li>\n<li>Responder \u00e0s suas perguntas e resolver as suas preocupa\u00e7\u00f5es<\/li>\n<\/ul>\n<p>Receber\u00e1 tamb\u00e9m telefonemas adicionais dos navegadores mais perto da cirurgia para fornecer informa\u00e7\u00f5es adicionais e para garantir que voc\u00ea e a sua fam\u00edlia est\u00e3o preparados. Os enfermeiros navegadores telefonar\u00e3o para o contactar ap\u00f3s a cirurgia para o informar, apoiar e responder a quaisquer preocupa\u00e7\u00f5es.<\/p>\n<p>A cirurgia pode ser uma experi\u00eancia avassaladora, e o nosso objetivo \u00e9 ajud\u00e1-lo a sentir-se \u00e0 vontade e coordenar os cuidados do in\u00edcio ao fim.<\/p>\n<\/div>    <\/div>\n    \n                <\/div>\n                <div class=\"images onlyImage\">\n                                            <img decoding=\"async\" class=\"first\" src=\"https:\/\/orthopedics.southcoast.org\/wp-content\/uploads\/sites\/4\/2025\/08\/Orthopedic-Team-2025-11-scaled.png\" alt=\"\">\n                                                                            <\/div>\n\n            <\/div>\n        <\/div>\n    <\/div>\n<\/div>\n<\/div>\n\n\n<div  class=\"blockSettings  paddingTopNone paddingBottomMD cardsQuickFluid light\" style=\"background-color:#f6f7f7;\"><div class=\"container\">\n        <div class=\"grid\">\n        <div class=\"col-sm-12 maincopy\">\n                <div class=\"introWithCta centerAlign\">\n            <div class=\"mainCopyWrap\">\n            <h2>Recursos para doentes<\/h2>\n    <div class=\"paragraphWrap\"><p>Abaixo encontrar\u00e1 recursos importantes sobre substitui\u00e7\u00e3o de articula\u00e7\u00f5es.<\/p>\n<\/div>    <\/div>\n        <\/div>\n            <\/div>\n\n\n\n    <\/div>\n                <div class=\"blockSeparator\"><\/div>\n        <div class=\"grid\" role=\"list\">\n                                        <div class=\"col-sm-6 col-lg-auto\" role=\"listitem\">\n                        <a href=\"https:\/\/orthopedics.southcoast.org\/pt\/prehab-total-knee-exercises\/\" target=\"_self\" class=\"quick-link\" style=\"\">\n                                                            <i class=\"fa-classic fa-light fa-folder\"><\/i>\n                                                        <span lang=\"en\">Exerc\u00edcios de pr\u00e9-habilita\u00e7\u00e3o para o joelho total<\/span>\n                            <i class=\"fa-solid fa-arrow-up-right\"><\/i>\n                        <\/a>\n                    <\/div>\n                                \n                                                <div class=\"col-sm-6 col-lg-auto\" role=\"listitem\">\n                        <a href=\"https:\/\/orthopedics.southcoast.org\/pt\/prehab-total-hip-exercises\/\" target=\"_self\" class=\"quick-link\" style=\"\">\n                                                            <i class=\"fa-classic fa-light fa-folder\"><\/i>\n                                                        <span lang=\"en\">Exerc\u00edcios de pr\u00e9-habilita\u00e7\u00e3o total da anca<\/span>\n                            <i class=\"fa-solid fa-arrow-up-right\"><\/i>\n                        <\/a>\n                    <\/div>\n                                \n                                                <div class=\"col-sm-6 col-lg-auto\" role=\"listitem\">\n                        <a href=\"http:\/\/orthopedics.southcoast.org\/wp-content\/uploads\/sites\/4\/2025\/08\/SUR-ORT-TJRHandbook-ENG-2025-G.pdf\" target=\"_blank\" class=\"quick-link\" style=\"\">\n                                                            <i class=\"fa-classic fa-light fa-book-open\"><\/i>\n                                                        <span lang=\"en\">Manual de Substitui\u00e7\u00e3o Total da Articula\u00e7\u00e3o<\/span>\n                            <i class=\"fa-solid fa-arrow-up-right\"><\/i>\n                        <\/a>\n                    <\/div>\n                                \n                                                <div class=\"col-sm-6 col-lg-auto\" role=\"listitem\">\n                        <a href=\"https:\/\/orthopedics.southcoast.org\/pt\/southcoast-health-orthopedics-class\/\" target=\"_blank\" class=\"quick-link\" style=\"\">\n                                                            <i class=\"fa-classic fa-light fa-video\"><\/i>\n                                                        <span lang=\"en\">Classe de articula\u00e7\u00e3o total<\/span>\n                            <i class=\"fa-solid fa-arrow-up-right\"><\/i>\n                        <\/a>\n                    <\/div>\n                                \n                                        <\/div>\n<\/div>\n<\/div>\n\n\n<div id=\"\" class=\"bannerFluidTwo paddingTopNone paddingBottomNone\">\n    \n        <div class=\"grid\">\n            <div class=\"col-sm-12 col-bleed\">\n                <div class=\"banner-content-wrap  darkTheme\" style=\"background-image:url(https:\/\/orthopedics.southcoast.org\/wp-content\/uploads\/sites\/4\/2025\/06\/total_joint_replacement_callout_image-1.webp);background-size:cover;background-position:center center; \">\n                    \n                    \n                    <div class=\"banner-content container\">\n                            <div class=\"mainCopyWrap\">\n            <h2>Comece a sua viagem para uma vida sem dores<\/h2>\n    <div class=\"paragraphWrap\"><p>Pronto para recuperar a sua mobilidade e desfrutar da vida sem dores nas articula\u00e7\u00f5es? A Southcoast Health est\u00e1 aqui para o ajudar em cada passo do caminho.<\/p><\/div>    <\/div>\n                                <div class=\"ctaWrap\">\n                    <a aria-label=\"liga\u00e7\u00e3o para Encontrar um local\" class=\"mainCTA shadow dark1\" href=\"https:\/\/www.southcoast.org\/locations\/?service=Orthopedics\" target=\"_blank\" title=\"Abre Encontrar um local num novo separador ou janela\" rel=\"noopener noreferrer\">Encontrar um local<span class=\"fa-regular fa-up-right-from-square\"><\/span><\/a>                    <a aria-label=\"link para marcar uma consulta\" class=\"mainCTA shadow dark1\" href=\"https:\/\/www.southcoast.org\/find-a-provider\/?query=Orthopedics\" target=\"_blank\" title=\"Abre Marcar uma consulta num novo separador ou janela\" rel=\"noopener noreferrer\">Marcar uma consulta<span class=\"fa-regular fa-up-right-from-square\"><\/span><\/a>            <\/div>\n    \n                    <\/div>\n                <\/div>\n            <\/div>\n        <\/div>\n\n        <\/div>","protected":false},"excerpt":{"rendered":"","protected":false},"author":10,"featured_media":0,"parent":2271,"menu_order":0,"comment_status":"closed","ping_status":"closed","template":"","meta":{"_acf_changed":false,"footnotes":""},"class_list":["post-2065","page","type-page","status-publish","hentry"],"acf":[],"yoast_head":"<!-- This site is optimized with the Yoast SEO plugin v26.0 - https:\/\/yoast.com\/wordpress\/plugins\/seo\/ -->\n<title>Total Joint Replacement - Orthopedics<\/title>\n<meta name=\"description\" content=\"Southcoast Health offers advanced hip and knee replacement surgery, non-surgical arthritis treatment, and personalized orthopedic care across MA and RI.\" \/>\n<meta name=\"robots\" content=\"index, follow, max-snippet:-1, max-image-preview:large, max-video-preview:-1\" \/>\n<link rel=\"canonical\" href=\"https:\/\/orthopedics.southcoast.org\/pt\/all-areas-of-care\/total-joint-replacement\/\" \/>\n<meta property=\"og:locale\" content=\"pt_PT\" \/>\n<meta property=\"og:type\" content=\"article\" \/>\n<meta property=\"og:title\" content=\"Total Joint Replacement - Orthopedics\" \/>\n<meta property=\"og:description\" content=\"Southcoast Health offers advanced hip and knee replacement surgery, non-surgical arthritis treatment, and personalized orthopedic care across MA and RI.\" \/>\n<meta property=\"og:url\" content=\"https:\/\/orthopedics.southcoast.org\/pt\/all-areas-of-care\/total-joint-replacement\/\" \/>\n<meta property=\"og:site_name\" content=\"Orthopedics\" \/>\n<meta property=\"article:modified_time\" content=\"2025-12-02T16:36:29+00:00\" \/>\n<meta name=\"twitter:card\" content=\"summary_large_image\" \/>\n<script type=\"application\/ld+json\" class=\"yoast-schema-graph\">{\"@context\":\"https:\/\/schema.org\",\"@graph\":[{\"@type\":\"WebPage\",\"@id\":\"https:\/\/orthopedics.southcoast.org\/all-areas-of-care\/total-joint-replacement\/\",\"url\":\"https:\/\/orthopedics.southcoast.org\/all-areas-of-care\/total-joint-replacement\/\",\"name\":\"Total Joint Replacement - Orthopedics\",\"isPartOf\":{\"@id\":\"https:\/\/orthopedics.southcoast.org\/#website\"},\"datePublished\":\"2025-06-27T20:16:53+00:00\",\"dateModified\":\"2025-12-02T16:36:29+00:00\",\"description\":\"Southcoast Health offers advanced hip and knee replacement surgery, non-surgical arthritis treatment, and personalized orthopedic care across MA and RI.\",\"breadcrumb\":{\"@id\":\"https:\/\/orthopedics.southcoast.org\/all-areas-of-care\/total-joint-replacement\/#breadcrumb\"},\"inLanguage\":\"pt-PT\",\"potentialAction\":[{\"@type\":\"ReadAction\",\"target\":[\"https:\/\/orthopedics.southcoast.org\/all-areas-of-care\/total-joint-replacement\/\"]}]},{\"@type\":\"BreadcrumbList\",\"@id\":\"https:\/\/orthopedics.southcoast.org\/all-areas-of-care\/total-joint-replacement\/#breadcrumb\",\"itemListElement\":[{\"@type\":\"ListItem\",\"position\":1,\"name\":\"\",\"item\":\"https:\/\/orthopedics.southcoast.org\/\"},{\"@type\":\"ListItem\",\"position\":2,\"name\":\"All Areas of Care\",\"item\":\"https:\/\/orthopedics.southcoast.org\/all-areas-of-care\/\"},{\"@type\":\"ListItem\",\"position\":3,\"name\":\"Total Joint Replacement\"}]},{\"@type\":\"WebSite\",\"@id\":\"https:\/\/orthopedics.southcoast.org\/#website\",\"url\":\"https:\/\/orthopedics.southcoast.org\/\",\"name\":\"Orthopedics\",\"description\":\"\",\"potentialAction\":[{\"@type\":\"SearchAction\",\"target\":{\"@type\":\"EntryPoint\",\"urlTemplate\":\"https:\/\/orthopedics.southcoast.org\/?s={search_term_string}\"},\"query-input\":{\"@type\":\"PropertyValueSpecification\",\"valueRequired\":true,\"valueName\":\"search_term_string\"}}],\"inLanguage\":\"pt-PT\"}]}<\/script>\n<!-- \/ Yoast SEO plugin. -->","yoast_head_json":{"title":"Total Joint Replacement - Orthopedics","description":"Southcoast Health offers advanced hip and knee replacement surgery, non-surgical arthritis treatment, and personalized orthopedic care across MA and RI.","robots":{"index":"index","follow":"follow","max-snippet":"max-snippet:-1","max-image-preview":"max-image-preview:large","max-video-preview":"max-video-preview:-1"},"canonical":"https:\/\/orthopedics.southcoast.org\/pt\/all-areas-of-care\/total-joint-replacement\/","og_locale":"pt_PT","og_type":"article","og_title":"Total Joint Replacement - Orthopedics","og_description":"Southcoast Health offers advanced hip and knee replacement surgery, non-surgical arthritis treatment, and personalized orthopedic care across MA and RI.","og_url":"https:\/\/orthopedics.southcoast.org\/pt\/all-areas-of-care\/total-joint-replacement\/","og_site_name":"Orthopedics","article_modified_time":"2025-12-02T16:36:29+00:00","twitter_card":"summary_large_image","schema":{"@context":"https:\/\/schema.org","@graph":[{"@type":"WebPage","@id":"https:\/\/orthopedics.southcoast.org\/all-areas-of-care\/total-joint-replacement\/","url":"https:\/\/orthopedics.southcoast.org\/all-areas-of-care\/total-joint-replacement\/","name":"Total Joint Replacement - Orthopedics","isPartOf":{"@id":"https:\/\/orthopedics.southcoast.org\/#website"},"datePublished":"2025-06-27T20:16:53+00:00","dateModified":"2025-12-02T16:36:29+00:00","description":"Southcoast Health offers advanced hip and knee replacement surgery, non-surgical arthritis treatment, and personalized orthopedic care across MA and RI.","breadcrumb":{"@id":"https:\/\/orthopedics.southcoast.org\/all-areas-of-care\/total-joint-replacement\/#breadcrumb"},"inLanguage":"pt-PT","potentialAction":[{"@type":"ReadAction","target":["https:\/\/orthopedics.southcoast.org\/all-areas-of-care\/total-joint-replacement\/"]}]},{"@type":"BreadcrumbList","@id":"https:\/\/orthopedics.southcoast.org\/all-areas-of-care\/total-joint-replacement\/#breadcrumb","itemListElement":[{"@type":"ListItem","position":1,"name":"","item":"https:\/\/orthopedics.southcoast.org\/"},{"@type":"ListItem","position":2,"name":"All Areas of Care","item":"https:\/\/orthopedics.southcoast.org\/all-areas-of-care\/"},{"@type":"ListItem","position":3,"name":"Total Joint Replacement"}]},{"@type":"WebSite","@id":"https:\/\/orthopedics.southcoast.org\/#website","url":"https:\/\/orthopedics.southcoast.org\/","name":"Ortopedia","description":"","potentialAction":[{"@type":"SearchAction","target":{"@type":"EntryPoint","urlTemplate":"https:\/\/orthopedics.southcoast.org\/?s={search_term_string}"},"query-input":{"@type":"PropertyValueSpecification","valueRequired":true,"valueName":"search_term_string"}}],"inLanguage":"pt-PT"}]}},"_links":{"self":[{"href":"https:\/\/orthopedics.southcoast.org\/pt\/wp-json\/wp\/v2\/pages\/2065","targetHints":{"allow":["GET"]}}],"collection":[{"href":"https:\/\/orthopedics.southcoast.org\/pt\/wp-json\/wp\/v2\/pages"}],"about":[{"href":"https:\/\/orthopedics.southcoast.org\/pt\/wp-json\/wp\/v2\/types\/page"}],"author":[{"embeddable":true,"href":"https:\/\/orthopedics.southcoast.org\/pt\/wp-json\/wp\/v2\/users\/10"}],"replies":[{"embeddable":true,"href":"https:\/\/orthopedics.southcoast.org\/pt\/wp-json\/wp\/v2\/comments?post=2065"}],"version-history":[{"count":64,"href":"https:\/\/orthopedics.southcoast.org\/pt\/wp-json\/wp\/v2\/pages\/2065\/revisions"}],"predecessor-version":[{"id":3307,"href":"https:\/\/orthopedics.southcoast.org\/pt\/wp-json\/wp\/v2\/pages\/2065\/revisions\/3307"}],"up":[{"embeddable":true,"href":"https:\/\/orthopedics.southcoast.org\/pt\/wp-json\/wp\/v2\/pages\/2271"}],"wp:attachment":[{"href":"https:\/\/orthopedics.southcoast.org\/pt\/wp-json\/wp\/v2\/media?parent=2065"}],"curies":[{"name":"wp","href":"https:\/\/api.w.org\/{rel}","templated":true}]}}