{"id":2130,"date":"2025-06-27T22:25:36","date_gmt":"2025-06-27T22:25:36","guid":{"rendered":"https:\/\/orthopedics.test-southcoast-health-multi.southcoast-health.org\/?page_id=2130"},"modified":"2025-10-02T04:41:29","modified_gmt":"2025-10-02T04:41:29","slug":"sports-medicine","status":"publish","type":"page","link":"https:\/\/orthopedics.southcoast.org\/pt\/all-areas-of-care\/sports-medicine\/","title":{"rendered":"Medicina desportiva"},"content":{"rendered":"<div  class=\"blockSettings    hero-main-block show-breadcrumbs\" style=\"\"><div class=\"background\"><\/div>\n<div class=\"container\">\n\n    <div class=\"breadcrumbsWrapper desktop-breadcrumbs\"><nav id=\"breadcrumbs\" aria-label=\"P\u00e3o ralado\"><ol><li><a href=\"https:\/\/orthopedics.southcoast.org\/pt\/\"><i class=\"fa-regular fa-house\"><\/i><span class=\"visually-hidden\">In\u00edcio<\/span><\/a><\/li><\/ol><\/nav><\/div><div class=\"breadcrumbsWrapper mobile-breadcrumbs\"><p id=\"mobile-breadcrumbs\"><span><span><a href=\"https:\/\/orthopedics.southcoast.org\/pt\"><i class=\"far fa-home\"><\/i><\/a><\/span> <i class=\"fa-solid fa-chevron-right separator\"><\/i> <span><a href=\"https:\/\/orthopedics.southcoast.org\/pt\/all-areas-of-care\/\">Todas as \u00e1reas de cuidados<\/a><\/span><\/span><\/p><\/div>    <div class=\"grid\">\n        <div class=\"col-bleed-y\">\n            <div class=\"inner-wrap\">\n                <div class=\"content-col\">\n                                            <h1>Medicina desportiva<\/h1>\n                                        <div class=\"copy-wrap\">\n                                                    <p>Desde atletas profissionais a guerreiros de fim de semana, os nossos especialistas em medicina desportiva est\u00e3o aqui para ajudar. Tratamos atletas de todos os n\u00edveis com t\u00e9cnicas avan\u00e7adas e planos de tratamento personalizados, para que possa voltar a fazer o que gosta.<\/p>\n                                            <\/div>\n                                            <div class=\"cta-wrap\">\n                                                            <a aria-label=\"link para marcar uma consulta\" class=\"mainCTA shadow dark1\" href=\"https:\/\/www.southcoast.org\/find-a-provider\/?query=sports%20medicine\" target=\"_blank\" title=\"Abre Marcar uma consulta num novo separador ou janela\" rel=\"noopener noreferrer\">Marcar uma consulta<span class=\"fa-regular fa-up-right-from-square\"><\/span><\/a>                                                                                <\/div>\n                                    <\/div>\n                <div class=\"media-col\">\n                                            <img\n                            class=\"main-img\"\n                            src=\"https:\/\/orthopedics.southcoast.org\/wp-content\/uploads\/sites\/4\/2025\/08\/Mass-Maritime-Baseball-01-scaled.jpg\"\n                                                        srcset=\"https:\/\/orthopedics.southcoast.org\/wp-content\/uploads\/sites\/4\/2025\/08\/Mass-Maritime-Baseball-01-scaled.jpg 2560w, https:\/\/orthopedics.southcoast.org\/wp-content\/uploads\/sites\/4\/2025\/08\/Mass-Maritime-Baseball-01-300x200.jpg 300w, https:\/\/orthopedics.southcoast.org\/wp-content\/uploads\/sites\/4\/2025\/08\/Mass-Maritime-Baseball-01-1024x683.jpg 1024w, https:\/\/orthopedics.southcoast.org\/wp-content\/uploads\/sites\/4\/2025\/08\/Mass-Maritime-Baseball-01-768x512.jpg 768w, https:\/\/orthopedics.southcoast.org\/wp-content\/uploads\/sites\/4\/2025\/08\/Mass-Maritime-Baseball-01-1536x1024.jpg 1536w, https:\/\/orthopedics.southcoast.org\/wp-content\/uploads\/sites\/4\/2025\/08\/Mass-Maritime-Baseball-01-2048x1365.jpg 2048w\"\n                            sizes=\"(max-width: 768px) 100vw, (max-width: 1200px) 50vw, 800px\"\n                                                        alt=\"\"\n                            loading=\"eager\"\n                            decoding=\"async\"\n                            fetchpriority=\"high\">\n                                                            <img decoding=\"async\" class=\"corner-art\" src=\"https:\/\/orthopedics.southcoast.org\/wp-content\/themes\/southcoast_multisite\/images\/corner-art.svg\">\n                <\/div>\n            <\/div>\n        <\/div>\n    <\/div>\n<\/div>\n\n<script>\n    document.querySelectorAll('.play-button').forEach(button => {\n        button.addEventListener('click', function() {\n            const modal = this.nextElementSibling;\n            modal.style.display = 'block';\n            document.body.style.overflow = 'hidden';\n        });\n    });\n\n    document.querySelectorAll('.close-modal, .modal-overlay').forEach(element => {\n        element.addEventListener('click', function() {\n            const modal = this.closest('.video-modal');\n            modal.style.display = 'none';\n            document.body.style.overflow = '';\n        });\n    });\n<\/script>\n<\/div>\n\n\n<div  class=\"blockSettings  paddingTopMD paddingBottomMD multiple-media-object-block light\" style=\"background-color:#fff;\"><div class=\"container\">\n    <div class=\"grid\">\n        <div class=\"col-sm-12\">\n            <div class=\"inner left disc\">\n                <div class=\"copy\">\n                        <div class=\"mainCopyWrap\">\n            <h2>Melhore a sua for\u00e7a com a Medicina Desportiva da Southcoast Health <\/h2>\n    <div class=\"paragraphWrap\"><p>Sabemos que cada atleta - e cada les\u00e3o - \u00e9 diferente. \u00c9 por isso que oferecemos cuidados abrangentes e personalizados para o ajudar a sarar mais depressa e a regressar mais forte. Desde a preven\u00e7\u00e3o de les\u00f5es a procedimentos de ponta, os nossos especialistas em medicina desportiva acompanham-no em todas as fases da sua recupera\u00e7\u00e3o.<\/p>\n<p><strong>Oferecemos tratamentos avan\u00e7ados e minimamente invasivos como:<\/strong><\/p>\n<ul>\n<li><strong>Terapia com Plasma Rico em Plaquetas (PRP):<\/strong> T\u00e9cnica medicinal utilizada para as les\u00f5es dos tecidos moles.<\/li>\n<li><strong>TenJet:<\/strong> Um tratamento minimamente invasivo para a dor cr\u00f3nica nos tend\u00f5es.<\/li>\n<li><strong>Repara\u00e7\u00e3o do LCA:<\/strong> Reconstr\u00f3i os ligamentos danificados atrav\u00e9s de pequenas incis\u00f5es e enxertos de tecidos.<\/li>\n<li><strong>Artroscopia:<\/strong> Um procedimento cir\u00fargico minimamente invasivo que utiliza uma c\u00e2mara de fibra \u00f3tica para diagnosticar e tratar problemas nas articula\u00e7\u00f5es.<\/li>\n<li><strong>Repara\u00e7\u00e3o do tend\u00e3o de Aquiles:<\/strong> Op\u00e7\u00f5es cir\u00fargicas e n\u00e3o cir\u00fargicas para les\u00f5es dos tend\u00f5es.<\/li>\n<\/ul>\n<\/div>    <\/div>\n    \n                <\/div>\n                <div class=\"images\">\n                                            <img decoding=\"async\" class=\"first\" src=\"https:\/\/orthopedics.southcoast.org\/wp-content\/uploads\/sites\/4\/2025\/08\/Makenna-Eaton-Sports-Medicine-ACL-scaled.jpg\" alt=\"\">\n                                                                <img decoding=\"async\" class=\"second\" src=\"https:\/\/orthopedics.southcoast.org\/wp-content\/uploads\/sites\/4\/2025\/07\/Mike-Cantone-Ortho-Patient-3-1-1-scaled.png\" alt=\"\">\n                                                                <img decoding=\"async\" class=\"third\" src=\"https:\/\/orthopedics.southcoast.org\/wp-content\/uploads\/sites\/4\/2025\/07\/Mass-Maritime-Students-Stretching-in-Front-of-the-Boat-scaled.jpg\" alt=\"\">\n                                    <\/div>\n\n            <\/div>\n        <\/div>\n    <\/div>\n<\/div>\n<\/div>\n\n\n<div  class=\"blockSettings  paddingTopNone paddingBottomNone media-object-block light\" style=\"background-color:#E9F7F4;\"><div class=\"container\">\n\t<div class=\"grid\">\n\t\t<div class=\"col-sm-12\">\n\t\t\t<div class=\"inner image-right list-style-disc inner-bg\" style=\"background-color: #E9F7F4;\">\n\t\t\t\t<div class=\"copy\">\n\t\t\t\t\t    <div class=\"mainCopyWrap\">\n            <h2>Treino desportivo nas escolas secund\u00e1rias locais <\/h2>\n    <div class=\"paragraphWrap\"><p>A Southcoast Health fornece treinadores desportivos certificados a 11 escolas secund\u00e1rias da nossa regi\u00e3o, ajudando os estudantes-atletas a manterem-se seguros, saud\u00e1veis e prontos para competir. Os nossos treinadores est\u00e3o nas linhas laterais e nas salas de treino para tratar les\u00f5es como concuss\u00f5es, exaust\u00e3o pelo calor, les\u00f5es por uso excessivo e entorses - ao mesmo tempo que se concentram na preven\u00e7\u00e3o e na educa\u00e7\u00e3o.<\/p>\n<p>Trabalhando em estreita colabora\u00e7\u00e3o com m\u00e9dicos e terapeutas, os nossos treinadores desportivos asseguram um c\u00edrculo completo de cuidados para os jovens atletas.<\/p>\n<\/div>    <\/div>\n    \t\t\t\t<\/div>\n\t\t\t\t\t\t\t\t<div class=\"images\">\n\t\t\t\t\t\t<img decoding=\"async\" class=\"single\" src=\"https:\/\/orthopedics.southcoast.org\/wp-content\/uploads\/sites\/4\/2025\/06\/orthopedics_shoulders_athletic.webp\" alt=\"\">\n\t\t\t\t\t\t\t\t\t\t<\/div>\n\t\t\t\t\n\t\t\t<\/div>\n\t\t<\/div>\n\t<\/div>\n<\/div>\n<\/div>\n\n\n<div id=\"\" class=\"bannerFluidTwo paddingTopLG paddingBottomNone\">\n    \n        <div class=\"grid\">\n            <div class=\"col-sm-12 col-bleed\">\n                <div class=\"banner-content-wrap  darkTheme\" style=\"background-image:url(https:\/\/orthopedics.southcoast.org\/wp-content\/uploads\/sites\/4\/2025\/06\/total_joint_replacement_callout_image-1.webp);background-size:cover;background-position:center center; \">\n                    \n                    \n                    <div class=\"banner-content container\">\n                            <div class=\"mainCopyWrap\">\n            <h2>Comece a trabalhar hoje<\/h2>\n    <div class=\"paragraphWrap\"><p>N\u00e3o deixe que uma les\u00e3o o atrase. D\u00ea o primeiro passo para a cura e o alto desempenho com a Southcoast Health Sports Medicine. <\/p><\/div>    <\/div>\n                                <div class=\"ctaWrap\">\n                    <a aria-label=\"liga\u00e7\u00e3o para Encontrar um local\" class=\"mainCTA shadow dark1\" href=\"https:\/\/www.southcoast.org\/locations\/?service=Orthopedics\" target=\"_blank\" title=\"Abre Encontrar um local num novo separador ou janela\" rel=\"noopener noreferrer\">Encontrar um local<span class=\"fa-regular fa-up-right-from-square\"><\/span><\/a>                    <a aria-label=\"link para marcar uma consulta\" class=\"mainCTA shadow dark1\" href=\"https:\/\/www.southcoast.org\/find-a-provider\/?query=sports%20medicine\" target=\"_blank\" title=\"Abre Marcar uma consulta num novo separador ou janela\" rel=\"noopener noreferrer\">Marcar uma consulta<span class=\"fa-regular fa-up-right-from-square\"><\/span><\/a>            <\/div>\n    \n                    <\/div>\n                <\/div>\n            <\/div>\n        <\/div>\n\n        <\/div>","protected":false},"excerpt":{"rendered":"","protected":false},"author":10,"featured_media":0,"parent":2271,"menu_order":0,"comment_status":"closed","ping_status":"closed","template":"","meta":{"_acf_changed":false,"footnotes":""},"class_list":["post-2130","page","type-page","status-publish","hentry"],"acf":[],"yoast_head":"<!-- This site is optimized with the Yoast SEO plugin v26.0 - https:\/\/yoast.com\/wordpress\/plugins\/seo\/ -->\n<title>Sports Medicine - Orthopedics<\/title>\n<meta name=\"description\" content=\"Get specialized care for sports injuries at Southcoast Health. Our sports medicine team helps athletes of all levels recover safely and perform at their best.\" \/>\n<meta name=\"robots\" content=\"index, follow, max-snippet:-1, max-image-preview:large, max-video-preview:-1\" \/>\n<link rel=\"canonical\" href=\"https:\/\/orthopedics.southcoast.org\/pt\/all-areas-of-care\/sports-medicine\/\" \/>\n<meta property=\"og:locale\" content=\"pt_PT\" \/>\n<meta property=\"og:type\" content=\"article\" \/>\n<meta property=\"og:title\" content=\"Sports Medicine - Orthopedics\" \/>\n<meta property=\"og:description\" content=\"Get specialized care for sports injuries at Southcoast Health. Our sports medicine team helps athletes of all levels recover safely and perform at their best.\" \/>\n<meta property=\"og:url\" content=\"https:\/\/orthopedics.southcoast.org\/pt\/all-areas-of-care\/sports-medicine\/\" \/>\n<meta property=\"og:site_name\" content=\"Orthopedics\" \/>\n<meta property=\"article:modified_time\" content=\"2025-10-02T04:41:29+00:00\" \/>\n<meta name=\"twitter:card\" content=\"summary_large_image\" \/>\n<script type=\"application\/ld+json\" class=\"yoast-schema-graph\">{\"@context\":\"https:\/\/schema.org\",\"@graph\":[{\"@type\":\"WebPage\",\"@id\":\"https:\/\/orthopedics.southcoast.org\/all-areas-of-care\/sports-medicine\/\",\"url\":\"https:\/\/orthopedics.southcoast.org\/all-areas-of-care\/sports-medicine\/\",\"name\":\"Sports Medicine - Orthopedics\",\"isPartOf\":{\"@id\":\"https:\/\/orthopedics.southcoast.org\/#website\"},\"datePublished\":\"2025-06-27T22:25:36+00:00\",\"dateModified\":\"2025-10-02T04:41:29+00:00\",\"description\":\"Get specialized care for sports injuries at Southcoast Health. Our sports medicine team helps athletes of all levels recover safely and perform at their best.\",\"breadcrumb\":{\"@id\":\"https:\/\/orthopedics.southcoast.org\/all-areas-of-care\/sports-medicine\/#breadcrumb\"},\"inLanguage\":\"pt-PT\",\"potentialAction\":[{\"@type\":\"ReadAction\",\"target\":[\"https:\/\/orthopedics.southcoast.org\/all-areas-of-care\/sports-medicine\/\"]}]},{\"@type\":\"BreadcrumbList\",\"@id\":\"https:\/\/orthopedics.southcoast.org\/all-areas-of-care\/sports-medicine\/#breadcrumb\",\"itemListElement\":[{\"@type\":\"ListItem\",\"position\":1,\"name\":\"\",\"item\":\"https:\/\/orthopedics.southcoast.org\/\"},{\"@type\":\"ListItem\",\"position\":2,\"name\":\"All Areas of Care\",\"item\":\"https:\/\/orthopedics.southcoast.org\/all-areas-of-care\/\"},{\"@type\":\"ListItem\",\"position\":3,\"name\":\"Sports Medicine\"}]},{\"@type\":\"WebSite\",\"@id\":\"https:\/\/orthopedics.southcoast.org\/#website\",\"url\":\"https:\/\/orthopedics.southcoast.org\/\",\"name\":\"Orthopedics\",\"description\":\"\",\"potentialAction\":[{\"@type\":\"SearchAction\",\"target\":{\"@type\":\"EntryPoint\",\"urlTemplate\":\"https:\/\/orthopedics.southcoast.org\/?s={search_term_string}\"},\"query-input\":{\"@type\":\"PropertyValueSpecification\",\"valueRequired\":true,\"valueName\":\"search_term_string\"}}],\"inLanguage\":\"pt-PT\"}]}<\/script>\n<!-- \/ Yoast SEO plugin. -->","yoast_head_json":{"title":"Medicina Desportiva - Ortopedia","description":"Obtenha cuidados especializados para les\u00f5es desportivas na Southcoast Health. A nossa equipa de medicina desportiva ajuda atletas de todos os n\u00edveis a recuperar em seguran\u00e7a e a ter o melhor desempenho.","robots":{"index":"index","follow":"follow","max-snippet":"max-snippet:-1","max-image-preview":"max-image-preview:large","max-video-preview":"max-video-preview:-1"},"canonical":"https:\/\/orthopedics.southcoast.org\/pt\/all-areas-of-care\/sports-medicine\/","og_locale":"pt_PT","og_type":"article","og_title":"Sports Medicine - Orthopedics","og_description":"Get specialized care for sports injuries at Southcoast Health. Our sports medicine team helps athletes of all levels recover safely and perform at their best.","og_url":"https:\/\/orthopedics.southcoast.org\/pt\/all-areas-of-care\/sports-medicine\/","og_site_name":"Orthopedics","article_modified_time":"2025-10-02T04:41:29+00:00","twitter_card":"summary_large_image","schema":{"@context":"https:\/\/schema.org","@graph":[{"@type":"WebPage","@id":"https:\/\/orthopedics.southcoast.org\/all-areas-of-care\/sports-medicine\/","url":"https:\/\/orthopedics.southcoast.org\/all-areas-of-care\/sports-medicine\/","name":"Medicina Desportiva - Ortopedia","isPartOf":{"@id":"https:\/\/orthopedics.southcoast.org\/#website"},"datePublished":"2025-06-27T22:25:36+00:00","dateModified":"2025-10-02T04:41:29+00:00","description":"Obtenha cuidados especializados para les\u00f5es desportivas na Southcoast Health. A nossa equipa de medicina desportiva ajuda atletas de todos os n\u00edveis a recuperar em seguran\u00e7a e a ter o melhor desempenho.","breadcrumb":{"@id":"https:\/\/orthopedics.southcoast.org\/all-areas-of-care\/sports-medicine\/#breadcrumb"},"inLanguage":"pt-PT","potentialAction":[{"@type":"ReadAction","target":["https:\/\/orthopedics.southcoast.org\/all-areas-of-care\/sports-medicine\/"]}]},{"@type":"BreadcrumbList","@id":"https:\/\/orthopedics.southcoast.org\/all-areas-of-care\/sports-medicine\/#breadcrumb","itemListElement":[{"@type":"ListItem","position":1,"name":"","item":"https:\/\/orthopedics.southcoast.org\/"},{"@type":"ListItem","position":2,"name":"All Areas of Care","item":"https:\/\/orthopedics.southcoast.org\/all-areas-of-care\/"},{"@type":"ListItem","position":3,"name":"Sports Medicine"}]},{"@type":"WebSite","@id":"https:\/\/orthopedics.southcoast.org\/#website","url":"https:\/\/orthopedics.southcoast.org\/","name":"Ortopedia","description":"","potentialAction":[{"@type":"SearchAction","target":{"@type":"EntryPoint","urlTemplate":"https:\/\/orthopedics.southcoast.org\/?s={search_term_string}"},"query-input":{"@type":"PropertyValueSpecification","valueRequired":true,"valueName":"search_term_string"}}],"inLanguage":"pt-PT"}]}},"_links":{"self":[{"href":"https:\/\/orthopedics.southcoast.org\/pt\/wp-json\/wp\/v2\/pages\/2130","targetHints":{"allow":["GET"]}}],"collection":[{"href":"https:\/\/orthopedics.southcoast.org\/pt\/wp-json\/wp\/v2\/pages"}],"about":[{"href":"https:\/\/orthopedics.southcoast.org\/pt\/wp-json\/wp\/v2\/types\/page"}],"author":[{"embeddable":true,"href":"https:\/\/orthopedics.southcoast.org\/pt\/wp-json\/wp\/v2\/users\/10"}],"replies":[{"embeddable":true,"href":"https:\/\/orthopedics.southcoast.org\/pt\/wp-json\/wp\/v2\/comments?post=2130"}],"version-history":[{"count":28,"href":"https:\/\/orthopedics.southcoast.org\/pt\/wp-json\/wp\/v2\/pages\/2130\/revisions"}],"predecessor-version":[{"id":3273,"href":"https:\/\/orthopedics.southcoast.org\/pt\/wp-json\/wp\/v2\/pages\/2130\/revisions\/3273"}],"up":[{"embeddable":true,"href":"https:\/\/orthopedics.southcoast.org\/pt\/wp-json\/wp\/v2\/pages\/2271"}],"wp:attachment":[{"href":"https:\/\/orthopedics.southcoast.org\/pt\/wp-json\/wp\/v2\/media?parent=2130"}],"curies":[{"name":"wp","href":"https:\/\/api.w.org\/{rel}","templated":true}]}}