{"id":2149,"date":"2025-06-27T22:56:29","date_gmt":"2025-06-27T22:56:29","guid":{"rendered":"https:\/\/orthopedics.test-southcoast-health-multi.southcoast-health.org\/?page_id=2149"},"modified":"2025-08-18T21:15:43","modified_gmt":"2025-08-18T21:15:43","slug":"hand-surgery","status":"publish","type":"page","link":"https:\/\/orthopedics.southcoast.org\/pt\/all-areas-of-care\/hand-surgery\/","title":{"rendered":"Cirurgia da m\u00e3o"},"content":{"rendered":"<div  class=\"blockSettings    hero-main-block show-breadcrumbs\" style=\"\"><div class=\"background\"><\/div>\n<div class=\"container\">\n\n    <div class=\"breadcrumbsWrapper desktop-breadcrumbs\"><nav id=\"breadcrumbs\" aria-label=\"P\u00e3o ralado\"><ol><li><a href=\"https:\/\/orthopedics.southcoast.org\/pt\/\"><i class=\"fa-regular fa-house\"><\/i><span class=\"visually-hidden\">In\u00edcio<\/span><\/a><\/li><\/ol><\/nav><\/div><div class=\"breadcrumbsWrapper mobile-breadcrumbs\"><p id=\"mobile-breadcrumbs\"><span><span><a href=\"https:\/\/orthopedics.southcoast.org\/pt\"><i class=\"far fa-home\"><\/i><\/a><\/span> <i class=\"fa-solid fa-chevron-right separator\"><\/i> <span><a href=\"https:\/\/orthopedics.southcoast.org\/pt\/all-areas-of-care\/\">Todas as \u00e1reas de cuidados<\/a><\/span><\/span><\/p><\/div>    <div class=\"grid\">\n        <div class=\"col-bleed-y\">\n            <div class=\"inner-wrap\">\n                <div class=\"content-col\">\n                                            <h1>Cirurgia da m\u00e3o\u00a0<\/h1>\n                                        <div class=\"copy-wrap\">\n                                                    <p><span class=\"TextRun SCXW35518034 BCX0\" lang=\"EN-US\" xml:lang=\"EN-US\" data-contrast=\"auto\"><span class=\"NormalTextRun SCXW35518034 BCX0\">As suas m\u00e3os ajudam-no a trabalhar, a relacionar-se e a cuidar de si. Quando a dor, a les\u00e3o<\/span><span class=\"NormalTextRun SCXW35518034 BCX0\"> ou a artrite se interponha no caminho, os especialistas em m\u00e3os da Southcoast Orthopedics est\u00e3o aqui para ajudar a restaurar o seu conforto, <\/span><span class=\"NormalTextRun SCXW35518034 BCX0\">fun\u00e7\u00e3o<\/span><span class=\"NormalTextRun SCXW35518034 BCX0\"> e for\u00e7a.<\/span><\/span><span class=\"EOP SCXW35518034 BCX0\" data-ccp-props=\"{}\">\u00a0<\/span><\/p>\n                                            <\/div>\n                                            <div class=\"cta-wrap\">\n                                                            <a aria-label=\"link para marcar uma consulta\" class=\"mainCTA shadow dark1\" href=\"https:\/\/www.southcoast.org\/find-a-provider\/?query=Orthopedics\" title=\"Abrir Marcar uma consulta\" >Marcar uma consulta<\/a>                                                                                <\/div>\n                                    <\/div>\n                <div class=\"media-col\">\n                                            <img\n                            class=\"main-img\"\n                            src=\"https:\/\/orthopedics.southcoast.org\/wp-content\/uploads\/sites\/4\/2025\/07\/Hand-and-Wrist-Pain-Orthopedics-2.jpg\"\n                                                        srcset=\"https:\/\/orthopedics.southcoast.org\/wp-content\/uploads\/sites\/4\/2025\/07\/Hand-and-Wrist-Pain-Orthopedics-2.jpg 2121w, https:\/\/orthopedics.southcoast.org\/wp-content\/uploads\/sites\/4\/2025\/07\/Hand-and-Wrist-Pain-Orthopedics-2-300x200.jpg 300w, https:\/\/orthopedics.southcoast.org\/wp-content\/uploads\/sites\/4\/2025\/07\/Hand-and-Wrist-Pain-Orthopedics-2-1024x683.jpg 1024w, https:\/\/orthopedics.southcoast.org\/wp-content\/uploads\/sites\/4\/2025\/07\/Hand-and-Wrist-Pain-Orthopedics-2-768x512.jpg 768w, https:\/\/orthopedics.southcoast.org\/wp-content\/uploads\/sites\/4\/2025\/07\/Hand-and-Wrist-Pain-Orthopedics-2-1536x1024.jpg 1536w, https:\/\/orthopedics.southcoast.org\/wp-content\/uploads\/sites\/4\/2025\/07\/Hand-and-Wrist-Pain-Orthopedics-2-2048x1365.jpg 2048w\"\n                            sizes=\"(max-width: 768px) 100vw, (max-width: 1200px) 50vw, 800px\"\n                                                        alt=\"\"\n                            loading=\"eager\"\n                            decoding=\"async\"\n                            fetchpriority=\"high\">\n                                                            <img decoding=\"async\" class=\"corner-art\" src=\"https:\/\/orthopedics.southcoast.org\/wp-content\/themes\/southcoast_multisite\/images\/corner-art.svg\">\n                <\/div>\n            <\/div>\n        <\/div>\n    <\/div>\n<\/div>\n\n<script>\n    document.querySelectorAll('.play-button').forEach(button => {\n        button.addEventListener('click', function() {\n            const modal = this.nextElementSibling;\n            modal.style.display = 'block';\n            document.body.style.overflow = 'hidden';\n        });\n    });\n\n    document.querySelectorAll('.close-modal, .modal-overlay').forEach(element => {\n        element.addEventListener('click', function() {\n            const modal = this.closest('.video-modal');\n            modal.style.display = 'none';\n            document.body.style.overflow = '';\n        });\n    });\n<\/script>\n<\/div>\n\n\n<div  class=\"blockSettings  paddingTopMD paddingBottomMD media-object-block light\" style=\"background-color:#fff;\"><div class=\"container\">\n\t<div class=\"grid\">\n\t\t<div class=\"col-sm-12\">\n\t\t\t<div class=\"inner image-left list-style-disc inner-white-bg\" style=\"background-color: #fff;\">\n\t\t\t\t<div class=\"copy\">\n\t\t\t\t\t    <div class=\"mainCopyWrap\">\n            <h2>O que \u00e9 que a cirurgia da m\u00e3o trata <\/h2>\n    <div class=\"paragraphWrap\"><p>Os nossos especialistas em m\u00e3os e cirurgi\u00f5es ortop\u00e9dicos diagnosticam e tratam uma vasta gama de doen\u00e7as que afectam a m\u00e3o, o pulso e o antebra\u00e7o. Isto inclui:<\/p>\n<ul>\n<li>Artrite<\/li>\n<li>Deformidade de Boutonni\u00e8re<\/li>\n<li>S\u00edndrome do t\u00fanel do carpo e do t\u00fanel cubital<\/li>\n<li>Tendinose de Quervain<\/li>\n<li>Fracturas e ossos partidos<\/li>\n<li>Quistos ganglionares<\/li>\n<li>Les\u00f5es e compress\u00e3o de nervos<\/li>\n<li>Les\u00f5es do ligamento escafolunar<\/li>\n<li>Les\u00f5es dos tend\u00f5es e dedo em gatilho<\/li>\n<li>S\u00edndrome do t\u00fanel ulnar<\/li>\n<\/ul>\n<p>Trabalhamos consigo para determinar o plano de tratamento mais eficaz - cir\u00fargico ou n\u00e3o cir\u00fargico - com base na sua condi\u00e7\u00e3o e objectivos.<\/p>\n<\/div>    <\/div>\n    \t\t\t\t<\/div>\n\t\t\t\t\t\t\t\t<div class=\"images\">\n\t\t\t\t\t\t<img decoding=\"async\" class=\"single\" src=\"https:\/\/orthopedics.southcoast.org\/wp-content\/uploads\/sites\/4\/2025\/07\/Doctor-and-Patient-Hand-Pain.jpg\" alt=\"\">\n\t\t\t\t\t\t\t\t\t\t<\/div>\n\t\t\t\t\n\t\t\t<\/div>\n\t\t<\/div>\n\t<\/div>\n<\/div>\n<\/div>\n\n\n<div  class=\"blockSettings  paddingTopNone paddingBottomNone media-object-block light\" style=\"\"><div class=\"container\">\n\t<div class=\"grid\">\n\t\t<div class=\"col-sm-12\">\n\t\t\t<div class=\"inner image-right list-style-disc inner-bg\" style=\"background-color: #f6f7f7;\">\n\t\t\t\t<div class=\"copy\">\n\t\t\t\t\t    <div class=\"mainCopyWrap\">\n            <h2>Cuidados personalizados encontram fornecedores de classe mundial<\/h2>\n    <div class=\"paragraphWrap\"><p>A nossa equipa de cirurgia da m\u00e3o inclui especialistas de renome mundial e prestadores ortop\u00e9dicos experientes que se concentram em cuidados personalizados. Utilizamos as t\u00e9cnicas cir\u00fargicas mais recentes e oferecemos um espetro completo de tratamentos - desde a avalia\u00e7\u00e3o \u00e0 reabilita\u00e7\u00e3o - tudo perto de casa. Quando precisar de al\u00edvio da dor, apoio \u00e0 mobilidade ou cirurgia complexa, estamos aqui para o ajudar a seguir em frente.<\/p>\n<\/div>    <\/div>\n    \t\t\t\t<\/div>\n\t\t\t\t\t\t\t\t<div class=\"images\">\n\t\t\t\t\t\t<img decoding=\"async\" class=\"single\" src=\"https:\/\/orthopedics.southcoast.org\/wp-content\/uploads\/sites\/4\/2025\/07\/Hand-and-Wrist-Pain-Orthopedics-1.jpg\" alt=\"\">\n\t\t\t\t\t\t\t\t\t\t<\/div>\n\t\t\t\t\n\t\t\t<\/div>\n\t\t<\/div>\n\t<\/div>\n<\/div>\n<\/div>\n\n\n<div id=\"\" class=\"bannerFluidTwo paddingTopLG paddingBottomNone\">\n    \n        <div class=\"grid\">\n            <div class=\"col-sm-12 col-bleed\">\n                <div class=\"banner-content-wrap  darkTheme\" style=\"background-image:url(https:\/\/orthopedics.southcoast.org\/wp-content\/uploads\/sites\/4\/2025\/06\/total_joint_replacement_callout_image-1.webp);background-size:cover;background-position:center center; \">\n                    \n                    \n                    <div class=\"banner-content container\">\n                            <div class=\"mainCopyWrap\">\n            <h2>Comece a trabalhar hoje<\/h2>\n    <div class=\"paragraphWrap\"><p>Comece a sua viagem em dire\u00e7\u00e3o ao al\u00edvio da dor, ao restabelecimento da fun\u00e7\u00e3o e a uma confian\u00e7a renovada nas suas actividades di\u00e1rias. Na Southcoast Health Orthopedics, estamos aqui para apoiar a sua cura com conhecimentos especializados de confian\u00e7a e cuidados compassivos. <\/p><\/div>    <\/div>\n                                <div class=\"ctaWrap\">\n                    <a aria-label=\"liga\u00e7\u00e3o para Encontrar um local\" class=\"mainCTA shadow dark1\" href=\"https:\/\/www.southcoast.org\/locations\/?service=Orthopedics\" title=\"Abrir Encontrar um local\" >Encontrar um local<\/a>                    <a aria-label=\"link para marcar uma consulta\" class=\"mainCTA shadow dark1\" href=\"https:\/\/www.southcoast.org\/find-a-provider\/?query=Orthopedics\" title=\"Abrir Marcar uma consulta\" >Marcar uma consulta<\/a>            <\/div>\n    \n                    <\/div>\n                <\/div>\n            <\/div>\n        <\/div>\n\n        <\/div>","protected":false},"excerpt":{"rendered":"","protected":false},"author":10,"featured_media":0,"parent":2271,"menu_order":0,"comment_status":"closed","ping_status":"closed","template":"","meta":{"_acf_changed":false,"footnotes":""},"class_list":["post-2149","page","type-page","status-publish","hentry"],"acf":[],"yoast_head":"<!-- This site is optimized with the Yoast SEO plugin v26.0 - https:\/\/yoast.com\/wordpress\/plugins\/seo\/ -->\n<title>Hand Surgery - Orthopedics<\/title>\n<meta name=\"description\" content=\"Southcoast Health offers expert hand and wrist care, from arthritis and injuries to carpal tunnel surgery and minimally invasive procedures.\" \/>\n<meta name=\"robots\" content=\"index, follow, max-snippet:-1, max-image-preview:large, max-video-preview:-1\" \/>\n<link rel=\"canonical\" href=\"https:\/\/orthopedics.southcoast.org\/pt\/all-areas-of-care\/hand-surgery\/\" \/>\n<meta property=\"og:locale\" content=\"pt_PT\" \/>\n<meta property=\"og:type\" content=\"article\" \/>\n<meta property=\"og:title\" content=\"Hand Surgery - Orthopedics\" \/>\n<meta property=\"og:description\" content=\"Southcoast Health offers expert hand and wrist care, from arthritis and injuries to carpal tunnel surgery and minimally invasive procedures.\" \/>\n<meta property=\"og:url\" content=\"https:\/\/orthopedics.southcoast.org\/pt\/all-areas-of-care\/hand-surgery\/\" \/>\n<meta property=\"og:site_name\" content=\"Orthopedics\" \/>\n<meta property=\"article:modified_time\" content=\"2025-08-18T21:15:43+00:00\" \/>\n<meta name=\"twitter:card\" content=\"summary_large_image\" \/>\n<script type=\"application\/ld+json\" class=\"yoast-schema-graph\">{\"@context\":\"https:\/\/schema.org\",\"@graph\":[{\"@type\":\"WebPage\",\"@id\":\"https:\/\/orthopedics.southcoast.org\/all-areas-of-care\/hand-surgery\/\",\"url\":\"https:\/\/orthopedics.southcoast.org\/all-areas-of-care\/hand-surgery\/\",\"name\":\"Hand Surgery - Orthopedics\",\"isPartOf\":{\"@id\":\"https:\/\/orthopedics.southcoast.org\/#website\"},\"datePublished\":\"2025-06-27T22:56:29+00:00\",\"dateModified\":\"2025-08-18T21:15:43+00:00\",\"description\":\"Southcoast Health offers expert hand and wrist care, from arthritis and injuries to carpal tunnel surgery and minimally invasive procedures.\",\"breadcrumb\":{\"@id\":\"https:\/\/orthopedics.southcoast.org\/all-areas-of-care\/hand-surgery\/#breadcrumb\"},\"inLanguage\":\"pt-PT\",\"potentialAction\":[{\"@type\":\"ReadAction\",\"target\":[\"https:\/\/orthopedics.southcoast.org\/all-areas-of-care\/hand-surgery\/\"]}]},{\"@type\":\"BreadcrumbList\",\"@id\":\"https:\/\/orthopedics.southcoast.org\/all-areas-of-care\/hand-surgery\/#breadcrumb\",\"itemListElement\":[{\"@type\":\"ListItem\",\"position\":1,\"name\":\"\",\"item\":\"https:\/\/orthopedics.southcoast.org\/\"},{\"@type\":\"ListItem\",\"position\":2,\"name\":\"All Areas of Care\",\"item\":\"https:\/\/orthopedics.southcoast.org\/all-areas-of-care\/\"},{\"@type\":\"ListItem\",\"position\":3,\"name\":\"Hand Surgery\"}]},{\"@type\":\"WebSite\",\"@id\":\"https:\/\/orthopedics.southcoast.org\/#website\",\"url\":\"https:\/\/orthopedics.southcoast.org\/\",\"name\":\"Orthopedics\",\"description\":\"\",\"potentialAction\":[{\"@type\":\"SearchAction\",\"target\":{\"@type\":\"EntryPoint\",\"urlTemplate\":\"https:\/\/orthopedics.southcoast.org\/?s={search_term_string}\"},\"query-input\":{\"@type\":\"PropertyValueSpecification\",\"valueRequired\":true,\"valueName\":\"search_term_string\"}}],\"inLanguage\":\"pt-PT\"}]}<\/script>\n<!-- \/ Yoast SEO plugin. -->","yoast_head_json":{"title":"Cirurgia da m\u00e3o - Ortopedia","description":"A Southcoast Health oferece cuidados especializados para m\u00e3os e pulsos, desde artrite e les\u00f5es at\u00e9 cirurgia do t\u00fanel do carpo e procedimentos minimamente invasivos.","robots":{"index":"index","follow":"follow","max-snippet":"max-snippet:-1","max-image-preview":"max-image-preview:large","max-video-preview":"max-video-preview:-1"},"canonical":"https:\/\/orthopedics.southcoast.org\/pt\/all-areas-of-care\/hand-surgery\/","og_locale":"pt_PT","og_type":"article","og_title":"Hand Surgery - Orthopedics","og_description":"Southcoast Health offers expert hand and wrist care, from arthritis and injuries to carpal tunnel surgery and minimally invasive procedures.","og_url":"https:\/\/orthopedics.southcoast.org\/pt\/all-areas-of-care\/hand-surgery\/","og_site_name":"Orthopedics","article_modified_time":"2025-08-18T21:15:43+00:00","twitter_card":"summary_large_image","schema":{"@context":"https:\/\/schema.org","@graph":[{"@type":"WebPage","@id":"https:\/\/orthopedics.southcoast.org\/all-areas-of-care\/hand-surgery\/","url":"https:\/\/orthopedics.southcoast.org\/all-areas-of-care\/hand-surgery\/","name":"Cirurgia da m\u00e3o - Ortopedia","isPartOf":{"@id":"https:\/\/orthopedics.southcoast.org\/#website"},"datePublished":"2025-06-27T22:56:29+00:00","dateModified":"2025-08-18T21:15:43+00:00","description":"A Southcoast Health oferece cuidados especializados para m\u00e3os e pulsos, desde artrite e les\u00f5es at\u00e9 cirurgia do t\u00fanel do carpo e procedimentos minimamente invasivos.","breadcrumb":{"@id":"https:\/\/orthopedics.southcoast.org\/all-areas-of-care\/hand-surgery\/#breadcrumb"},"inLanguage":"pt-PT","potentialAction":[{"@type":"ReadAction","target":["https:\/\/orthopedics.southcoast.org\/all-areas-of-care\/hand-surgery\/"]}]},{"@type":"BreadcrumbList","@id":"https:\/\/orthopedics.southcoast.org\/all-areas-of-care\/hand-surgery\/#breadcrumb","itemListElement":[{"@type":"ListItem","position":1,"name":"","item":"https:\/\/orthopedics.southcoast.org\/"},{"@type":"ListItem","position":2,"name":"All Areas of Care","item":"https:\/\/orthopedics.southcoast.org\/all-areas-of-care\/"},{"@type":"ListItem","position":3,"name":"Hand Surgery"}]},{"@type":"WebSite","@id":"https:\/\/orthopedics.southcoast.org\/#website","url":"https:\/\/orthopedics.southcoast.org\/","name":"Ortopedia","description":"","potentialAction":[{"@type":"SearchAction","target":{"@type":"EntryPoint","urlTemplate":"https:\/\/orthopedics.southcoast.org\/?s={search_term_string}"},"query-input":{"@type":"PropertyValueSpecification","valueRequired":true,"valueName":"search_term_string"}}],"inLanguage":"pt-PT"}]}},"_links":{"self":[{"href":"https:\/\/orthopedics.southcoast.org\/pt\/wp-json\/wp\/v2\/pages\/2149","targetHints":{"allow":["GET"]}}],"collection":[{"href":"https:\/\/orthopedics.southcoast.org\/pt\/wp-json\/wp\/v2\/pages"}],"about":[{"href":"https:\/\/orthopedics.southcoast.org\/pt\/wp-json\/wp\/v2\/types\/page"}],"author":[{"embeddable":true,"href":"https:\/\/orthopedics.southcoast.org\/pt\/wp-json\/wp\/v2\/users\/10"}],"replies":[{"embeddable":true,"href":"https:\/\/orthopedics.southcoast.org\/pt\/wp-json\/wp\/v2\/comments?post=2149"}],"version-history":[{"count":34,"href":"https:\/\/orthopedics.southcoast.org\/pt\/wp-json\/wp\/v2\/pages\/2149\/revisions"}],"predecessor-version":[{"id":3197,"href":"https:\/\/orthopedics.southcoast.org\/pt\/wp-json\/wp\/v2\/pages\/2149\/revisions\/3197"}],"up":[{"embeddable":true,"href":"https:\/\/orthopedics.southcoast.org\/pt\/wp-json\/wp\/v2\/pages\/2271"}],"wp:attachment":[{"href":"https:\/\/orthopedics.southcoast.org\/pt\/wp-json\/wp\/v2\/media?parent=2149"}],"curies":[{"name":"wp","href":"https:\/\/api.w.org\/{rel}","templated":true}]}}