{"id":2175,"date":"2025-06-27T23:52:24","date_gmt":"2025-06-27T23:52:24","guid":{"rendered":"https:\/\/orthopedics.test-southcoast-health-multi.southcoast-health.org\/?page_id=2175"},"modified":"2025-10-02T04:38:31","modified_gmt":"2025-10-02T04:38:31","slug":"foot-and-ankle","status":"publish","type":"page","link":"https:\/\/orthopedics.southcoast.org\/pt\/all-areas-of-care\/foot-and-ankle\/","title":{"rendered":"P\u00e9 e tornozelo"},"content":{"rendered":"<div  class=\"blockSettings    hero-main-block show-breadcrumbs\" style=\"\"><div class=\"background\"><\/div>\n<div class=\"container\">\n\n    <div class=\"breadcrumbsWrapper desktop-breadcrumbs\"><nav id=\"breadcrumbs\" aria-label=\"P\u00e3o ralado\"><ol><li><a href=\"https:\/\/orthopedics.southcoast.org\/pt\/\"><i class=\"fa-regular fa-house\"><\/i><span class=\"visually-hidden\">In\u00edcio<\/span><\/a><\/li><\/ol><\/nav><\/div><div class=\"breadcrumbsWrapper mobile-breadcrumbs\"><p id=\"mobile-breadcrumbs\"><span><span><a href=\"https:\/\/orthopedics.southcoast.org\/pt\"><i class=\"far fa-home\"><\/i><\/a><\/span> <i class=\"fa-solid fa-chevron-right separator\"><\/i> <span><a href=\"https:\/\/orthopedics.southcoast.org\/pt\/all-areas-of-care\/\">Todas as \u00e1reas de cuidados<\/a><\/span><\/span><\/p><\/div>    <div class=\"grid\">\n        <div class=\"col-bleed-y\">\n            <div class=\"inner-wrap\">\n                <div class=\"content-col\">\n                                            <h1>Cuidados com o p\u00e9 e o tornozelo<\/h1>\n                                        <div class=\"copy-wrap\">\n                                                    <p><span class=\"TextRun SCXW18926191 BCX0\" lang=\"EN-US\" xml:lang=\"EN-US\" data-contrast=\"auto\"><span class=\"NormalTextRun SCXW18926191 BCX0\">Quando a dor no p\u00e9 ou no tornozelo torna dif\u00edcil andar, trabalhar<\/span><span class=\"NormalTextRun SCXW18926191 BCX0\"> ou aproveitar a vida, a Southcoast Health est\u00e1 aqui para ajudar. Os nossos especialistas em ortopedia oferecem tratamentos avan\u00e7ados cir\u00fargicos e n\u00e3o cir\u00fargicos adaptados \u00e0 sua condi\u00e7\u00e3o, <\/span><span class=\"NormalTextRun SCXW18926191 BCX0\">estilo de vida<\/span><span class=\"NormalTextRun SCXW18926191 BCX0\"> e objectivos. Se <\/span><span class=\"NormalTextRun SCXW18926191 BCX0\">est\u00e1<\/span><span class=\"NormalTextRun SCXW18926191 BCX0\"> a recuperar de uma les\u00e3o ou a gerir a dor cr\u00f3nica, <\/span><span class=\"NormalTextRun SCXW18926191 BCX0\">vamos<\/span><span class=\"NormalTextRun SCXW18926191 BCX0\"> ajud\u00e1-lo a dar o pr\u00f3ximo passo para uma vida mais ativa e sem dores.<\/span><\/span><span class=\"EOP SCXW18926191 BCX0\" data-ccp-props=\"{}\">\u00a0<\/span><\/p>\n                                            <\/div>\n                                            <div class=\"cta-wrap\">\n                                                            <a aria-label=\"link para marcar uma consulta\" class=\"mainCTA shadow dark1\" href=\"https:\/\/www.southcoast.org\/find-a-provider\/?query=Orthopedics\" target=\"_blank\" title=\"Abre Marcar uma consulta num novo separador ou janela\" rel=\"noopener noreferrer\">Marcar uma consulta<span class=\"fa-regular fa-up-right-from-square\"><\/span><\/a>                                                                                <\/div>\n                                    <\/div>\n                <div class=\"media-col\">\n                                            <img\n                            class=\"main-img\"\n                            src=\"https:\/\/orthopedics.southcoast.org\/wp-content\/uploads\/sites\/4\/2025\/07\/Foot-and-Ankle-Pain-Orthpedics.jpg\"\n                                                        srcset=\"https:\/\/orthopedics.southcoast.org\/wp-content\/uploads\/sites\/4\/2025\/07\/Foot-and-Ankle-Pain-Orthpedics.jpg 2121w, https:\/\/orthopedics.southcoast.org\/wp-content\/uploads\/sites\/4\/2025\/07\/Foot-and-Ankle-Pain-Orthpedics-300x200.jpg 300w, https:\/\/orthopedics.southcoast.org\/wp-content\/uploads\/sites\/4\/2025\/07\/Foot-and-Ankle-Pain-Orthpedics-1024x683.jpg 1024w, https:\/\/orthopedics.southcoast.org\/wp-content\/uploads\/sites\/4\/2025\/07\/Foot-and-Ankle-Pain-Orthpedics-768x512.jpg 768w, https:\/\/orthopedics.southcoast.org\/wp-content\/uploads\/sites\/4\/2025\/07\/Foot-and-Ankle-Pain-Orthpedics-1536x1024.jpg 1536w, https:\/\/orthopedics.southcoast.org\/wp-content\/uploads\/sites\/4\/2025\/07\/Foot-and-Ankle-Pain-Orthpedics-2048x1365.jpg 2048w\"\n                            sizes=\"(max-width: 768px) 100vw, (max-width: 1200px) 50vw, 800px\"\n                                                        alt=\"\"\n                            loading=\"eager\"\n                            decoding=\"async\"\n                            fetchpriority=\"high\">\n                                                            <img decoding=\"async\" class=\"corner-art\" src=\"https:\/\/orthopedics.southcoast.org\/wp-content\/themes\/southcoast_multisite\/images\/corner-art.svg\">\n                <\/div>\n            <\/div>\n        <\/div>\n    <\/div>\n<\/div>\n\n<script>\n    document.querySelectorAll('.play-button').forEach(button => {\n        button.addEventListener('click', function() {\n            const modal = this.nextElementSibling;\n            modal.style.display = 'block';\n            document.body.style.overflow = 'hidden';\n        });\n    });\n\n    document.querySelectorAll('.close-modal, .modal-overlay').forEach(element => {\n        element.addEventListener('click', function() {\n            const modal = this.closest('.video-modal');\n            modal.style.display = 'none';\n            document.body.style.overflow = '';\n        });\n    });\n<\/script>\n<\/div>\n\n\n<div  class=\"blockSettings  paddingTopMD paddingBottomMD multiple-media-object-block light\" style=\"background-color:#fff;\"><div class=\"container\">\n    <div class=\"grid\">\n        <div class=\"col-sm-12\">\n            <div class=\"inner left disc\">\n                <div class=\"copy\">\n                        <div class=\"mainCopyWrap\">\n            <h2>Mova-se com confian\u00e7a\u00a0<\/h2>\n    <div class=\"paragraphWrap\"><p>Desde entorses e fracturas a artrite e les\u00f5es nos tend\u00f5es, fornecemos diagn\u00f3sticos e tratamentos especializados para uma vasta gama de doen\u00e7as do p\u00e9 e do tornozelo. Os nossos cirurgi\u00f5es do p\u00e9 e do tornozelo, certificados e formados por uma irmandade, juntamente com uma equipa colaborativa de especialistas, podem ajudar a encontrar o caminho de recupera\u00e7\u00e3o certo para a sua situa\u00e7\u00e3o \u00fanica e ajud\u00e1-lo a voltar a viver a vida que adora.<\/p>\n<p><strong>As doen\u00e7as que tratamos incluem:<\/strong><\/p>\n<ul>\n<li>Rupturas do tend\u00e3o de Aquiles e dores no calcanhar<\/li>\n<li>Fracturas agudas e les\u00f5es traum\u00e1ticas<\/li>\n<li>Entorses e instabilidade do tornozelo<\/li>\n<li>Artrite do p\u00e9 ou do tornozelo<\/li>\n<li>Joanetes e dedos dos p\u00e9s em martelo<\/li>\n<li>P\u00e9s chatos, arcos altos e deforma\u00e7\u00f5es do p\u00e9<\/li>\n<li>Fasce\u00edte plantar<\/li>\n<li>Les\u00f5es relacionadas com o desporto<\/li>\n<li>Tendinite e les\u00f5es por uso excessivo<\/li>\n<\/ul>\n<\/div>    <\/div>\n    \n                <\/div>\n                <div class=\"images\">\n                                            <img decoding=\"async\" class=\"first\" src=\"https:\/\/orthopedics.southcoast.org\/wp-content\/uploads\/sites\/4\/2025\/08\/Dr.-ODonnell_2_Final-scaled.jpg\" alt=\"\">\n                                                                <img decoding=\"async\" class=\"second\" src=\"https:\/\/orthopedics.southcoast.org\/wp-content\/uploads\/sites\/4\/2025\/07\/Ankle-Pain-Orthopedics.jpg\" alt=\"\">\n                                                                <img decoding=\"async\" class=\"third\" src=\"https:\/\/orthopedics.southcoast.org\/wp-content\/uploads\/sites\/4\/2025\/07\/Foot-Pain-Orthopedics.jpg\" alt=\"\">\n                                    <\/div>\n\n            <\/div>\n        <\/div>\n    <\/div>\n<\/div>\n<\/div>\n\n\n<div  class=\"blockSettings  paddingTopNone paddingBottomMD media-object-block light\" style=\"background-color:#fff;\"><div class=\"container\">\n\t<div class=\"grid\">\n\t\t<div class=\"col-sm-12\">\n\t\t\t<div class=\"inner image-right list-style-checkmark inner-bg\" style=\"background-color: #f6f7f7;\">\n\t\t\t\t<div class=\"copy\">\n\t\t\t\t\t    <div class=\"mainCopyWrap\">\n            <h2>Quando procurar ajuda para dores no p\u00e9 ou no tornozelo<\/h2>\n    <div class=\"paragraphWrap\"><p>A dor no p\u00e9 e no tornozelo n\u00e3o \u00e9 algo a que esteja preso. Se estiver a sentir desconforto cr\u00f3nico, instabilidade, amplitude de movimentos limitada ou uma les\u00e3o que n\u00e3o est\u00e1 a sarar, os nossos especialistas podem ajudar. A avalia\u00e7\u00e3o e o tratamento precoces podem evitar mais danos e melhorar o tempo de recupera\u00e7\u00e3o.<\/p>\n<p><strong>Se estiver a sofrer de uma doen\u00e7a, talvez seja altura de procurar ajuda especializada:<\/strong><\/p>\n<ul>\n<li>Instabilidade cont\u00ednua do tornozelo<\/li>\n<li>Incha\u00e7o ou n\u00f3doas negras que n\u00e3o melhoram<\/li>\n<li>Dor ao andar ou ficar de p\u00e9<\/li>\n<li>Les\u00f5es recorrentes ou mobilidade limitada<\/li>\n<\/ul>\n<\/div>    <\/div>\n        <div class=\"ctaWrap\">\n                    <a aria-label=\"liga\u00e7\u00e3o para Encontrar um especialista\" class=\"mainCTA shadow light1\" href=\"https:\/\/www.southcoast.org\/find-a-provider\/?query=Orthopedics\" target=\"_blank\" title=\"Abre Encontrar um especialista num novo separador ou janela\" rel=\"noopener noreferrer\">Encontrar um especialista<span class=\"fa-regular fa-up-right-from-square\"><\/span><\/a>            <\/div>\n    \t\t\t\t<\/div>\n\t\t\t\t\t\t\t\t<div class=\"images\">\n\t\t\t\t\t\t<img decoding=\"async\" class=\"single\" src=\"https:\/\/orthopedics.southcoast.org\/wp-content\/uploads\/sites\/4\/2025\/08\/Orthopedic-Team-2025-16-scaled.png\" alt=\"\">\n\t\t\t\t\t\t\t\t\t\t\t\t\t    <div class=\"cornerArtWrapper cornerArt-small\">\n        <img decoding=\"async\" class=\"cornerArt\" src=\"https:\/\/orthopedics.southcoast.org\/wp-content\/themes\/southcoast_multisite\/images\/corner-art.svg\" alt=\"\">\n    <\/div>\n\t\t\t\t\t\t\t\t\t\t<\/div>\n\t\t\t\t\n\t\t\t<\/div>\n\t\t<\/div>\n\t<\/div>\n<\/div>\n<\/div>\n\n\n<div  class=\"blockSettings  paddingTopMD paddingBottomMD tabsFluid light\" style=\"\"><div class=\"container\">\n\n            <div class=\"grid\">\n            <div class=\"col-sm-12\">\n                <div class=\"introCenter intro-content\">\n                        <div class=\"mainCopyWrap\">\n            <h2>Op\u00e7\u00f5es de tratamento  <\/h2>\n        <\/div>\n    \n\n                <\/div>\n            <\/div>\n        <\/div>\n    \n   \n        <div class=\"blockSeparator\"><\/div>\n    \n\n    <!--Desktop Tabs-->\n    <div class=\"grid tab tabHorizontal\">\n        <div class=\"col-sm-12\">\n            <ul class=\"tab__head\" role=\"tablist\" aria-label=\"Op\u00e7\u00f5es de tratamento - Separadores\">\n                                                            <li role=\"tab\" class=\"is-open\"><a href=\"#tabH1\" id=\"tabH1-tab\" title=\"\"\n                                                                    role=\"tab\"\n                                                                    aria-controls=\"tabH1\"\n                                                                    aria-selected=\"true\">Tratamentos cir\u00fargicos<\/a><\/li>\n                                            <li role=\"tab\" class=\"\"><a href=\"#tabH2\" id=\"tabH2-tab\" title=\"\"\n                                                                    role=\"tab\"\n                                                                    aria-controls=\"tabH2\"\n                                                                    aria-selected=\"false\">Tratamentos n\u00e3o cir\u00fargicos<\/a><\/li>\n                                                <\/ul>\n        <\/div>\n        <div class=\"col-sm-12\">\n                                                <div class=\"beefup tab__item tabH is-open\" id=\"tabH1\" role=\"tabpanel\" aria-labelledby=\"tabH1-tab\" aria-hidden=\"false\">\n                                                    <div class=\"grid justify-center\">\n                                                                                                            <div class=\"col-sm-6\">\n                                            <div class=\"beefup__image\">\n                                                <img loading=\"lazy\" decoding=\"async\" width=\"2120\" height=\"1414\" src=\"https:\/\/orthopedics.southcoast.org\/wp-content\/uploads\/sites\/4\/2025\/07\/Foot-and-Ankle-in-a-Cast.jpg\" class=\"attachment-full size-full\" alt=\"\" srcset=\"https:\/\/orthopedics.southcoast.org\/wp-content\/uploads\/sites\/4\/2025\/07\/Foot-and-Ankle-in-a-Cast.jpg 2120w, https:\/\/orthopedics.southcoast.org\/wp-content\/uploads\/sites\/4\/2025\/07\/Foot-and-Ankle-in-a-Cast-300x200.jpg 300w, https:\/\/orthopedics.southcoast.org\/wp-content\/uploads\/sites\/4\/2025\/07\/Foot-and-Ankle-in-a-Cast-1024x683.jpg 1024w, https:\/\/orthopedics.southcoast.org\/wp-content\/uploads\/sites\/4\/2025\/07\/Foot-and-Ankle-in-a-Cast-768x512.jpg 768w, https:\/\/orthopedics.southcoast.org\/wp-content\/uploads\/sites\/4\/2025\/07\/Foot-and-Ankle-in-a-Cast-1536x1024.jpg 1536w, https:\/\/orthopedics.southcoast.org\/wp-content\/uploads\/sites\/4\/2025\/07\/Foot-and-Ankle-in-a-Cast-2048x1366.jpg 2048w\" sizes=\"auto, (max-width: 2120px) 100vw, 2120px\" \/>                                            <\/div>\n                                        <\/div>\n                                                                        <div class=\"col-sm-6\">\n                                        <article aria-labelledby=\"Surgical Treatments content.\" class=\"beefup__body\" role=\"region\" style=\"overflow: hidden;\">\n                                            <div class=\"maincopy intro\">\n                                                <p>A Southcoast Health oferece solu\u00e7\u00f5es cir\u00fargicas avan\u00e7adas para corrigir les\u00f5es ou perturba\u00e7\u00f5es do p\u00e9 e do tornozelo quando os tratamentos n\u00e3o cir\u00fargicos n\u00e3o s\u00e3o suficientes, ajudando a restaurar a mobilidade, a aliviar a dor e a melhorar a fun\u00e7\u00e3o a longo prazo.<\/p>\n<p><strong>Tratamentos cir\u00fargicos:<\/strong><\/p>\n<ul>\n<li>Repara\u00e7\u00e3o do tend\u00e3o de Aquiles<\/li>\n<li>Artroscopia do tornozelo e cirurgia minimamente invasiva<\/li>\n<li>Fus\u00e3o do tornozelo e substitui\u00e7\u00e3o total do tornozelo<\/li>\n<li>Bunionectomia e corre\u00e7\u00e3o do dedo do p\u00e9 em martelo<\/li>\n<li>Reconstru\u00e7\u00e3o do p\u00e9 chato e do arco alto<\/li>\n<li>Repara\u00e7\u00e3o de fracturas<\/li>\n<li>Reconstru\u00e7\u00e3o de ligamentos e tend\u00f5es<\/li>\n<\/ul>\n                                            <\/div>\n                                        <\/article>\n                                                                            <\/div>\n                                                            <\/div>\n                                            <\/div>\n                                    <div class=\"beefup tab__item tabH\" id=\"tabH2\" role=\"tabpanel\" aria-labelledby=\"tabH2-tab\" aria-hidden=\"true\">\n                                                    <div class=\"grid justify-center\">\n                                                                                                            <div class=\"col-sm-6\">\n                                            <div class=\"beefup__image\">\n                                                <img loading=\"lazy\" decoding=\"async\" width=\"2560\" height=\"1707\" src=\"https:\/\/orthopedics.southcoast.org\/wp-content\/uploads\/sites\/4\/2025\/07\/Mass-Maritime-Students-Stretching-in-Front-of-the-Boat-scaled.jpg\" class=\"attachment-full size-full\" alt=\"\" srcset=\"https:\/\/orthopedics.southcoast.org\/wp-content\/uploads\/sites\/4\/2025\/07\/Mass-Maritime-Students-Stretching-in-Front-of-the-Boat-scaled.jpg 2560w, https:\/\/orthopedics.southcoast.org\/wp-content\/uploads\/sites\/4\/2025\/07\/Mass-Maritime-Students-Stretching-in-Front-of-the-Boat-300x200.jpg 300w, https:\/\/orthopedics.southcoast.org\/wp-content\/uploads\/sites\/4\/2025\/07\/Mass-Maritime-Students-Stretching-in-Front-of-the-Boat-1024x683.jpg 1024w, https:\/\/orthopedics.southcoast.org\/wp-content\/uploads\/sites\/4\/2025\/07\/Mass-Maritime-Students-Stretching-in-Front-of-the-Boat-768x512.jpg 768w, https:\/\/orthopedics.southcoast.org\/wp-content\/uploads\/sites\/4\/2025\/07\/Mass-Maritime-Students-Stretching-in-Front-of-the-Boat-1536x1024.jpg 1536w, https:\/\/orthopedics.southcoast.org\/wp-content\/uploads\/sites\/4\/2025\/07\/Mass-Maritime-Students-Stretching-in-Front-of-the-Boat-2048x1365.jpg 2048w\" sizes=\"auto, (max-width: 2560px) 100vw, 2560px\" \/>                                            <\/div>\n                                        <\/div>\n                                                                        <div class=\"col-sm-6\">\n                                        <article aria-labelledby=\"Non-Surgical Treatments content.\" class=\"beefup__body\" role=\"region\" style=\"overflow: none;\">\n                                            <div class=\"maincopy intro\">\n                                                <p>A Southcoast Health oferece uma gama de tratamentos n\u00e3o cir\u00fargicos eficazes para gerir as condi\u00e7\u00f5es do p\u00e9 e do tornozelo, reduzir a dor e apoiar a sua recupera\u00e7\u00e3o sem necessidade de cirurgia.<\/p>\n<p><strong>Tratamentos n\u00e3o cir\u00fargicos:<\/strong><\/p>\n<ul>\n<li>Injec\u00e7\u00f5es de corticoster\u00f3ides<\/li>\n<li>Ort\u00f3teses e aparelhos personalizados<\/li>\n<li>Medicamentos<\/li>\n<li>Fisioterapia<\/li>\n<li>Terapia com plasma rico em plaquetas (PRP)<\/li>\n<li>Modifica\u00e7\u00f5es de cal\u00e7ado<\/li>\n<li>Procedimento TenJet<\/li>\n<\/ul>\n                                            <\/div>\n                                        <\/article>\n                                                                            <\/div>\n                                                            <\/div>\n                                            <\/div>\n                                    <\/div>\n    <\/div>\n<\/div>\n<\/div>\n\n\n<div id=\"\" class=\"bannerFluidTwo paddingTopLG paddingBottomNone\">\n    \n        <div class=\"grid\">\n            <div class=\"col-sm-12 col-bleed\">\n                <div class=\"banner-content-wrap  darkTheme\" style=\"background-image:url(https:\/\/orthopedics.southcoast.org\/wp-content\/uploads\/sites\/4\/2025\/06\/total_joint_replacement_callout_image-1.webp);background-size:cover;background-position:center center; \">\n                    \n                    \n                    <div class=\"banner-content container\">\n                            <div class=\"mainCopyWrap\">\n            <h2>O seu caminho para a recupera\u00e7\u00e3o come\u00e7a aqui<\/h2>\n    <div class=\"paragraphWrap\"><p>N\u00e3o deixe que a dor no p\u00e9 ou no tornozelo o impe\u00e7a. A nossa equipa ortop\u00e9dica experiente est\u00e1 aqui para o ajudar a regressar \u00e0 vida e \u00e0s actividades que adora.<\/p><\/div>    <\/div>\n                                <div class=\"ctaWrap\">\n                    <a aria-label=\"liga\u00e7\u00e3o para Encontrar um local\" class=\"mainCTA shadow dark1\" href=\"https:\/\/www.southcoast.org\/locations\/?service=Orthopedics\" target=\"_blank\" title=\"Abre Encontrar um local num novo separador ou janela\" rel=\"noopener noreferrer\">Encontrar um local<span class=\"fa-regular fa-up-right-from-square\"><\/span><\/a>                    <a aria-label=\"link para marcar uma consulta\" class=\"mainCTA shadow dark1\" href=\"https:\/\/www.southcoast.org\/find-a-provider\/?query=Orthopedics\" target=\"_blank\" title=\"Abre Marcar uma consulta num novo separador ou janela\" rel=\"noopener noreferrer\">Marcar uma consulta<span class=\"fa-regular fa-up-right-from-square\"><\/span><\/a>            <\/div>\n    \n                    <\/div>\n                <\/div>\n            <\/div>\n        <\/div>\n\n        <\/div>","protected":false},"excerpt":{"rendered":"","protected":false},"author":10,"featured_media":0,"parent":2271,"menu_order":0,"comment_status":"closed","ping_status":"closed","template":"","meta":{"_acf_changed":false,"footnotes":""},"class_list":["post-2175","page","type-page","status-publish","hentry"],"acf":[],"yoast_head":"<!-- This site is optimized with the Yoast SEO plugin v26.0 - https:\/\/yoast.com\/wordpress\/plugins\/seo\/ -->\n<title>Foot and Ankle - Orthopedics<\/title>\n<meta name=\"description\" content=\"Discover expert foot and ankle care in MA and RI, including advanced surgical and non-surgical treatments for pain, injury, and chronic conditions.\" \/>\n<meta name=\"robots\" content=\"index, follow, max-snippet:-1, max-image-preview:large, max-video-preview:-1\" \/>\n<link rel=\"canonical\" href=\"https:\/\/orthopedics.southcoast.org\/pt\/all-areas-of-care\/foot-and-ankle\/\" \/>\n<meta property=\"og:locale\" content=\"pt_PT\" \/>\n<meta property=\"og:type\" content=\"article\" \/>\n<meta property=\"og:title\" content=\"Foot and Ankle - Orthopedics\" \/>\n<meta property=\"og:description\" content=\"Discover expert foot and ankle care in MA and RI, including advanced surgical and non-surgical treatments for pain, injury, and chronic conditions.\" \/>\n<meta property=\"og:url\" content=\"https:\/\/orthopedics.southcoast.org\/pt\/all-areas-of-care\/foot-and-ankle\/\" \/>\n<meta property=\"og:site_name\" content=\"Orthopedics\" \/>\n<meta property=\"article:modified_time\" content=\"2025-10-02T04:38:31+00:00\" \/>\n<meta name=\"twitter:card\" content=\"summary_large_image\" \/>\n<script type=\"application\/ld+json\" class=\"yoast-schema-graph\">{\"@context\":\"https:\/\/schema.org\",\"@graph\":[{\"@type\":\"WebPage\",\"@id\":\"https:\/\/orthopedics.southcoast.org\/all-areas-of-care\/foot-and-ankle\/\",\"url\":\"https:\/\/orthopedics.southcoast.org\/all-areas-of-care\/foot-and-ankle\/\",\"name\":\"Foot and Ankle - Orthopedics\",\"isPartOf\":{\"@id\":\"https:\/\/orthopedics.southcoast.org\/#website\"},\"datePublished\":\"2025-06-27T23:52:24+00:00\",\"dateModified\":\"2025-10-02T04:38:31+00:00\",\"description\":\"Discover expert foot and ankle care in MA and RI, including advanced surgical and non-surgical treatments for pain, injury, and chronic conditions.\",\"breadcrumb\":{\"@id\":\"https:\/\/orthopedics.southcoast.org\/all-areas-of-care\/foot-and-ankle\/#breadcrumb\"},\"inLanguage\":\"pt-PT\",\"potentialAction\":[{\"@type\":\"ReadAction\",\"target\":[\"https:\/\/orthopedics.southcoast.org\/all-areas-of-care\/foot-and-ankle\/\"]}]},{\"@type\":\"BreadcrumbList\",\"@id\":\"https:\/\/orthopedics.southcoast.org\/all-areas-of-care\/foot-and-ankle\/#breadcrumb\",\"itemListElement\":[{\"@type\":\"ListItem\",\"position\":1,\"name\":\"\",\"item\":\"https:\/\/orthopedics.southcoast.org\/\"},{\"@type\":\"ListItem\",\"position\":2,\"name\":\"All Areas of Care\",\"item\":\"https:\/\/orthopedics.southcoast.org\/all-areas-of-care\/\"},{\"@type\":\"ListItem\",\"position\":3,\"name\":\"Foot and Ankle\"}]},{\"@type\":\"WebSite\",\"@id\":\"https:\/\/orthopedics.southcoast.org\/#website\",\"url\":\"https:\/\/orthopedics.southcoast.org\/\",\"name\":\"Orthopedics\",\"description\":\"\",\"potentialAction\":[{\"@type\":\"SearchAction\",\"target\":{\"@type\":\"EntryPoint\",\"urlTemplate\":\"https:\/\/orthopedics.southcoast.org\/?s={search_term_string}\"},\"query-input\":{\"@type\":\"PropertyValueSpecification\",\"valueRequired\":true,\"valueName\":\"search_term_string\"}}],\"inLanguage\":\"pt-PT\"}]}<\/script>\n<!-- \/ Yoast SEO plugin. -->","yoast_head_json":{"title":"Foot and Ankle - Orthopedics","description":"Discover expert foot and ankle care in MA and RI, including advanced surgical and non-surgical treatments for pain, injury, and chronic conditions.","robots":{"index":"index","follow":"follow","max-snippet":"max-snippet:-1","max-image-preview":"max-image-preview:large","max-video-preview":"max-video-preview:-1"},"canonical":"https:\/\/orthopedics.southcoast.org\/pt\/all-areas-of-care\/foot-and-ankle\/","og_locale":"pt_PT","og_type":"article","og_title":"Foot and Ankle - Orthopedics","og_description":"Discover expert foot and ankle care in MA and RI, including advanced surgical and non-surgical treatments for pain, injury, and chronic conditions.","og_url":"https:\/\/orthopedics.southcoast.org\/pt\/all-areas-of-care\/foot-and-ankle\/","og_site_name":"Orthopedics","article_modified_time":"2025-10-02T04:38:31+00:00","twitter_card":"summary_large_image","schema":{"@context":"https:\/\/schema.org","@graph":[{"@type":"WebPage","@id":"https:\/\/orthopedics.southcoast.org\/all-areas-of-care\/foot-and-ankle\/","url":"https:\/\/orthopedics.southcoast.org\/all-areas-of-care\/foot-and-ankle\/","name":"Foot and Ankle - Orthopedics","isPartOf":{"@id":"https:\/\/orthopedics.southcoast.org\/#website"},"datePublished":"2025-06-27T23:52:24+00:00","dateModified":"2025-10-02T04:38:31+00:00","description":"Discover expert foot and ankle care in MA and RI, including advanced surgical and non-surgical treatments for pain, injury, and chronic conditions.","breadcrumb":{"@id":"https:\/\/orthopedics.southcoast.org\/all-areas-of-care\/foot-and-ankle\/#breadcrumb"},"inLanguage":"pt-PT","potentialAction":[{"@type":"ReadAction","target":["https:\/\/orthopedics.southcoast.org\/all-areas-of-care\/foot-and-ankle\/"]}]},{"@type":"BreadcrumbList","@id":"https:\/\/orthopedics.southcoast.org\/all-areas-of-care\/foot-and-ankle\/#breadcrumb","itemListElement":[{"@type":"ListItem","position":1,"name":"","item":"https:\/\/orthopedics.southcoast.org\/"},{"@type":"ListItem","position":2,"name":"All Areas of Care","item":"https:\/\/orthopedics.southcoast.org\/all-areas-of-care\/"},{"@type":"ListItem","position":3,"name":"Foot and Ankle"}]},{"@type":"WebSite","@id":"https:\/\/orthopedics.southcoast.org\/#website","url":"https:\/\/orthopedics.southcoast.org\/","name":"Ortopedia","description":"","potentialAction":[{"@type":"SearchAction","target":{"@type":"EntryPoint","urlTemplate":"https:\/\/orthopedics.southcoast.org\/?s={search_term_string}"},"query-input":{"@type":"PropertyValueSpecification","valueRequired":true,"valueName":"search_term_string"}}],"inLanguage":"pt-PT"}]}},"_links":{"self":[{"href":"https:\/\/orthopedics.southcoast.org\/pt\/wp-json\/wp\/v2\/pages\/2175","targetHints":{"allow":["GET"]}}],"collection":[{"href":"https:\/\/orthopedics.southcoast.org\/pt\/wp-json\/wp\/v2\/pages"}],"about":[{"href":"https:\/\/orthopedics.southcoast.org\/pt\/wp-json\/wp\/v2\/types\/page"}],"author":[{"embeddable":true,"href":"https:\/\/orthopedics.southcoast.org\/pt\/wp-json\/wp\/v2\/users\/10"}],"replies":[{"embeddable":true,"href":"https:\/\/orthopedics.southcoast.org\/pt\/wp-json\/wp\/v2\/comments?post=2175"}],"version-history":[{"count":61,"href":"https:\/\/orthopedics.southcoast.org\/pt\/wp-json\/wp\/v2\/pages\/2175\/revisions"}],"predecessor-version":[{"id":3269,"href":"https:\/\/orthopedics.southcoast.org\/pt\/wp-json\/wp\/v2\/pages\/2175\/revisions\/3269"}],"up":[{"embeddable":true,"href":"https:\/\/orthopedics.southcoast.org\/pt\/wp-json\/wp\/v2\/pages\/2271"}],"wp:attachment":[{"href":"https:\/\/orthopedics.southcoast.org\/pt\/wp-json\/wp\/v2\/media?parent=2175"}],"curies":[{"name":"wp","href":"https:\/\/api.w.org\/{rel}","templated":true}]}}