{"id":2347,"date":"2025-07-02T16:11:30","date_gmt":"2025-07-02T16:11:30","guid":{"rendered":"https:\/\/orthopedics.test-southcoast-health-multi.southcoast-health.org\/?page_id=2347"},"modified":"2025-10-02T04:37:43","modified_gmt":"2025-10-02T04:37:43","slug":"osteoporosis-treatment-and-prevention","status":"publish","type":"page","link":"https:\/\/orthopedics.southcoast.org\/pt\/homepage\/programs\/osteoporosis-treatment-and-prevention\/","title":{"rendered":"Cl\u00ednica de liga\u00e7\u00e3o para fracturas"},"content":{"rendered":"<div  class=\"blockSettings    hero-main-block show-breadcrumbs\" style=\"\"><div class=\"background\"><\/div>\n<div class=\"container\">\n\n    <div class=\"breadcrumbsWrapper desktop-breadcrumbs\"><nav id=\"breadcrumbs\" aria-label=\"P\u00e3o ralado\"><ol><li><a href=\"https:\/\/orthopedics.southcoast.org\/pt\/\"><i class=\"fa-regular fa-house\"><\/i><span class=\"visually-hidden\">In\u00edcio<\/span><\/a><\/li><\/ol><\/nav><\/div><div class=\"breadcrumbsWrapper mobile-breadcrumbs\"><p id=\"mobile-breadcrumbs\"><span><span><a href=\"https:\/\/orthopedics.southcoast.org\/pt\"><i class=\"far fa-home\"><\/i><\/a><\/span> <i class=\"fa-solid fa-chevron-right separator\"><\/i> <span><a href=\"https:\/\/orthopedics.southcoast.org\/pt\/\">P\u00e1gina inicial<\/a><\/span><\/span><\/p><\/div>    <div class=\"grid\">\n        <div class=\"col-bleed-y\">\n            <div class=\"inner-wrap\">\n                <div class=\"content-col\">\n                                            <h1>Cl\u00ednica de liga\u00e7\u00e3o para fracturas<\/h1>\n                                        <div class=\"copy-wrap\">\n                                                    <p><span class=\"TextRun SCXW61527002 BCX8\" lang=\"EN-US\" xml:lang=\"EN-US\" data-contrast=\"auto\"><span class=\"NormalTextRun SCXW61527002 BCX8\">Est\u00e1 a debater-se com uma baixa densidade \u00f3ssea? A nossa Fracture Liaison Clinic oferece planos de tratamento personalizados para a osteoporose com diagn\u00f3sticos avan\u00e7ados.<\/span><\/span><\/p>\n                                            <\/div>\n                                            <div class=\"cta-wrap\">\n                                                            <a aria-label=\"link para marcar uma consulta\" class=\"mainCTA shadow dark1\" href=\"https:\/\/www.southcoast.org\/find-a-provider\/?query=Orthopedics\" target=\"_blank\" title=\"Abre a op\u00e7\u00e3o Marcar uma consulta num novo separador ou janela\" rel=\"noopener noreferrer\">Marcar uma consulta<span class=\"fa-regular fa-up-right-from-square\"><\/span><\/a>                                                                                <\/div>\n                                    <\/div>\n                <div class=\"media-col\">\n                                            <img\n                            class=\"main-img\"\n                            src=\"https:\/\/orthopedics.southcoast.org\/wp-content\/uploads\/sites\/4\/2025\/07\/Hand-Injury-Osteoporosis-Stock.jpg\"\n                                                        srcset=\"https:\/\/orthopedics.southcoast.org\/wp-content\/uploads\/sites\/4\/2025\/07\/Hand-Injury-Osteoporosis-Stock.jpg 2159w, https:\/\/orthopedics.southcoast.org\/wp-content\/uploads\/sites\/4\/2025\/07\/Hand-Injury-Osteoporosis-Stock-300x193.jpg 300w, https:\/\/orthopedics.southcoast.org\/wp-content\/uploads\/sites\/4\/2025\/07\/Hand-Injury-Osteoporosis-Stock-1024x659.jpg 1024w, https:\/\/orthopedics.southcoast.org\/wp-content\/uploads\/sites\/4\/2025\/07\/Hand-Injury-Osteoporosis-Stock-768x494.jpg 768w, https:\/\/orthopedics.southcoast.org\/wp-content\/uploads\/sites\/4\/2025\/07\/Hand-Injury-Osteoporosis-Stock-1536x988.jpg 1536w, https:\/\/orthopedics.southcoast.org\/wp-content\/uploads\/sites\/4\/2025\/07\/Hand-Injury-Osteoporosis-Stock-2048x1318.jpg 2048w\"\n                            sizes=\"(max-width: 768px) 100vw, (max-width: 1200px) 50vw, 800px\"\n                                                        alt=\"\"\n                            loading=\"eager\"\n                            decoding=\"async\"\n                            fetchpriority=\"high\">\n                                                            <img decoding=\"async\" class=\"corner-art\" src=\"https:\/\/orthopedics.southcoast.org\/wp-content\/themes\/southcoast_multisite\/images\/corner-art.svg\">\n                <\/div>\n            <\/div>\n        <\/div>\n    <\/div>\n<\/div>\n\n<script>\n    document.querySelectorAll('.play-button').forEach(button => {\n        button.addEventListener('click', function() {\n            const modal = this.nextElementSibling;\n            modal.style.display = 'block';\n            document.body.style.overflow = 'hidden';\n        });\n    });\n\n    document.querySelectorAll('.close-modal, .modal-overlay').forEach(element => {\n        element.addEventListener('click', function() {\n            const modal = this.closest('.video-modal');\n            modal.style.display = 'none';\n            document.body.style.overflow = '';\n        });\n    });\n<\/script>\n<\/div>\n\n\n<div  class=\"blockSettings  paddingTopSM paddingBottomMD multiple-media-object-block light\" style=\"background-color:#e1f5fa;\"><div class=\"container\">\n    <div class=\"grid\">\n        <div class=\"col-sm-12\">\n            <div class=\"inner right disc\">\n                <div class=\"copy\">\n                        <div class=\"mainCopyWrap\">\n            <h2>O seu parceiro na preven\u00e7\u00e3o da osteoporose e das fracturas<\/h2>\n    <div class=\"paragraphWrap\"><p><span class=\"TextRun SCXW265200680 BCX0\" lang=\"EN-US\" xml:lang=\"EN-US\" data-contrast=\"auto\"><span class=\"NormalTextRun SCXW265200680 BCX0\">A Fracture Liaison Clinic \u00e9 um programa dedicado \u00e0 avalia\u00e7\u00e3o da sa\u00fade \u00f3ssea para prevenir fracturas secund\u00e1rias. O programa <\/span><span class=\"NormalTextRun SCXW265200680 BCX0\">identifica\u00e7\u00f5es<\/span><span class=\"NormalTextRun SCXW265200680 BCX0\"> doentes com osteoporose ou osteopenia e doentes em risco de futuras fracturas, assegurando <\/span><span class=\"NormalTextRun SCXW265200680 BCX0\">encaminhamento adequado<\/span><span class=\"NormalTextRun SCXW265200680 BCX0\"> para avalia\u00e7\u00e3o e tratamento adicionais para melhorar a resist\u00eancia \u00f3ssea e reduzir o risco de fratura. Uma fratura de fragilidade \u00e9 definida como uma fratura resultante de uma queda ao n\u00edvel do solo ou que ocorre sem trauma significativo.<\/span><\/span><span class=\"EOP SCXW265200680 BCX0\" data-ccp-props=\"{}\">\u00a0<\/span><\/p>\n<\/div>    <\/div>\n    \n                <\/div>\n                <div class=\"images\">\n                                            <img decoding=\"async\" class=\"first\" src=\"https:\/\/orthopedics.southcoast.org\/wp-content\/uploads\/sites\/4\/2025\/07\/X-Ray-Stock.jpg\" alt=\"\">\n                                                                <img decoding=\"async\" class=\"second\" src=\"https:\/\/orthopedics.southcoast.org\/wp-content\/uploads\/sites\/4\/2025\/07\/Osteoporosis-Joint-Back-Pain-Stock.jpg\" alt=\"\">\n                                                                <img decoding=\"async\" class=\"third\" src=\"https:\/\/orthopedics.southcoast.org\/wp-content\/uploads\/sites\/4\/2025\/06\/osteoporosis_hero.webp\" alt=\"\">\n                                    <\/div>\n\n            <\/div>\n        <\/div>\n    <\/div>\n<\/div>\n<\/div>\n\n\n<div  class=\"blockSettings  paddingTopSM paddingBottomSM media-object-block light\" style=\"background-color:#fff;\"><div class=\"container\">\n\t<div class=\"grid\">\n\t\t<div class=\"col-sm-12\">\n\t\t\t<div class=\"inner image-left list-style-disc inner-white-bg\" style=\"background-color: #fff;\">\n\t\t\t\t<div class=\"copy\">\n\t\t\t\t\t    <div class=\"mainCopyWrap\">\n            <h2>Quem pode beneficiar da Cl\u00ednica de Liga\u00e7\u00e3o \u00e0s Fracturas?<\/h2>\n    <div class=\"paragraphWrap\"><ul>\n<li><span class=\"TextRun SCXW101932919 BCX8\" lang=\"EN-US\" xml:lang=\"EN-US\" data-contrast=\"auto\"><span class=\"NormalTextRun SCXW101932919 BCX8\">Mulheres p\u00f3s-menop\u00e1usicas com antecedentes de fratura de fragilidade<\/span><\/span><span class=\"EOP SCXW101932919 BCX8\" data-ccp-props=\"{&quot;134233117&quot;:false,&quot;134233118&quot;:false,&quot;335557856&quot;:16777215,&quot;335559738&quot;:0,&quot;335559739&quot;:0}\">\u00a0<\/span><\/li>\n<li><span class=\"TextRun SCXW123079531 BCX8\" lang=\"EN-US\" xml:lang=\"EN-US\" data-contrast=\"auto\"><span class=\"NormalTextRun SCXW123079531 BCX8\">A<\/span> <span class=\"NormalTextRun SCXW123079531 BCX8\">traum\u00e1tico <\/span><span class=\"NormalTextRun SCXW123079531 BCX8\">in\u00edcio<\/span><span class=\"NormalTextRun SCXW123079531 BCX8\"> fratura<\/span><\/span><\/li>\n<li><span class=\"TextRun SCXW85213237 BCX8\" lang=\"EN-US\" xml:lang=\"EN-US\" data-contrast=\"auto\"><span class=\"NormalTextRun SCXW85213237 BCX8\">Homens com hist\u00f3ria de fratura de fragilidade, especialmente com 70 anos ou mais<\/span><\/span><\/li>\n<li>Doentes que tomam ester\u00f3ides cr\u00f3nicos<\/li>\n<li>Achados intra-operat\u00f3rios de m\u00e1 qualidade \u00f3ssea, especificamente se n\u00e3o tiverem fracturado. Isto pode evitar fracturas que podem alterar\/impactar a qualidade de vida do doente e diminuir os custos dos cuidados de sa\u00fade<\/li>\n<li>Qualquer pessoa que um prestador de cuidados de sa\u00fade considere que o doente pode estar em risco<\/li>\n<\/ul>\n<p><span class=\"TextRun SCXW135766167 BCX0\" lang=\"EN-US\" xml:lang=\"EN-US\" data-contrast=\"auto\"><span class=\"NormalTextRun SCXW135766167 BCX0\">Uma vez <\/span><span class=\"NormalTextRun SCXW135766167 BCX0\">referido<\/span><span class=\"NormalTextRun SCXW135766167 BCX0\">, uma avalia\u00e7\u00e3o exaustiva e completa de <\/span><span class=\"NormalTextRun SCXW135766167 BCX0\">seu<\/span><span class=\"NormalTextRun SCXW135766167 BCX0\"> \u00e9 feito um historial m\u00e9dico e cir\u00fargico. Esta avalia\u00e7\u00e3o inclui um question\u00e1rio, an\u00e1lises laboratoriais espec\u00edficas para a sa\u00fade \u00f3ssea e um exame de densidade \u00f3ssea<\/span><span class=\"NormalTextRun SCXW135766167 BCX0\"> que mais tarde ser\u00e1 avaliado<\/span><span class=\"NormalTextRun SCXW135766167 BCX0\">. <\/span><span class=\"NormalTextRun SCXW135766167 BCX0\">S\u00e3o analisados os medicamentos que afectam a sa\u00fade \u00f3ssea, <\/span><span class=\"NormalTextRun SCXW135766167 BCX0\">bem como o estilo de vida<\/span><span class=\"NormalTextRun SCXW135766167 BCX0\"> e o n\u00edvel de atividade f\u00edsica.<\/span>\u00a0<\/span><\/p>\n<\/div>    <\/div>\n        <div class=\"ctaWrap\">\n                    <a aria-label=\"liga\u00e7\u00e3o para Encontrar um fornecedor\" class=\"mainCTA shadow light1\" href=\"https:\/\/www.southcoast.org\/find-a-provider\/?query=Orthopedics\" target=\"_blank\" title=\"Abre Encontrar um fornecedor num novo separador ou janela\" rel=\"noopener noreferrer\">Encontrar um fornecedor<span class=\"fa-regular fa-up-right-from-square\"><\/span><\/a>            <\/div>\n    \t\t\t\t<\/div>\n\t\t\t\t\t\t\t\t<div class=\"images\">\n\t\t\t\t\t\t<img decoding=\"async\" class=\"single\" src=\"https:\/\/orthopedics.southcoast.org\/wp-content\/uploads\/sites\/4\/2025\/07\/Shoulder-Osteoporosis-Stock.jpg\" alt=\"\">\n\t\t\t\t\t\t\t\t\t\t<\/div>\n\t\t\t\t\n\t\t\t<\/div>\n\t\t<\/div>\n\t<\/div>\n<\/div>\n<\/div>\n\n\n<div  class=\"blockSettings  paddingTopSM paddingBottomMD media-object-block light\" style=\"\"><div class=\"container\">\n\t<div class=\"grid\">\n\t\t<div class=\"col-sm-12\">\n\t\t\t<div class=\"inner image-right list-style-checkmark inner-bg\" style=\"background-color: #E9F7F4;\">\n\t\t\t\t<div class=\"copy\">\n\t\t\t\t\t    <div class=\"mainCopyWrap\">\n            <h2>O que ir\u00e1 receber quando escolher a Cl\u00ednica de Liga\u00e7\u00e3o para Fracturas da Southcoast Health<\/h2>\n    <div class=\"paragraphWrap\"><p><span data-contrast=\"auto\">Um plano abrangente desenvolvido e personalizado para cada paciente individual. Isto inclui recomenda\u00e7\u00f5es para mudan\u00e7as no estilo de vida, suplementa\u00e7\u00e3o adequada, aconselhamento nutricional, sugest\u00f5es de exerc\u00edcio e, por \u00faltimo, medica\u00e7\u00e3o, se necess\u00e1rio. <\/span><span data-ccp-props=\"{}\">\u00a0<\/span><\/p>\n<p><span data-contrast=\"auto\">O Fracture Liaison ajudar\u00e1 os doentes a conhecer o seu papel na sa\u00fade \u00f3ssea, o que causa uma sa\u00fade \u00f3ssea deficiente e como pode ser gerida. Al\u00e9m disso, tamb\u00e9m informar\u00e1 os doentes sobre a osteoporose, uma doen\u00e7a cr\u00f3nica, e os efeitos a longo prazo e outros factores do estilo de vida que podem afetar a sua sa\u00fade. O nosso objetivo \u00e9 prevenir futuras fracturas e aumentar a densidade e a qualidade \u00f3ssea do doente.\u00a0<\/span><span data-ccp-props=\"{}\">\u00a0<\/span><\/p>\n<\/div>    <\/div>\n    \t\t\t\t<\/div>\n\t\t\t\t\t\t\t\t<div class=\"images\">\n\t\t\t\t\t\t<img decoding=\"async\" class=\"single\" src=\"https:\/\/orthopedics.southcoast.org\/wp-content\/uploads\/sites\/4\/2025\/07\/Osteoporosis-Prevention-scaled.jpg\" alt=\"\">\n\t\t\t\t\t\t\t\t\t\t<\/div>\n\t\t\t\t\n\t\t\t<\/div>\n\t\t<\/div>\n\t<\/div>\n<\/div>\n<\/div>\n\n\n<div id=\"\" class=\"bannerFluidTwo paddingTopNone paddingBottomNone\">\n    \n        <div class=\"grid\">\n            <div class=\"col-sm-12 col-bleed\">\n                <div class=\"banner-content-wrap  darkTheme\" style=\"background-image:url(https:\/\/orthopedics.southcoast.org\/wp-content\/uploads\/sites\/4\/2025\/06\/orthopedics_hand_surgery_media2-e1751501074239.webp);background-size:cover;background-position:center center; \">\n                    \n                                            <div class=\"overlay\" style=\"\"><\/div>\n                    \n                    <div class=\"banner-content container\">\n                            <div class=\"mainCopyWrap\">\n            <h2>Comece a trabalhar hoje<\/h2>\n    <div class=\"paragraphWrap\"><p>Dar o primeiro passo para uma melhor sa\u00fade ortop\u00e9dica<\/p><\/div>    <\/div>\n                                <div class=\"ctaWrap\">\n                    <a aria-label=\"liga\u00e7\u00e3o para Encontrar um local\" class=\"mainCTA shadow dark1\" href=\"https:\/\/www.southcoast.org\/locations\/?service=Orthopedics\" target=\"_blank\" title=\"Abre Encontrar um local num novo separador ou janela\" rel=\"noopener noreferrer\">Encontrar um local<span class=\"fa-regular fa-up-right-from-square\"><\/span><\/a>                    <a aria-label=\"link para marcar uma consulta\" class=\"mainCTA shadow dark1\" href=\"https:\/\/www.southcoast.org\/find-a-provider\/?query=Orthopedics\" target=\"_blank\" title=\"Abre Marcar uma consulta num novo separador ou janela\" rel=\"noopener noreferrer\">Marcar uma consulta<span class=\"fa-regular fa-up-right-from-square\"><\/span><\/a>            <\/div>\n    \n                    <\/div>\n                <\/div>\n            <\/div>\n        <\/div>\n\n        <\/div>","protected":false},"excerpt":{"rendered":"","protected":false},"author":6,"featured_media":0,"parent":2334,"menu_order":0,"comment_status":"closed","ping_status":"closed","template":"","meta":{"_acf_changed":false,"footnotes":""},"class_list":["post-2347","page","type-page","status-publish","hentry"],"acf":[],"yoast_head":"<!-- This site is optimized with the Yoast SEO plugin v26.0 - https:\/\/yoast.com\/wordpress\/plugins\/seo\/ -->\n<title>Fracture Liaison Clinic - Orthopedics<\/title>\n<meta name=\"robots\" content=\"index, follow, max-snippet:-1, max-image-preview:large, max-video-preview:-1\" \/>\n<link rel=\"canonical\" href=\"https:\/\/orthopedics.southcoast.org\/pt\/homepage\/programs\/osteoporosis-treatment-and-prevention\/\" \/>\n<meta property=\"og:locale\" content=\"pt_PT\" \/>\n<meta property=\"og:type\" content=\"article\" \/>\n<meta property=\"og:title\" content=\"Fracture Liaison Clinic - Orthopedics\" \/>\n<meta property=\"og:url\" content=\"https:\/\/orthopedics.southcoast.org\/pt\/homepage\/programs\/osteoporosis-treatment-and-prevention\/\" \/>\n<meta property=\"og:site_name\" content=\"Orthopedics\" \/>\n<meta property=\"article:modified_time\" content=\"2025-10-02T04:37:43+00:00\" \/>\n<meta name=\"twitter:card\" content=\"summary_large_image\" \/>\n<script type=\"application\/ld+json\" class=\"yoast-schema-graph\">{\"@context\":\"https:\/\/schema.org\",\"@graph\":[{\"@type\":\"WebPage\",\"@id\":\"https:\/\/orthopedics.southcoast.org\/homepage\/programs\/osteoporosis-treatment-and-prevention\/\",\"url\":\"https:\/\/orthopedics.southcoast.org\/homepage\/programs\/osteoporosis-treatment-and-prevention\/\",\"name\":\"Fracture Liaison Clinic - Orthopedics\",\"isPartOf\":{\"@id\":\"https:\/\/orthopedics.southcoast.org\/#website\"},\"datePublished\":\"2025-07-02T16:11:30+00:00\",\"dateModified\":\"2025-10-02T04:37:43+00:00\",\"breadcrumb\":{\"@id\":\"https:\/\/orthopedics.southcoast.org\/homepage\/programs\/osteoporosis-treatment-and-prevention\/#breadcrumb\"},\"inLanguage\":\"pt-PT\",\"potentialAction\":[{\"@type\":\"ReadAction\",\"target\":[\"https:\/\/orthopedics.southcoast.org\/homepage\/programs\/osteoporosis-treatment-and-prevention\/\"]}]},{\"@type\":\"BreadcrumbList\",\"@id\":\"https:\/\/orthopedics.southcoast.org\/homepage\/programs\/osteoporosis-treatment-and-prevention\/#breadcrumb\",\"itemListElement\":[{\"@type\":\"ListItem\",\"position\":1,\"name\":\"\",\"item\":\"https:\/\/orthopedics.southcoast.org\/\"},{\"@type\":\"ListItem\",\"position\":2,\"name\":\"Homepage\",\"item\":\"https:\/\/orthopedics.southcoast.org\/\"},{\"@type\":\"ListItem\",\"position\":3,\"name\":\"Orthopedics Programs\",\"item\":\"https:\/\/orthopedics.southcoast.org\/homepage\/programs\/\"},{\"@type\":\"ListItem\",\"position\":4,\"name\":\"Fracture Liaison Clinic\"}]},{\"@type\":\"WebSite\",\"@id\":\"https:\/\/orthopedics.southcoast.org\/#website\",\"url\":\"https:\/\/orthopedics.southcoast.org\/\",\"name\":\"Orthopedics\",\"description\":\"\",\"potentialAction\":[{\"@type\":\"SearchAction\",\"target\":{\"@type\":\"EntryPoint\",\"urlTemplate\":\"https:\/\/orthopedics.southcoast.org\/?s={search_term_string}\"},\"query-input\":{\"@type\":\"PropertyValueSpecification\",\"valueRequired\":true,\"valueName\":\"search_term_string\"}}],\"inLanguage\":\"pt-PT\"}]}<\/script>\n<!-- \/ Yoast SEO plugin. -->","yoast_head_json":{"title":"Fracture Liaison Clinic - Orthopedics","robots":{"index":"index","follow":"follow","max-snippet":"max-snippet:-1","max-image-preview":"max-image-preview:large","max-video-preview":"max-video-preview:-1"},"canonical":"https:\/\/orthopedics.southcoast.org\/pt\/homepage\/programs\/osteoporosis-treatment-and-prevention\/","og_locale":"pt_PT","og_type":"article","og_title":"Fracture Liaison Clinic - Orthopedics","og_url":"https:\/\/orthopedics.southcoast.org\/pt\/homepage\/programs\/osteoporosis-treatment-and-prevention\/","og_site_name":"Orthopedics","article_modified_time":"2025-10-02T04:37:43+00:00","twitter_card":"summary_large_image","schema":{"@context":"https:\/\/schema.org","@graph":[{"@type":"WebPage","@id":"https:\/\/orthopedics.southcoast.org\/homepage\/programs\/osteoporosis-treatment-and-prevention\/","url":"https:\/\/orthopedics.southcoast.org\/homepage\/programs\/osteoporosis-treatment-and-prevention\/","name":"Fracture Liaison Clinic - Orthopedics","isPartOf":{"@id":"https:\/\/orthopedics.southcoast.org\/#website"},"datePublished":"2025-07-02T16:11:30+00:00","dateModified":"2025-10-02T04:37:43+00:00","breadcrumb":{"@id":"https:\/\/orthopedics.southcoast.org\/homepage\/programs\/osteoporosis-treatment-and-prevention\/#breadcrumb"},"inLanguage":"pt-PT","potentialAction":[{"@type":"ReadAction","target":["https:\/\/orthopedics.southcoast.org\/homepage\/programs\/osteoporosis-treatment-and-prevention\/"]}]},{"@type":"BreadcrumbList","@id":"https:\/\/orthopedics.southcoast.org\/homepage\/programs\/osteoporosis-treatment-and-prevention\/#breadcrumb","itemListElement":[{"@type":"ListItem","position":1,"name":"","item":"https:\/\/orthopedics.southcoast.org\/"},{"@type":"ListItem","position":2,"name":"Homepage","item":"https:\/\/orthopedics.southcoast.org\/"},{"@type":"ListItem","position":3,"name":"Orthopedics Programs","item":"https:\/\/orthopedics.southcoast.org\/homepage\/programs\/"},{"@type":"ListItem","position":4,"name":"Fracture Liaison Clinic"}]},{"@type":"WebSite","@id":"https:\/\/orthopedics.southcoast.org\/#website","url":"https:\/\/orthopedics.southcoast.org\/","name":"Ortopedia","description":"","potentialAction":[{"@type":"SearchAction","target":{"@type":"EntryPoint","urlTemplate":"https:\/\/orthopedics.southcoast.org\/?s={search_term_string}"},"query-input":{"@type":"PropertyValueSpecification","valueRequired":true,"valueName":"search_term_string"}}],"inLanguage":"pt-PT"}]}},"_links":{"self":[{"href":"https:\/\/orthopedics.southcoast.org\/pt\/wp-json\/wp\/v2\/pages\/2347","targetHints":{"allow":["GET"]}}],"collection":[{"href":"https:\/\/orthopedics.southcoast.org\/pt\/wp-json\/wp\/v2\/pages"}],"about":[{"href":"https:\/\/orthopedics.southcoast.org\/pt\/wp-json\/wp\/v2\/types\/page"}],"author":[{"embeddable":true,"href":"https:\/\/orthopedics.southcoast.org\/pt\/wp-json\/wp\/v2\/users\/6"}],"replies":[{"embeddable":true,"href":"https:\/\/orthopedics.southcoast.org\/pt\/wp-json\/wp\/v2\/comments?post=2347"}],"version-history":[{"count":31,"href":"https:\/\/orthopedics.southcoast.org\/pt\/wp-json\/wp\/v2\/pages\/2347\/revisions"}],"predecessor-version":[{"id":3268,"href":"https:\/\/orthopedics.southcoast.org\/pt\/wp-json\/wp\/v2\/pages\/2347\/revisions\/3268"}],"up":[{"embeddable":true,"href":"https:\/\/orthopedics.southcoast.org\/pt\/wp-json\/wp\/v2\/pages\/2334"}],"wp:attachment":[{"href":"https:\/\/orthopedics.southcoast.org\/pt\/wp-json\/wp\/v2\/media?parent=2347"}],"curies":[{"name":"wp","href":"https:\/\/api.w.org\/{rel}","templated":true}]}}