{"id":3084,"date":"2025-08-15T20:58:58","date_gmt":"2025-08-15T20:58:58","guid":{"rendered":"https:\/\/orthopedics.test-southcoast-health-multi.southcoast-health.org\/?page_id=3084"},"modified":"2025-08-15T20:59:58","modified_gmt":"2025-08-15T20:59:58","slug":"prehab-total-hip-exercises","status":"publish","type":"page","link":"https:\/\/orthopedics.southcoast.org\/pt\/prehab-total-hip-exercises\/","title":{"rendered":"Exerc\u00edcios de pr\u00e9-habilita\u00e7\u00e3o total da anca"},"content":{"rendered":"<div  class=\"blockSettings  paddingTopNone paddingBottomNone videoGridFluid light\" style=\"\"><div class=\"container\">\n            <div class=\"grid align-end introLeft\">\n            <div class=\"col-sm-7 col-md-8\">\n                    <div class=\"mainCopyWrap\">\n            <h2>Exerc\u00edcios de pr\u00e9-habilita\u00e7\u00e3o total da anca<\/h2>\n        <\/div>\n                <\/div>\n            <div class=\"col-sm-5 col-md-4 introLeftColumn\">\n                            <\/div>\n        <\/div>\n    \n            <div class=\"blockSeparator\"><\/div>\n    \n    <!-- Video list -->\n    <div class=\"grid video smallGrid\">\n                                    <div class=\"col-xs-12 col-sm-6 col-grid video__item\">\n                                                                    <a title=\"abrir v\u00eddeo num popup\" class=\"popup-vimeo video__image\" href=\"https:\/\/vimeo.com\/manage\/videos\/375907440?fl=pl&#038;fe=ti\" style=\"background-image:url('https:\/\/orthopedics.southcoast.org\/wp-content\/uploads\/sites\/4\/2025\/08\/Introduction-to-Prehab-Exercise-Videos.png');\">\n                            <div class=\"overLayVideo\"><\/div>\n                            <i class=\"fa-solid fa-circle-play\"><\/i>\n                        <\/a>\n                        <h2 class=\"video__title\">Introdu\u00e7\u00e3o aos v\u00eddeos de exerc\u00edcios de pr\u00e9-habilita\u00e7\u00e3o<\/h2>\n                                    <\/div>\n                            <div class=\"col-xs-12 col-sm-6 col-grid video__item\">\n                                                                    <a title=\"abrir v\u00eddeo num popup\" class=\"popup-vimeo video__image\" href=\"https:\/\/vimeo.com\/manage\/videos\/375909986?fl=pl&#038;fe=ti\" style=\"background-image:url('https:\/\/orthopedics.southcoast.org\/wp-content\/uploads\/sites\/4\/2025\/08\/Ankle-Pumps.png');\">\n                            <div class=\"overLayVideo\"><\/div>\n                            <i class=\"fa-solid fa-circle-play\"><\/i>\n                        <\/a>\n                        <h2 class=\"video__title\">Bombas de tornozelo<\/h2>\n                                    <\/div>\n                            <div class=\"col-xs-12 col-sm-6 col-grid video__item\">\n                                                                    <a title=\"abrir v\u00eddeo num popup\" class=\"popup-vimeo video__image\" href=\"https:\/\/vimeo.com\/manage\/videos\/375907710?fl=pl&#038;fe=ti\" style=\"background-image:url('https:\/\/orthopedics.southcoast.org\/wp-content\/uploads\/sites\/4\/2025\/08\/Quad-Sets.png');\">\n                            <div class=\"overLayVideo\"><\/div>\n                            <i class=\"fa-solid fa-circle-play\"><\/i>\n                        <\/a>\n                        <h2 class=\"video__title\">Conjuntos qu\u00e1druplos<\/h2>\n                                    <\/div>\n                            <div class=\"col-xs-12 col-sm-6 col-grid video__item\">\n                                                                    <a title=\"abrir v\u00eddeo num popup\" class=\"popup-vimeo video__image\" href=\"https:\/\/vimeo.com\/manage\/videos\/375907710?fl=pl&#038;fe=ti\" style=\"background-image:url('https:\/\/orthopedics.southcoast.org\/wp-content\/uploads\/sites\/4\/2025\/08\/Gluteal-Sets.png');\">\n                            <div class=\"overLayVideo\"><\/div>\n                            <i class=\"fa-solid fa-circle-play\"><\/i>\n                        <\/a>\n                        <h2 class=\"video__title\">Conjuntos de gl\u00fateos<\/h2>\n                                    <\/div>\n                            <div class=\"col-xs-12 col-sm-6 col-grid video__item\">\n                                                                    <a title=\"abrir v\u00eddeo num popup\" class=\"popup-vimeo video__image\" href=\"https:\/\/vimeo.com\/manage\/videos\/375906998?fl=pl&#038;fe=ti\" style=\"background-image:url('https:\/\/orthopedics.southcoast.org\/wp-content\/uploads\/sites\/4\/2025\/08\/Hamstring-Isometrics.png');\">\n                            <div class=\"overLayVideo\"><\/div>\n                            <i class=\"fa-solid fa-circle-play\"><\/i>\n                        <\/a>\n                        <h2 class=\"video__title\">Isometria dos isquiotibiais<\/h2>\n                                    <\/div>\n                            <div class=\"col-xs-12 col-sm-6 col-grid video__item\">\n                                                                    <a title=\"abrir v\u00eddeo num popup\" class=\"popup-vimeo video__image\" href=\"https:\/\/vimeo.com\/manage\/videos\/375907293?fl=pl&#038;fe=ti\" style=\"background-image:url('https:\/\/orthopedics.southcoast.org\/wp-content\/uploads\/sites\/4\/2025\/08\/Heel-Slides.png');\">\n                            <div class=\"overLayVideo\"><\/div>\n                            <i class=\"fa-solid fa-circle-play\"><\/i>\n                        <\/a>\n                        <h2 class=\"video__title\">Calcanhar Slides<\/h2>\n                                    <\/div>\n                            <div class=\"col-xs-12 col-sm-6 col-grid video__item\">\n                                                                    <a title=\"abrir v\u00eddeo num popup\" class=\"popup-vimeo video__image\" href=\"https:\/\/vimeo.com\/manage\/videos\/375909636?fl=pl&#038;fe=ti\" style=\"background-image:url('https:\/\/orthopedics.southcoast.org\/wp-content\/uploads\/sites\/4\/2025\/08\/Straight-Leg-Raise.png');\">\n                            <div class=\"overLayVideo\"><\/div>\n                            <i class=\"fa-solid fa-circle-play\"><\/i>\n                        <\/a>\n                        <h2 class=\"video__title\">Eleva\u00e7\u00e3o da perna direita<\/h2>\n                                    <\/div>\n                            <div class=\"col-xs-12 col-sm-6 col-grid video__item\">\n                                                                    <a title=\"abrir v\u00eddeo num popup\" class=\"popup-vimeo video__image\" href=\"https:\/\/vimeo.com\/manage\/videos\/375908405?fl=pl&#038;fe=ti\" style=\"background-image:url('https:\/\/orthopedics.southcoast.org\/wp-content\/uploads\/sites\/4\/2025\/08\/Short-Arc-Quads.png');\">\n                            <div class=\"overLayVideo\"><\/div>\n                            <i class=\"fa-solid fa-circle-play\"><\/i>\n                        <\/a>\n                        <h2 class=\"video__title\">Quadriciclos de arco curto<\/h2>\n                                    <\/div>\n                            <div class=\"col-xs-12 col-sm-6 col-grid video__item\">\n                                                                    <a title=\"abrir v\u00eddeo num popup\" class=\"popup-vimeo video__image\" href=\"https:\/\/vimeo.com\/manage\/videos\/375910123?fl=pl&#038;fe=ti\" style=\"background-image:url('https:\/\/orthopedics.southcoast.org\/wp-content\/uploads\/sites\/4\/2025\/08\/Bridging.png');\">\n                            <div class=\"overLayVideo\"><\/div>\n                            <i class=\"fa-solid fa-circle-play\"><\/i>\n                        <\/a>\n                        <h2 class=\"video__title\">Ponte<\/h2>\n                                    <\/div>\n                            <div class=\"col-xs-12 col-sm-6 col-grid video__item\">\n                                                                    <a title=\"abrir v\u00eddeo num popup\" class=\"popup-vimeo video__image\" href=\"https:\/\/vimeo.com\/manage\/videos\/375909827?fl=pl&#038;fe=ti\" style=\"background-image:url('https:\/\/orthopedics.southcoast.org\/wp-content\/uploads\/sites\/4\/2025\/08\/Supine-Hip-Abduction.png');\">\n                            <div class=\"overLayVideo\"><\/div>\n                            <i class=\"fa-solid fa-circle-play\"><\/i>\n                        <\/a>\n                        <h2 class=\"video__title\">Abdu\u00e7\u00e3o da anca em dec\u00fabito dorsal<\/h2>\n                                    <\/div>\n                            <div class=\"col-xs-12 col-sm-6 col-grid video__item\">\n                                                                    <a title=\"abrir v\u00eddeo num popup\" class=\"popup-vimeo video__image\" href=\"https:\/\/vimeo.com\/manage\/videos\/375908226?fl=pl&#038;fe=ti\" style=\"background-image:url('https:\/\/orthopedics.southcoast.org\/wp-content\/uploads\/sites\/4\/2025\/08\/Seated-Long-Arc.png');\">\n                            <div class=\"overLayVideo\"><\/div>\n                            <i class=\"fa-solid fa-circle-play\"><\/i>\n                        <\/a>\n                        <h2 class=\"video__title\">Arco longo sentado<\/h2>\n                                    <\/div>\n                            <div class=\"col-xs-12 col-sm-6 col-grid video__item\">\n                                                                    <a title=\"abrir v\u00eddeo num popup\" class=\"popup-vimeo video__image\" href=\"https:\/\/vimeo.com\/manage\/videos\/375910358?fl=pl&#038;fe=ti\" style=\"background-image:url('https:\/\/orthopedics.southcoast.org\/wp-content\/uploads\/sites\/4\/2025\/08\/Chair-Push-Up.png');\">\n                            <div class=\"overLayVideo\"><\/div>\n                            <i class=\"fa-solid fa-circle-play\"><\/i>\n                        <\/a>\n                        <h2 class=\"video__title\">Flex\u00e3o na cadeira<\/h2>\n                                    <\/div>\n                            <div class=\"col-xs-12 col-sm-6 col-grid video__item\">\n                                                                    <a title=\"abrir v\u00eddeo num popup\" class=\"popup-vimeo video__image\" href=\"https:\/\/vimeo.com\/manage\/videos\/375908586?fl=pl&#038;fe=ti\" style=\"background-image:url('https:\/\/orthopedics.southcoast.org\/wp-content\/uploads\/sites\/4\/2025\/08\/Sit-to-Stand.png');\">\n                            <div class=\"overLayVideo\"><\/div>\n                            <i class=\"fa-solid fa-circle-play\"><\/i>\n                        <\/a>\n                        <h2 class=\"video__title\">De sentado para de p\u00e9<\/h2>\n                                    <\/div>\n                            <div class=\"col-xs-12 col-sm-6 col-grid video__item\">\n                                                                    <a title=\"abrir v\u00eddeo num popup\" class=\"popup-vimeo video__image\" href=\"https:\/\/vimeo.com\/manage\/videos\/375909131?fl=pl&#038;fe=ti\" style=\"background-image:url('https:\/\/orthopedics.southcoast.org\/wp-content\/uploads\/sites\/4\/2025\/08\/Standing-Hip-Flexion.png');\">\n                            <div class=\"overLayVideo\"><\/div>\n                            <i class=\"fa-solid fa-circle-play\"><\/i>\n                        <\/a>\n                        <h2 class=\"video__title\">Flex\u00e3o da anca em p\u00e9<\/h2>\n                                    <\/div>\n                            <div class=\"col-xs-12 col-sm-6 col-grid video__item\">\n                                                                    <a title=\"abrir v\u00eddeo num popup\" class=\"popup-vimeo video__image\" href=\"https:\/\/vimeo.com\/manage\/videos\/375909827?fl=pl&#038;fe=ti\" style=\"background-image:url('https:\/\/orthopedics.southcoast.org\/wp-content\/uploads\/sites\/4\/2025\/08\/Supine-Hip-Abduction.png');\">\n                            <div class=\"overLayVideo\"><\/div>\n                            <i class=\"fa-solid fa-circle-play\"><\/i>\n                        <\/a>\n                        <h2 class=\"video__title\">Abdu\u00e7\u00e3o da anca em dec\u00fabito dorsal<\/h2>\n                                    <\/div>\n                        <\/div>\n<\/div>\n<\/div>","protected":false},"excerpt":{"rendered":"","protected":false},"author":23,"featured_media":0,"parent":0,"menu_order":0,"comment_status":"closed","ping_status":"closed","template":"","meta":{"_acf_changed":false,"footnotes":""},"class_list":["post-3084","page","type-page","status-publish","hentry"],"acf":[],"yoast_head":"<!-- This site is optimized with the Yoast SEO plugin v26.0 - https:\/\/yoast.com\/wordpress\/plugins\/seo\/ -->\n<title>Prehab Total Hip Exercises - Orthopedics<\/title>\n<meta name=\"robots\" content=\"index, follow, max-snippet:-1, max-image-preview:large, max-video-preview:-1\" \/>\n<link rel=\"canonical\" href=\"https:\/\/orthopedics.southcoast.org\/pt\/prehab-total-hip-exercises\/\" \/>\n<meta property=\"og:locale\" content=\"pt_PT\" \/>\n<meta property=\"og:type\" content=\"article\" \/>\n<meta property=\"og:title\" content=\"Prehab Total Hip Exercises - Orthopedics\" \/>\n<meta property=\"og:url\" content=\"https:\/\/orthopedics.southcoast.org\/pt\/prehab-total-hip-exercises\/\" \/>\n<meta property=\"og:site_name\" content=\"Orthopedics\" \/>\n<meta property=\"article:modified_time\" content=\"2025-08-15T20:59:58+00:00\" \/>\n<meta name=\"twitter:card\" content=\"summary_large_image\" \/>\n<script type=\"application\/ld+json\" class=\"yoast-schema-graph\">{\"@context\":\"https:\/\/schema.org\",\"@graph\":[{\"@type\":\"WebPage\",\"@id\":\"https:\/\/orthopedics.southcoast.org\/prehab-total-hip-exercises\/\",\"url\":\"https:\/\/orthopedics.southcoast.org\/prehab-total-hip-exercises\/\",\"name\":\"Prehab Total Hip Exercises - Orthopedics\",\"isPartOf\":{\"@id\":\"https:\/\/orthopedics.southcoast.org\/#website\"},\"datePublished\":\"2025-08-15T20:58:58+00:00\",\"dateModified\":\"2025-08-15T20:59:58+00:00\",\"breadcrumb\":{\"@id\":\"https:\/\/orthopedics.southcoast.org\/prehab-total-hip-exercises\/#breadcrumb\"},\"inLanguage\":\"pt-PT\",\"potentialAction\":[{\"@type\":\"ReadAction\",\"target\":[\"https:\/\/orthopedics.southcoast.org\/prehab-total-hip-exercises\/\"]}]},{\"@type\":\"BreadcrumbList\",\"@id\":\"https:\/\/orthopedics.southcoast.org\/prehab-total-hip-exercises\/#breadcrumb\",\"itemListElement\":[{\"@type\":\"ListItem\",\"position\":1,\"name\":\"\",\"item\":\"https:\/\/orthopedics.southcoast.org\/\"},{\"@type\":\"ListItem\",\"position\":2,\"name\":\"Prehab Total Hip Exercises\"}]},{\"@type\":\"WebSite\",\"@id\":\"https:\/\/orthopedics.southcoast.org\/#website\",\"url\":\"https:\/\/orthopedics.southcoast.org\/\",\"name\":\"Orthopedics\",\"description\":\"\",\"potentialAction\":[{\"@type\":\"SearchAction\",\"target\":{\"@type\":\"EntryPoint\",\"urlTemplate\":\"https:\/\/orthopedics.southcoast.org\/?s={search_term_string}\"},\"query-input\":{\"@type\":\"PropertyValueSpecification\",\"valueRequired\":true,\"valueName\":\"search_term_string\"}}],\"inLanguage\":\"pt-PT\"}]}<\/script>\n<!-- \/ Yoast SEO plugin. -->","yoast_head_json":{"title":"Prehab Total Hip Exercises - Orthopedics","robots":{"index":"index","follow":"follow","max-snippet":"max-snippet:-1","max-image-preview":"max-image-preview:large","max-video-preview":"max-video-preview:-1"},"canonical":"https:\/\/orthopedics.southcoast.org\/pt\/prehab-total-hip-exercises\/","og_locale":"pt_PT","og_type":"article","og_title":"Prehab Total Hip Exercises - Orthopedics","og_url":"https:\/\/orthopedics.southcoast.org\/pt\/prehab-total-hip-exercises\/","og_site_name":"Orthopedics","article_modified_time":"2025-08-15T20:59:58+00:00","twitter_card":"summary_large_image","schema":{"@context":"https:\/\/schema.org","@graph":[{"@type":"WebPage","@id":"https:\/\/orthopedics.southcoast.org\/prehab-total-hip-exercises\/","url":"https:\/\/orthopedics.southcoast.org\/prehab-total-hip-exercises\/","name":"Prehab Total Hip Exercises - Orthopedics","isPartOf":{"@id":"https:\/\/orthopedics.southcoast.org\/#website"},"datePublished":"2025-08-15T20:58:58+00:00","dateModified":"2025-08-15T20:59:58+00:00","breadcrumb":{"@id":"https:\/\/orthopedics.southcoast.org\/prehab-total-hip-exercises\/#breadcrumb"},"inLanguage":"pt-PT","potentialAction":[{"@type":"ReadAction","target":["https:\/\/orthopedics.southcoast.org\/prehab-total-hip-exercises\/"]}]},{"@type":"BreadcrumbList","@id":"https:\/\/orthopedics.southcoast.org\/prehab-total-hip-exercises\/#breadcrumb","itemListElement":[{"@type":"ListItem","position":1,"name":"","item":"https:\/\/orthopedics.southcoast.org\/"},{"@type":"ListItem","position":2,"name":"Prehab Total Hip Exercises"}]},{"@type":"WebSite","@id":"https:\/\/orthopedics.southcoast.org\/#website","url":"https:\/\/orthopedics.southcoast.org\/","name":"Ortopedia","description":"","potentialAction":[{"@type":"SearchAction","target":{"@type":"EntryPoint","urlTemplate":"https:\/\/orthopedics.southcoast.org\/?s={search_term_string}"},"query-input":{"@type":"PropertyValueSpecification","valueRequired":true,"valueName":"search_term_string"}}],"inLanguage":"pt-PT"}]}},"_links":{"self":[{"href":"https:\/\/orthopedics.southcoast.org\/pt\/wp-json\/wp\/v2\/pages\/3084","targetHints":{"allow":["GET"]}}],"collection":[{"href":"https:\/\/orthopedics.southcoast.org\/pt\/wp-json\/wp\/v2\/pages"}],"about":[{"href":"https:\/\/orthopedics.southcoast.org\/pt\/wp-json\/wp\/v2\/types\/page"}],"author":[{"embeddable":true,"href":"https:\/\/orthopedics.southcoast.org\/pt\/wp-json\/wp\/v2\/users\/23"}],"replies":[{"embeddable":true,"href":"https:\/\/orthopedics.southcoast.org\/pt\/wp-json\/wp\/v2\/comments?post=3084"}],"version-history":[{"count":6,"href":"https:\/\/orthopedics.southcoast.org\/pt\/wp-json\/wp\/v2\/pages\/3084\/revisions"}],"predecessor-version":[{"id":3090,"href":"https:\/\/orthopedics.southcoast.org\/pt\/wp-json\/wp\/v2\/pages\/3084\/revisions\/3090"}],"wp:attachment":[{"href":"https:\/\/orthopedics.southcoast.org\/pt\/wp-json\/wp\/v2\/media?parent=3084"}],"curies":[{"name":"wp","href":"https:\/\/api.w.org\/{rel}","templated":true}]}}